{"id":2060,"date":"2022-03-12T15:07:42","date_gmt":"2022-03-12T08:07:42","guid":{"rendered":"https:\/\/chuparty.vn\/?post_type=product&#038;p=2060"},"modified":"2024-03-12T10:33:46","modified_gmt":"2024-03-12T03:33:46","slug":"day-garland-fruits-s","status":"publish","type":"product","link":"https:\/\/chuparty.vn\/?product=day-garland-fruits-s","title":{"rendered":"D\u00c2Y GARLAND FRUITS MINI"},"content":{"rendered":"<p>Quy c\u00e1ch \u0111\u00f3ng g\u00f3i: \/t\u00fai<br \/>\nCh\u1ea5t li\u1ec7u: gi\u1ea5y m\u00e0u<br \/>\nM\u00e0u s\u1eafc: gold<br \/>\nK\u00edch th\u01b0\u1edbc:<\/p>\n","protected":false},"excerpt":{"rendered":"<p>Quy c\u00e1ch \u0111\u00f3ng g\u00f3i: \/t\u00fai Ch\u1ea5t li\u1ec7u: gi\u1ea5y m\u00e0u M\u00e0u s\u1eafc: gold K\u00edch th\u01b0\u1edbc:<\/p>\n","protected":false},"featured_media":2061,"comment_status":"open","ping_status":"closed","template":"","meta":[],"product_cat":[327],"product_tag":[328],"class_list":{"0":"post-2060","1":"product","2":"type-product","3":"status-publish","4":"has-post-thumbnail","6":"product_cat-day-treo-garland","7":"product_tag-garland","9":"first","10":"instock","11":"shipping-taxable","12":"purchasable","13":"product-type-simple"},"_links":{"self":[{"href":"https:\/\/chuparty.vn\/index.php?rest_route=\/wp\/v2\/product\/2060","targetHints":{"allow":["GET"]}}],"collection":[{"href":"https:\/\/chuparty.vn\/index.php?rest_route=\/wp\/v2\/product"}],"about":[{"href":"https:\/\/chuparty.vn\/index.php?rest_route=\/wp\/v2\/types\/product"}],"replies":[{"embeddable":true,"href":"https:\/\/chuparty.vn\/index.php?rest_route=%2Fwp%2Fv2%2Fcomments&post=2060"}],"wp:featuredmedia":[{"embeddable":true,"href":"https:\/\/chuparty.vn\/index.php?rest_route=\/wp\/v2\/media\/2061"}],"wp:attachment":[{"href":"https:\/\/chuparty.vn\/index.php?rest_route=%2Fwp%2Fv2%2Fmedia&parent=2060"}],"wp:term":[{"taxonomy":"product_cat","embeddable":true,"href":"https:\/\/chuparty.vn\/index.php?rest_route=%2Fwp%2Fv2%2Fproduct_cat&post=2060"},{"taxonomy":"product_tag","embeddable":true,"href":"https:\/\/chuparty.vn\/index.php?rest_route=%2Fwp%2Fv2%2Fproduct_tag&post=2060"}],"curies":[{"name":"wp","href":"https:\/\/api.w.org\/{rel}","templated":true}]}}