{"id":2038,"date":"2022-03-12T12:35:53","date_gmt":"2022-03-12T05:35:53","guid":{"rendered":"https:\/\/chuparty.vn\/?post_type=product&#038;p=2038"},"modified":"2025-09-17T16:48:38","modified_gmt":"2025-09-17T09:48:38","slug":"cam-banh-chu-one","status":"publish","type":"product","link":"https:\/\/chuparty.vn\/?product=cam-banh-chu-one","title":{"rendered":"C\u1eaeM B\u00c1NH CH\u1eee ONE"},"content":{"rendered":"","protected":false},"excerpt":{"rendered":"<p><strong>Th\u00f4ng tin s\u1ea3n ph\u1ea9m:<\/strong><\/p>\n<p>Ch\u1ea5t li\u1ec7u: Gi\u1ea5y m\u00e0u<br \/>\nM\u00e0u s\u1eafc: Gold, b\u1ea1c<br \/>\nK\u00edch th\u01b0\u1edbc: 13cm * 5.2cm<br \/>\nQuy c\u00e1ch \u0111\u00f3ng g\u00f3i: 1 ch\u1eef ONE \/ set<\/p>\n","protected":false},"featured_media":2325,"comment_status":"open","ping_status":"closed","template":"","meta":[],"product_cat":[510,137,325,28],"product_tag":[134,326],"class_list":{"0":"post-2038","1":"product","2":"type-product","3":"status-publish","4":"has-post-thumbnail","6":"product_cat-sale-off-70","7":"product_cat-1st-birthday","8":"product_cat-tag-cam-banh","9":"product_cat-sale","10":"product_tag-1st-birthday","11":"product_tag-cake-topper","13":"first","14":"instock","15":"sale","16":"shipping-taxable","17":"purchasable","18":"product-type-simple"},"_links":{"self":[{"href":"https:\/\/chuparty.vn\/index.php?rest_route=\/wp\/v2\/product\/2038","targetHints":{"allow":["GET"]}}],"collection":[{"href":"https:\/\/chuparty.vn\/index.php?rest_route=\/wp\/v2\/product"}],"about":[{"href":"https:\/\/chuparty.vn\/index.php?rest_route=\/wp\/v2\/types\/product"}],"replies":[{"embeddable":true,"href":"https:\/\/chuparty.vn\/index.php?rest_route=%2Fwp%2Fv2%2Fcomments&post=2038"}],"wp:featuredmedia":[{"embeddable":true,"href":"https:\/\/chuparty.vn\/index.php?rest_route=\/wp\/v2\/media\/2325"}],"wp:attachment":[{"href":"https:\/\/chuparty.vn\/index.php?rest_route=%2Fwp%2Fv2%2Fmedia&parent=2038"}],"wp:term":[{"taxonomy":"product_cat","embeddable":true,"href":"https:\/\/chuparty.vn\/index.php?rest_route=%2Fwp%2Fv2%2Fproduct_cat&post=2038"},{"taxonomy":"product_tag","embeddable":true,"href":"https:\/\/chuparty.vn\/index.php?rest_route=%2Fwp%2Fv2%2Fproduct_tag&post=2038"}],"curies":[{"name":"wp","href":"https:\/\/api.w.org\/{rel}","templated":true}]}}