{"id":2006,"date":"2022-03-12T12:06:41","date_gmt":"2022-03-12T05:06:41","guid":{"rendered":"https:\/\/chuparty.vn\/?post_type=product&#038;p=2006"},"modified":"2025-06-09T12:02:37","modified_gmt":"2025-06-09T05:02:37","slug":"cam-banh-day-happy-birthday-den","status":"publish","type":"product","link":"https:\/\/chuparty.vn\/?product=cam-banh-day-happy-birthday-den","title":{"rendered":"C\u1eaeM B\u00c1NH D\u00c2Y HAPPY BIRTHDAY \u0110EN"},"content":{"rendered":"<p>Quy c\u00e1ch \u0111\u00f3ng g\u00f3i: 13 ch\u1eef\/t\u00fai<br \/>\nCh\u1ea5t li\u1ec7u: gi\u1ea5y<br \/>\nM\u00e0u s\u1eafc: c\u00f3 3 m\u00e0u: \u0111en, xanh d\u01b0\u01a1ng, h\u1ed3ng<br \/>\nK\u00edch th\u01b0\u1edbc:<\/p>\n","protected":false},"excerpt":{"rendered":"<p>Quy c\u00e1ch \u0111\u00f3ng g\u00f3i: 13 ch\u1eef\/t\u00fai Ch\u1ea5t li\u1ec7u: gi\u1ea5y M\u00e0u s\u1eafc: c\u00f3 3 m\u00e0u: \u0111en, xanh d\u01b0\u01a1ng, h\u1ed3ng K\u00edch th\u01b0\u1edbc:<\/p>\n","protected":false},"featured_media":2007,"comment_status":"open","ping_status":"closed","template":"","meta":[],"product_cat":[492,325],"product_tag":[326],"class_list":{"0":"post-2006","1":"product","2":"type-product","3":"status-publish","4":"has-post-thumbnail","6":"product_cat-black-white","7":"product_cat-tag-cam-banh","8":"product_tag-cake-topper","10":"first","11":"instock","12":"shipping-taxable","13":"purchasable","14":"product-type-simple"},"_links":{"self":[{"href":"https:\/\/chuparty.vn\/index.php?rest_route=\/wp\/v2\/product\/2006","targetHints":{"allow":["GET"]}}],"collection":[{"href":"https:\/\/chuparty.vn\/index.php?rest_route=\/wp\/v2\/product"}],"about":[{"href":"https:\/\/chuparty.vn\/index.php?rest_route=\/wp\/v2\/types\/product"}],"replies":[{"embeddable":true,"href":"https:\/\/chuparty.vn\/index.php?rest_route=%2Fwp%2Fv2%2Fcomments&post=2006"}],"wp:featuredmedia":[{"embeddable":true,"href":"https:\/\/chuparty.vn\/index.php?rest_route=\/wp\/v2\/media\/2007"}],"wp:attachment":[{"href":"https:\/\/chuparty.vn\/index.php?rest_route=%2Fwp%2Fv2%2Fmedia&parent=2006"}],"wp:term":[{"taxonomy":"product_cat","embeddable":true,"href":"https:\/\/chuparty.vn\/index.php?rest_route=%2Fwp%2Fv2%2Fproduct_cat&post=2006"},{"taxonomy":"product_tag","embeddable":true,"href":"https:\/\/chuparty.vn\/index.php?rest_route=%2Fwp%2Fv2%2Fproduct_tag&post=2006"}],"curies":[{"name":"wp","href":"https:\/\/api.w.org\/{rel}","templated":true}]}}