{"id":1981,"date":"2022-03-12T11:50:02","date_gmt":"2022-03-12T04:50:02","guid":{"rendered":"https:\/\/chuparty.vn\/?post_type=product&#038;p=1981"},"modified":"2026-03-10T16:08:49","modified_gmt":"2026-03-10T09:08:49","slug":"cam-banh-happy-birthday","status":"publish","type":"product","link":"https:\/\/chuparty.vn\/?product=cam-banh-happy-birthday","title":{"rendered":"C\u1eaeM B\u00c1NH HAPPY BIRTHDAY GOLD"},"content":{"rendered":"<p>Quy c\u00e1ch \u0111\u00f3ng g\u00f3i: 1 c\u00e1i\/t\u00fai<br \/>\nCh\u1ea5t li\u1ec7u: nh\u1ef1a c\u1ee9ng<br \/>\nM\u00e0u s\u1eafc: c\u00f3 3 m\u00e0u: gold, xanh d\u01b0\u01a1ng, h\u1ed3ng<br \/>\nK\u00edch th\u01b0\u1edbc:<\/p>\n","protected":false},"excerpt":{"rendered":"<p>Quy c\u00e1ch \u0111\u00f3ng g\u00f3i: 1 c\u00e1i\/t\u00fai Ch\u1ea5t li\u1ec7u: nh\u1ef1a c\u1ee9ng M\u00e0u s\u1eafc: c\u00f3 3 m\u00e0u: gold, xanh d\u01b0\u01a1ng, h\u1ed3ng K\u00edch th\u01b0\u1edbc:<\/p>\n","protected":false},"featured_media":1984,"comment_status":"open","ping_status":"closed","template":"","meta":[],"product_cat":[512,325,28],"product_tag":[326],"class_list":{"0":"post-1981","1":"product","2":"type-product","3":"status-publish","4":"has-post-thumbnail","6":"product_cat-sale-off-30","7":"product_cat-tag-cam-banh","8":"product_cat-sale","9":"product_tag-cake-topper","11":"first","12":"instock","13":"sale","14":"shipping-taxable","15":"purchasable","16":"product-type-simple"},"_links":{"self":[{"href":"https:\/\/chuparty.vn\/index.php?rest_route=\/wp\/v2\/product\/1981","targetHints":{"allow":["GET"]}}],"collection":[{"href":"https:\/\/chuparty.vn\/index.php?rest_route=\/wp\/v2\/product"}],"about":[{"href":"https:\/\/chuparty.vn\/index.php?rest_route=\/wp\/v2\/types\/product"}],"replies":[{"embeddable":true,"href":"https:\/\/chuparty.vn\/index.php?rest_route=%2Fwp%2Fv2%2Fcomments&post=1981"}],"wp:featuredmedia":[{"embeddable":true,"href":"https:\/\/chuparty.vn\/index.php?rest_route=\/wp\/v2\/media\/1984"}],"wp:attachment":[{"href":"https:\/\/chuparty.vn\/index.php?rest_route=%2Fwp%2Fv2%2Fmedia&parent=1981"}],"wp:term":[{"taxonomy":"product_cat","embeddable":true,"href":"https:\/\/chuparty.vn\/index.php?rest_route=%2Fwp%2Fv2%2Fproduct_cat&post=1981"},{"taxonomy":"product_tag","embeddable":true,"href":"https:\/\/chuparty.vn\/index.php?rest_route=%2Fwp%2Fv2%2Fproduct_tag&post=1981"}],"curies":[{"name":"wp","href":"https:\/\/api.w.org\/{rel}","templated":true}]}}