{"id":1964,"date":"2022-03-12T11:17:43","date_gmt":"2022-03-12T04:17:43","guid":{"rendered":"https:\/\/chuparty.vn\/?post_type=product&#038;p=1964"},"modified":"2025-09-17T17:16:24","modified_gmt":"2025-09-17T10:16:24","slug":"set-nen-happy-birthday-den","status":"publish","type":"product","link":"https:\/\/chuparty.vn\/?product=set-nen-happy-birthday-den","title":{"rendered":"SET N\u1ebeN HAPPY BIRTHDAY \u0110EN"},"content":{"rendered":"<p>Quy c\u00e1ch \u0111\u00f3ng g\u00f3i: 13 n\u1ebfn ch\u1eef\/ set<br \/>\nCh\u1ea5t li\u1ec7u: parafin<br \/>\nK\u00edch th\u01b0\u1edbc:<\/p>\n","protected":false},"excerpt":{"rendered":"<p>Quy c\u00e1ch \u0111\u00f3ng g\u00f3i: 13 n\u1ebfn ch\u1eef\/ set Ch\u1ea5t li\u1ec7u: parafin K\u00edch th\u01b0\u1edbc:<\/p>\n","protected":false},"featured_media":1966,"comment_status":"open","ping_status":"closed","template":"","meta":[],"product_cat":[511,492,501,94,28],"product_tag":[98],"class_list":{"0":"post-1964","1":"product","2":"type-product","3":"status-publish","4":"has-post-thumbnail","6":"product_cat-sale-of-50","7":"product_cat-black-white","8":"product_cat-sport","9":"product_cat-nen-sinh-nhat","10":"product_cat-sale","11":"product_tag-nen","13":"first","14":"instock","15":"sale","16":"shipping-taxable","17":"purchasable","18":"product-type-simple"},"_links":{"self":[{"href":"https:\/\/chuparty.vn\/index.php?rest_route=\/wp\/v2\/product\/1964","targetHints":{"allow":["GET"]}}],"collection":[{"href":"https:\/\/chuparty.vn\/index.php?rest_route=\/wp\/v2\/product"}],"about":[{"href":"https:\/\/chuparty.vn\/index.php?rest_route=\/wp\/v2\/types\/product"}],"replies":[{"embeddable":true,"href":"https:\/\/chuparty.vn\/index.php?rest_route=%2Fwp%2Fv2%2Fcomments&post=1964"}],"wp:featuredmedia":[{"embeddable":true,"href":"https:\/\/chuparty.vn\/index.php?rest_route=\/wp\/v2\/media\/1966"}],"wp:attachment":[{"href":"https:\/\/chuparty.vn\/index.php?rest_route=%2Fwp%2Fv2%2Fmedia&parent=1964"}],"wp:term":[{"taxonomy":"product_cat","embeddable":true,"href":"https:\/\/chuparty.vn\/index.php?rest_route=%2Fwp%2Fv2%2Fproduct_cat&post=1964"},{"taxonomy":"product_tag","embeddable":true,"href":"https:\/\/chuparty.vn\/index.php?rest_route=%2Fwp%2Fv2%2Fproduct_tag&post=1964"}],"curies":[{"name":"wp","href":"https:\/\/api.w.org\/{rel}","templated":true}]}}