{"id":1953,"date":"2022-03-12T11:10:12","date_gmt":"2022-03-12T04:10:12","guid":{"rendered":"https:\/\/chuparty.vn\/?post_type=product&#038;p=1953"},"modified":"2025-09-17T17:16:01","modified_gmt":"2025-09-17T10:16:01","slug":"set-nen-happy-birthday-pastel","status":"publish","type":"product","link":"https:\/\/chuparty.vn\/?product=set-nen-happy-birthday-pastel","title":{"rendered":"SET N\u1ebeN HAPPY BIRTHDAY PASTEL"},"content":{"rendered":"<p>Quy c\u00e1ch \u0111\u00f3ng g\u00f3i: 13 c\u00e2y\/ set<br \/>\nCh\u1ea5t li\u1ec7u: parafin<br \/>\nK\u00edch th\u01b0\u1edbc:<\/p>\n","protected":false},"excerpt":{"rendered":"<p>Quy c\u00e1ch \u0111\u00f3ng g\u00f3i: 13 c\u00e2y\/ set Ch\u1ea5t li\u1ec7u: parafin K\u00edch th\u01b0\u1edbc:<\/p>\n","protected":false},"featured_media":1958,"comment_status":"open","ping_status":"closed","template":"","meta":[],"product_cat":[511,491,269,137,94,28],"product_tag":[134,98,161],"class_list":{"0":"post-1953","1":"product","2":"type-product","3":"status-publish","4":"has-post-thumbnail","6":"product_cat-sale-of-50","7":"product_cat-macaron","8":"product_cat-unicorn","9":"product_cat-1st-birthday","10":"product_cat-nen-sinh-nhat","11":"product_cat-sale","12":"product_tag-1st-birthday","13":"product_tag-nen","14":"product_tag-unicorn","16":"first","17":"instock","18":"sale","19":"shipping-taxable","20":"purchasable","21":"product-type-simple"},"_links":{"self":[{"href":"https:\/\/chuparty.vn\/index.php?rest_route=\/wp\/v2\/product\/1953","targetHints":{"allow":["GET"]}}],"collection":[{"href":"https:\/\/chuparty.vn\/index.php?rest_route=\/wp\/v2\/product"}],"about":[{"href":"https:\/\/chuparty.vn\/index.php?rest_route=\/wp\/v2\/types\/product"}],"replies":[{"embeddable":true,"href":"https:\/\/chuparty.vn\/index.php?rest_route=%2Fwp%2Fv2%2Fcomments&post=1953"}],"wp:featuredmedia":[{"embeddable":true,"href":"https:\/\/chuparty.vn\/index.php?rest_route=\/wp\/v2\/media\/1958"}],"wp:attachment":[{"href":"https:\/\/chuparty.vn\/index.php?rest_route=%2Fwp%2Fv2%2Fmedia&parent=1953"}],"wp:term":[{"taxonomy":"product_cat","embeddable":true,"href":"https:\/\/chuparty.vn\/index.php?rest_route=%2Fwp%2Fv2%2Fproduct_cat&post=1953"},{"taxonomy":"product_tag","embeddable":true,"href":"https:\/\/chuparty.vn\/index.php?rest_route=%2Fwp%2Fv2%2Fproduct_tag&post=1953"}],"curies":[{"name":"wp","href":"https:\/\/api.w.org\/{rel}","templated":true}]}}