{"id":1924,"date":"2022-03-11T16:26:17","date_gmt":"2022-03-11T09:26:17","guid":{"rendered":"https:\/\/chuparty.vn\/?post_type=product&#038;p=1924"},"modified":"2024-03-26T10:22:59","modified_gmt":"2024-03-26T03:22:59","slug":"day-streamer-celebrate","status":"publish","type":"product","link":"https:\/\/chuparty.vn\/?product=day-streamer-celebrate","title":{"rendered":"D\u00c2Y STREAMER CELEBRATE"},"content":{"rendered":"<p><strong>Chi ti\u1ebft s\u1ea3n ph\u1ea9m<\/strong><\/p>\n<ul>\n<li>K\u00edch th\u01b0\u1edbc: 25m * 4,5cm * 3 cu\u1ed9n<\/li>\n<li>Ch\u1ea5t li\u1ec7u: gi\u1ea5y m\u00e0u<\/li>\n<li>M\u00e0u s\u1eafc: 3 m\u00e0u<\/li>\n<li>C\u00e1ch th\u1ee9c \u0111\u00f3ng g\u00f3i : 3 cu\u1ed9n\/t\u00fai\n<p><img loading=\"lazy\" decoding=\"async\" class=\"alignnone wp-image-1849\" src=\"https:\/\/chuparty.vn\/wp-content\/uploads\/2022\/03\/il_794xN.2559693631_o9na-486x420.jpg\" alt=\"\" width=\"284\" height=\"245\" srcset=\"https:\/\/chuparty.vn\/wp-content\/uploads\/2022\/03\/il_794xN.2559693631_o9na-486x420.jpg 486w, https:\/\/chuparty.vn\/wp-content\/uploads\/2022\/03\/il_794xN.2559693631_o9na-586x506.jpg 586w, https:\/\/chuparty.vn\/wp-content\/uploads\/2022\/03\/il_794xN.2559693631_o9na-768x664.jpg 768w, https:\/\/chuparty.vn\/wp-content\/uploads\/2022\/03\/il_794xN.2559693631_o9na.jpg 794w\" sizes=\"auto, (max-width: 284px) 100vw, 284px\" \/><\/li>\n<\/ul>\n","protected":false},"excerpt":{"rendered":"<p>Chi ti\u1ebft s\u1ea3n ph\u1ea9m K\u00edch th\u01b0\u1edbc: 25m * 4,5cm * 3 cu\u1ed9n Ch\u1ea5t li\u1ec7u: gi\u1ea5y m\u00e0u M\u00e0u s\u1eafc: 3 m\u00e0u C\u00e1ch th\u1ee9c \u0111\u00f3ng g\u00f3i : 3 cu\u1ed9n\/t\u00fai<\/p>\n","protected":false},"featured_media":1925,"comment_status":"open","ping_status":"closed","template":"","meta":[],"product_cat":[109,468,147,392],"product_tag":[146,30,317],"class_list":{"0":"post-1924","1":"product","2":"type-product","3":"status-publish","4":"has-post-thumbnail","6":"product_cat-new-year","7":"product_cat-banner-garland-new-year","8":"product_cat-backdrop","9":"product_cat-streamer","10":"product_tag-backdrop","11":"product_tag-new-year","12":"product_tag-streamer","14":"first","15":"instock","16":"shipping-taxable","17":"purchasable","18":"product-type-simple"},"_links":{"self":[{"href":"https:\/\/chuparty.vn\/index.php?rest_route=\/wp\/v2\/product\/1924","targetHints":{"allow":["GET"]}}],"collection":[{"href":"https:\/\/chuparty.vn\/index.php?rest_route=\/wp\/v2\/product"}],"about":[{"href":"https:\/\/chuparty.vn\/index.php?rest_route=\/wp\/v2\/types\/product"}],"replies":[{"embeddable":true,"href":"https:\/\/chuparty.vn\/index.php?rest_route=%2Fwp%2Fv2%2Fcomments&post=1924"}],"wp:featuredmedia":[{"embeddable":true,"href":"https:\/\/chuparty.vn\/index.php?rest_route=\/wp\/v2\/media\/1925"}],"wp:attachment":[{"href":"https:\/\/chuparty.vn\/index.php?rest_route=%2Fwp%2Fv2%2Fmedia&parent=1924"}],"wp:term":[{"taxonomy":"product_cat","embeddable":true,"href":"https:\/\/chuparty.vn\/index.php?rest_route=%2Fwp%2Fv2%2Fproduct_cat&post=1924"},{"taxonomy":"product_tag","embeddable":true,"href":"https:\/\/chuparty.vn\/index.php?rest_route=%2Fwp%2Fv2%2Fproduct_tag&post=1924"}],"curies":[{"name":"wp","href":"https:\/\/api.w.org\/{rel}","templated":true}]}}