{"id":1906,"date":"2022-03-11T00:44:39","date_gmt":"2022-03-10T17:44:39","guid":{"rendered":"https:\/\/chuparty.vn\/?post_type=product&#038;p=1906"},"modified":"2024-03-07T15:53:59","modified_gmt":"2024-03-07T08:53:59","slug":"bong-nhom-trai-tim-cam-hoa","status":"publish","type":"product","link":"https:\/\/chuparty.vn\/?product=bong-nhom-trai-tim-cam-hoa","title":{"rendered":"B\u00d3NG TR\u00c1I TIM C\u1ea6M HOA"},"content":{"rendered":"<p><strong>Th\u00f4ng tin s\u1ea3n ph\u1ea9m:<\/strong><\/p>\n<p>K\u00edch th\u01b0\u1edbc: 45cm<br \/>\nC\u00e1ch th\u1ee9c \u0111\u00f3ng g\u00f3i: 01 c\u00e1i<\/p>\n","protected":false},"excerpt":{"rendered":"<p>Th\u00f4ng tin s\u1ea3n ph\u1ea9m: K\u00edch th\u01b0\u1edbc: 45cm C\u00e1ch th\u1ee9c \u0111\u00f3ng g\u00f3i: 01 c\u00e1i<\/p>\n","protected":false},"featured_media":1907,"comment_status":"open","ping_status":"closed","template":"","meta":[],"product_cat":[213,488,319],"product_tag":[214,212],"class_list":{"0":"post-1906","1":"product","2":"type-product","3":"status-publish","4":"has-post-thumbnail","6":"product_cat-love-wedding-anniversary","7":"product_cat-bong-bong-trang-tri-tiec-cau-hon-cuoi-valentine-anni","8":"product_cat-bong-tim","9":"product_tag-bong-tim","10":"product_tag-valentine","12":"first","13":"instock","14":"shipping-taxable","15":"purchasable","16":"product-type-simple"},"_links":{"self":[{"href":"https:\/\/chuparty.vn\/index.php?rest_route=\/wp\/v2\/product\/1906","targetHints":{"allow":["GET"]}}],"collection":[{"href":"https:\/\/chuparty.vn\/index.php?rest_route=\/wp\/v2\/product"}],"about":[{"href":"https:\/\/chuparty.vn\/index.php?rest_route=\/wp\/v2\/types\/product"}],"replies":[{"embeddable":true,"href":"https:\/\/chuparty.vn\/index.php?rest_route=%2Fwp%2Fv2%2Fcomments&post=1906"}],"wp:featuredmedia":[{"embeddable":true,"href":"https:\/\/chuparty.vn\/index.php?rest_route=\/wp\/v2\/media\/1907"}],"wp:attachment":[{"href":"https:\/\/chuparty.vn\/index.php?rest_route=%2Fwp%2Fv2%2Fmedia&parent=1906"}],"wp:term":[{"taxonomy":"product_cat","embeddable":true,"href":"https:\/\/chuparty.vn\/index.php?rest_route=%2Fwp%2Fv2%2Fproduct_cat&post=1906"},{"taxonomy":"product_tag","embeddable":true,"href":"https:\/\/chuparty.vn\/index.php?rest_route=%2Fwp%2Fv2%2Fproduct_tag&post=1906"}],"curies":[{"name":"wp","href":"https:\/\/api.w.org\/{rel}","templated":true}]}}