{"id":1893,"date":"2022-03-10T23:26:56","date_gmt":"2022-03-10T16:26:56","guid":{"rendered":"https:\/\/chuparty.vn\/?post_type=product&#038;p=1893"},"modified":"2025-09-17T17:51:16","modified_gmt":"2025-09-17T10:51:16","slug":"vuong-mien-so-1-gold-hong","status":"publish","type":"product","link":"https:\/\/chuparty.vn\/?product=vuong-mien-so-1-gold-hong","title":{"rendered":"V\u01af\u01a0NG MI\u1ec6N S\u1ed0 1 GOLD H\u1ed2NG"},"content":{"rendered":"<p><strong>Th\u00f4ng tin s\u1ea3n ph\u1ea9m:<br \/>\n<\/strong><strong><br \/>\n<\/strong>Ch\u1ea5t li\u1ec7u: v\u1ea3i, quai thun<br \/>\nM\u00e0u s\u1eafc: H\u1ed3ng + Gold nh\u0169<br \/>\nK\u00edch th\u01b0\u1edbc: 8*8cm<br \/>\nQuy c\u00e1ch \u0111\u00f3ng g\u00f3i: 1 c\u00e1i\/h\u1ed9p<\/p>\n","protected":false},"excerpt":{"rendered":"<p>Th\u00f4ng tin s\u1ea3n ph\u1ea9m: Ch\u1ea5t li\u1ec7u: v\u1ea3i, quai thun M\u00e0u s\u1eafc: H\u1ed3ng + Gold nh\u0169 K\u00edch th\u01b0\u1edbc: 8*8cm Quy c\u00e1ch \u0111\u00f3ng g\u00f3i: 1 c\u00e1i\/h\u1ed9p<\/p>\n","protected":false},"featured_media":1895,"comment_status":"open","ping_status":"closed","template":"","meta":[],"product_cat":[512,268,137,145,28],"product_tag":[134,142,144,143,66],"class_list":{"0":"post-1893","1":"product","2":"type-product","3":"status-publish","4":"has-post-thumbnail","6":"product_cat-sale-off-30","7":"product_cat-princess","8":"product_cat-1st-birthday","9":"product_cat-non-tiec","10":"product_cat-sale","11":"product_tag-1st-birthday","12":"product_tag-headband","13":"product_tag-non","14":"product_tag-party-hat","15":"product_tag-princess","16":"pa_mau-sac-champagne-hong","17":"pa_mau-sac-gold-hong","19":"first","20":"instock","21":"sale","22":"shipping-taxable","23":"purchasable","24":"product-type-variable"},"_links":{"self":[{"href":"https:\/\/chuparty.vn\/index.php?rest_route=\/wp\/v2\/product\/1893","targetHints":{"allow":["GET"]}}],"collection":[{"href":"https:\/\/chuparty.vn\/index.php?rest_route=\/wp\/v2\/product"}],"about":[{"href":"https:\/\/chuparty.vn\/index.php?rest_route=\/wp\/v2\/types\/product"}],"replies":[{"embeddable":true,"href":"https:\/\/chuparty.vn\/index.php?rest_route=%2Fwp%2Fv2%2Fcomments&post=1893"}],"wp:featuredmedia":[{"embeddable":true,"href":"https:\/\/chuparty.vn\/index.php?rest_route=\/wp\/v2\/media\/1895"}],"wp:attachment":[{"href":"https:\/\/chuparty.vn\/index.php?rest_route=%2Fwp%2Fv2%2Fmedia&parent=1893"}],"wp:term":[{"taxonomy":"product_cat","embeddable":true,"href":"https:\/\/chuparty.vn\/index.php?rest_route=%2Fwp%2Fv2%2Fproduct_cat&post=1893"},{"taxonomy":"product_tag","embeddable":true,"href":"https:\/\/chuparty.vn\/index.php?rest_route=%2Fwp%2Fv2%2Fproduct_tag&post=1893"}],"curies":[{"name":"wp","href":"https:\/\/api.w.org\/{rel}","templated":true}]}}