{"id":1879,"date":"2022-03-10T23:00:00","date_gmt":"2022-03-10T16:00:00","guid":{"rendered":"https:\/\/chuparty.vn\/?post_type=product&#038;p=1879"},"modified":"2025-03-19T10:53:25","modified_gmt":"2025-03-19T03:53:25","slug":"day-streamer-sweet-pink","status":"publish","type":"product","link":"https:\/\/chuparty.vn\/?product=day-streamer-sweet-pink","title":{"rendered":"D\u00c2Y STREAMER SWEET PINK"},"content":{"rendered":"<p><strong>Chi ti\u1ebft s\u1ea3n ph\u1ea9m<\/strong><\/p>\n<ul>\n<li>K\u00edch th\u01b0\u1edbc: 22m * 4,5cm * 3 cu\u1ed9n<\/li>\n<li>Ch\u1ea5t li\u1ec7u: gi\u1ea5y m\u00e0u<\/li>\n<li>M\u00e0u s\u1eafc: 3 m\u00e0u<\/li>\n<li>C\u00e1ch th\u1ee9c \u0111\u00f3ng g\u00f3i : 3 cu\u1ed9n\/t\u00fai<img loading=\"lazy\" decoding=\"async\" class=\"alignnone wp-image-1876\" src=\"https:\/\/chuparty.vn\/wp-content\/uploads\/2022\/03\/il_794xN.2559693631_o9na-1-486x420.jpg\" alt=\"\" width=\"226\" height=\"195\" srcset=\"https:\/\/chuparty.vn\/wp-content\/uploads\/2022\/03\/il_794xN.2559693631_o9na-1-486x420.jpg 486w, https:\/\/chuparty.vn\/wp-content\/uploads\/2022\/03\/il_794xN.2559693631_o9na-1-586x506.jpg 586w, https:\/\/chuparty.vn\/wp-content\/uploads\/2022\/03\/il_794xN.2559693631_o9na-1-768x664.jpg 768w, https:\/\/chuparty.vn\/wp-content\/uploads\/2022\/03\/il_794xN.2559693631_o9na-1.jpg 794w\" sizes=\"auto, (max-width: 226px) 100vw, 226px\" \/><\/li>\n<\/ul>\n","protected":false},"excerpt":{"rendered":"<p>Chi ti\u1ebft s\u1ea3n ph\u1ea9m K\u00edch th\u01b0\u1edbc: 22m * 4,5cm * 3 cu\u1ed9n Ch\u1ea5t li\u1ec7u: gi\u1ea5y m\u00e0u M\u00e0u s\u1eafc: 3 m\u00e0u C\u00e1ch th\u1ee9c \u0111\u00f3ng g\u00f3i : 3 cu\u1ed9n\/t\u00fai<\/p>\n","protected":false},"featured_media":1880,"comment_status":"open","ping_status":"closed","template":"","meta":[],"product_cat":[523,499,268,318,137,213,489,147,392],"product_tag":[146,181,66,317],"class_list":{"0":"post-1879","1":"product","2":"type-product","3":"status-publish","4":"has-post-thumbnail","6":"product_cat-gender-reveal","7":"product_cat-barbie-girl","8":"product_cat-princess","9":"product_cat-baby-shower","10":"product_cat-1st-birthday","11":"product_cat-love-wedding-anniversary","12":"product_cat-phu-kien-cho-tiec-cau-hon-cuoi-valentine-anni","13":"product_cat-backdrop","14":"product_cat-streamer","15":"product_tag-backdrop","16":"product_tag-love","17":"product_tag-princess","18":"product_tag-streamer","20":"first","21":"instock","22":"shipping-taxable","23":"purchasable","24":"product-type-simple"},"_links":{"self":[{"href":"https:\/\/chuparty.vn\/index.php?rest_route=\/wp\/v2\/product\/1879","targetHints":{"allow":["GET"]}}],"collection":[{"href":"https:\/\/chuparty.vn\/index.php?rest_route=\/wp\/v2\/product"}],"about":[{"href":"https:\/\/chuparty.vn\/index.php?rest_route=\/wp\/v2\/types\/product"}],"replies":[{"embeddable":true,"href":"https:\/\/chuparty.vn\/index.php?rest_route=%2Fwp%2Fv2%2Fcomments&post=1879"}],"wp:featuredmedia":[{"embeddable":true,"href":"https:\/\/chuparty.vn\/index.php?rest_route=\/wp\/v2\/media\/1880"}],"wp:attachment":[{"href":"https:\/\/chuparty.vn\/index.php?rest_route=%2Fwp%2Fv2%2Fmedia&parent=1879"}],"wp:term":[{"taxonomy":"product_cat","embeddable":true,"href":"https:\/\/chuparty.vn\/index.php?rest_route=%2Fwp%2Fv2%2Fproduct_cat&post=1879"},{"taxonomy":"product_tag","embeddable":true,"href":"https:\/\/chuparty.vn\/index.php?rest_route=%2Fwp%2Fv2%2Fproduct_tag&post=1879"}],"curies":[{"name":"wp","href":"https:\/\/api.w.org\/{rel}","templated":true}]}}