{"id":1855,"date":"2022-03-10T22:18:50","date_gmt":"2022-03-10T15:18:50","guid":{"rendered":"https:\/\/chuparty.vn\/?post_type=product&#038;p=1855"},"modified":"2025-03-19T10:53:39","modified_gmt":"2025-03-19T03:53:39","slug":"day-streamer-ballet","status":"publish","type":"product","link":"https:\/\/chuparty.vn\/?product=day-streamer-ballet","title":{"rendered":"D\u00c2Y STREAMER BALLET"},"content":{"rendered":"<p><strong>Chi ti\u1ebft s\u1ea3n ph\u1ea9m<\/strong><\/p>\n<ul>\n<li>K\u00edch th\u01b0\u1edbc: 22m * 4,5cm * 3 cu\u1ed9n<\/li>\n<li>Ch\u1ea5t li\u1ec7u: gi\u1ea5y m\u00e0u<\/li>\n<li>M\u00e0u s\u1eafc: 3 m\u00e0u<\/li>\n<li>C\u00e1ch th\u1ee9c \u0111\u00f3ng g\u00f3i : 3 cu\u1ed9n\/t\u00fai<img loading=\"lazy\" decoding=\"async\" class=\"alignnone wp-image-1849\" src=\"https:\/\/chuparty.vn\/wp-content\/uploads\/2022\/03\/il_794xN.2559693631_o9na-486x420.jpg\" alt=\"\" width=\"332\" height=\"287\" srcset=\"https:\/\/chuparty.vn\/wp-content\/uploads\/2022\/03\/il_794xN.2559693631_o9na-486x420.jpg 486w, https:\/\/chuparty.vn\/wp-content\/uploads\/2022\/03\/il_794xN.2559693631_o9na-586x506.jpg 586w, https:\/\/chuparty.vn\/wp-content\/uploads\/2022\/03\/il_794xN.2559693631_o9na-768x664.jpg 768w, https:\/\/chuparty.vn\/wp-content\/uploads\/2022\/03\/il_794xN.2559693631_o9na.jpg 794w\" sizes=\"auto, (max-width: 332px) 100vw, 332px\" \/><\/li>\n<\/ul>\n","protected":false},"excerpt":{"rendered":"<p>Chi ti\u1ebft s\u1ea3n ph\u1ea9m K\u00edch th\u01b0\u1edbc: 22m * 4,5cm * 3 cu\u1ed9n Ch\u1ea5t li\u1ec7u: gi\u1ea5y m\u00e0u M\u00e0u s\u1eafc: 3 m\u00e0u C\u00e1ch th\u1ee9c \u0111\u00f3ng g\u00f3i : 3 cu\u1ed9n\/t\u00fai<\/p>\n","protected":false},"featured_media":1856,"comment_status":"open","ping_status":"closed","template":"","meta":[],"product_cat":[523,499,268,318,147,392],"product_tag":[215,146,317],"class_list":{"0":"post-1855","1":"product","2":"type-product","3":"status-publish","4":"has-post-thumbnail","6":"product_cat-gender-reveal","7":"product_cat-barbie-girl","8":"product_cat-princess","9":"product_cat-baby-shower","10":"product_cat-backdrop","11":"product_cat-streamer","12":"product_tag-baby-shower","13":"product_tag-backdrop","14":"product_tag-streamer","16":"first","17":"instock","18":"shipping-taxable","19":"purchasable","20":"product-type-simple"},"_links":{"self":[{"href":"https:\/\/chuparty.vn\/index.php?rest_route=\/wp\/v2\/product\/1855","targetHints":{"allow":["GET"]}}],"collection":[{"href":"https:\/\/chuparty.vn\/index.php?rest_route=\/wp\/v2\/product"}],"about":[{"href":"https:\/\/chuparty.vn\/index.php?rest_route=\/wp\/v2\/types\/product"}],"replies":[{"embeddable":true,"href":"https:\/\/chuparty.vn\/index.php?rest_route=%2Fwp%2Fv2%2Fcomments&post=1855"}],"wp:featuredmedia":[{"embeddable":true,"href":"https:\/\/chuparty.vn\/index.php?rest_route=\/wp\/v2\/media\/1856"}],"wp:attachment":[{"href":"https:\/\/chuparty.vn\/index.php?rest_route=%2Fwp%2Fv2%2Fmedia&parent=1855"}],"wp:term":[{"taxonomy":"product_cat","embeddable":true,"href":"https:\/\/chuparty.vn\/index.php?rest_route=%2Fwp%2Fv2%2Fproduct_cat&post=1855"},{"taxonomy":"product_tag","embeddable":true,"href":"https:\/\/chuparty.vn\/index.php?rest_route=%2Fwp%2Fv2%2Fproduct_tag&post=1855"}],"curies":[{"name":"wp","href":"https:\/\/api.w.org\/{rel}","templated":true}]}}