{"id":1830,"date":"2022-03-10T19:41:54","date_gmt":"2022-03-10T12:41:54","guid":{"rendered":"https:\/\/chuparty.vn\/?post_type=product&#038;p=1830"},"modified":"2025-12-26T14:53:33","modified_gmt":"2025-12-26T07:53:33","slug":"set-happy-birthday-rainbow","status":"publish","type":"product","link":"https:\/\/chuparty.vn\/?product=set-happy-birthday-rainbow","title":{"rendered":"SET 2 D\u00c2Y HAPPY BIRTHDAY RAINBOW"},"content":{"rendered":"<p>D\u00e2y c\u1edd l\u00e0 ph\u1ee5 ki\u1ec7n kh\u00f4ng th\u1ec3 thi\u1ebfu khi trang tr\u00ed cho bu\u1ed5i ti\u1ec7c sinh nh\u1eadt.<\/p>\n<p><strong>Chi ti\u1ebft s\u1ea3n ph\u1ea9m:<\/strong><\/p>\n<ul>\n<li>K\u00edch th\u01b0\u1edbc : 2m * 2 d\u00e2y<\/li>\n<li>Ch\u1ea5t li\u1ec7u: v\u1ea3i n\u1ec9<\/li>\n<li>C\u00e1ch th\u1ee9c \u0111\u00f3ng g\u00f3i: 13 ch\u1eef + h\u1ecda ti\u1ebft bong b\u00f3ng \/set<\/li>\n<\/ul>\n","protected":false},"excerpt":{"rendered":"<p>D\u00e2y c\u1edd l\u00e0 ph\u1ee5 ki\u1ec7n kh\u00f4ng th\u1ec3 thi\u1ebfu khi trang tr\u00ed cho bu\u1ed5i ti\u1ec7c sinh nh\u1eadt. Chi ti\u1ebft s\u1ea3n ph\u1ea9m: K\u00edch th\u01b0\u1edbc : 2m * 2 d\u00e2y Ch\u1ea5t li\u1ec7u: v\u1ea3i n\u1ec9 C\u00e1ch th\u1ee9c \u0111\u00f3ng g\u00f3i: 13 ch\u1eef + h\u1ecda ti\u1ebft bong b\u00f3ng \/set<\/p>\n","protected":false},"featured_media":3380,"comment_status":"open","ping_status":"closed","template":"","meta":[],"product_cat":[101,102,48,413],"product_tag":[41,105,22],"class_list":{"0":"post-1830","1":"product","2":"type-product","3":"status-publish","4":"has-post-thumbnail","6":"product_cat-rainbow","7":"product_cat-smile-face","8":"product_cat-day-treo-banner","9":"product_cat-dong-gia-90k","10":"product_tag-banner","11":"product_tag-rainbow","12":"product_tag-smile","14":"first","15":"instock","16":"shipping-taxable","17":"purchasable","18":"product-type-simple"},"_links":{"self":[{"href":"https:\/\/chuparty.vn\/index.php?rest_route=\/wp\/v2\/product\/1830","targetHints":{"allow":["GET"]}}],"collection":[{"href":"https:\/\/chuparty.vn\/index.php?rest_route=\/wp\/v2\/product"}],"about":[{"href":"https:\/\/chuparty.vn\/index.php?rest_route=\/wp\/v2\/types\/product"}],"replies":[{"embeddable":true,"href":"https:\/\/chuparty.vn\/index.php?rest_route=%2Fwp%2Fv2%2Fcomments&post=1830"}],"wp:featuredmedia":[{"embeddable":true,"href":"https:\/\/chuparty.vn\/index.php?rest_route=\/wp\/v2\/media\/3380"}],"wp:attachment":[{"href":"https:\/\/chuparty.vn\/index.php?rest_route=%2Fwp%2Fv2%2Fmedia&parent=1830"}],"wp:term":[{"taxonomy":"product_cat","embeddable":true,"href":"https:\/\/chuparty.vn\/index.php?rest_route=%2Fwp%2Fv2%2Fproduct_cat&post=1830"},{"taxonomy":"product_tag","embeddable":true,"href":"https:\/\/chuparty.vn\/index.php?rest_route=%2Fwp%2Fv2%2Fproduct_tag&post=1830"}],"curies":[{"name":"wp","href":"https:\/\/api.w.org\/{rel}","templated":true}]}}