{"id":1820,"date":"2022-03-10T17:41:28","date_gmt":"2022-03-10T10:41:28","guid":{"rendered":"https:\/\/chuparty.vn\/?post_type=product&#038;p=1820"},"modified":"2025-06-16T14:18:53","modified_gmt":"2025-06-16T07:18:53","slug":"set-happy-birthday-car","status":"publish","type":"product","link":"https:\/\/chuparty.vn\/?product=set-happy-birthday-car","title":{"rendered":"SET 2 D\u00c2Y HAPPY BIRTHDAY CAR"},"content":{"rendered":"<p>D\u00e2y ch\u1eef Happy Birthday l\u00e0 ph\u1ee5 ki\u1ec7n kh\u00f4ng th\u1ec3 thi\u1ebfu khi trang tr\u00ed cho m\u1ecdi bu\u1ed5i ti\u1ec7c sinh nh\u1eadt.<\/p>\n<p><strong>Chi ti\u1ebft s\u1ea3n ph\u1ea9m:<\/strong><\/p>\n<ul>\n<li>K\u00edch th\u01b0\u1edbc : 2m * 2 d\u00e2y<\/li>\n<li>Ch\u1ea5t li\u1ec7u: gi\u1ea5y m\u00e0u<\/li>\n<li>C\u00e1ch th\u1ee9c \u0111\u00f3ng g\u00f3i: 13 ch\u1eef + icon \/set<\/li>\n<\/ul>\n<p>&nbsp;<\/p>\n","protected":false},"excerpt":{"rendered":"<p>D\u00e2y ch\u1eef Happy Birthday l\u00e0 ph\u1ee5 ki\u1ec7n kh\u00f4ng th\u1ec3 thi\u1ebfu khi trang tr\u00ed cho m\u1ecdi bu\u1ed5i ti\u1ec7c sinh nh\u1eadt. Chi ti\u1ebft s\u1ea3n ph\u1ea9m: K\u00edch th\u01b0\u1edbc : 2m * 2 d\u00e2y Ch\u1ea5t li\u1ec7u: gi\u1ea5y m\u00e0u C\u00e1ch th\u1ee9c \u0111\u00f3ng g\u00f3i: 13 ch\u1eef + icon \/set &nbsp;<\/p>\n","protected":false},"featured_media":8061,"comment_status":"open","ping_status":"closed","template":"","meta":[],"product_cat":[315,254,48,361],"product_tag":[41,316],"class_list":{"0":"post-1820","1":"product","2":"type-product","3":"status-publish","4":"has-post-thumbnail","6":"product_cat-race-car","7":"product_cat-truck","8":"product_cat-day-treo-banner","9":"product_cat-dong-gia-50k","10":"product_tag-banner","11":"product_tag-race-car","13":"first","14":"instock","15":"shipping-taxable","16":"purchasable","17":"product-type-simple"},"_links":{"self":[{"href":"https:\/\/chuparty.vn\/index.php?rest_route=\/wp\/v2\/product\/1820","targetHints":{"allow":["GET"]}}],"collection":[{"href":"https:\/\/chuparty.vn\/index.php?rest_route=\/wp\/v2\/product"}],"about":[{"href":"https:\/\/chuparty.vn\/index.php?rest_route=\/wp\/v2\/types\/product"}],"replies":[{"embeddable":true,"href":"https:\/\/chuparty.vn\/index.php?rest_route=%2Fwp%2Fv2%2Fcomments&post=1820"}],"wp:featuredmedia":[{"embeddable":true,"href":"https:\/\/chuparty.vn\/index.php?rest_route=\/wp\/v2\/media\/8061"}],"wp:attachment":[{"href":"https:\/\/chuparty.vn\/index.php?rest_route=%2Fwp%2Fv2%2Fmedia&parent=1820"}],"wp:term":[{"taxonomy":"product_cat","embeddable":true,"href":"https:\/\/chuparty.vn\/index.php?rest_route=%2Fwp%2Fv2%2Fproduct_cat&post=1820"},{"taxonomy":"product_tag","embeddable":true,"href":"https:\/\/chuparty.vn\/index.php?rest_route=%2Fwp%2Fv2%2Fproduct_tag&post=1820"}],"curies":[{"name":"wp","href":"https:\/\/api.w.org\/{rel}","templated":true}]}}