{"id":1775,"date":"2022-03-03T02:49:31","date_gmt":"2022-03-02T19:49:31","guid":{"rendered":"https:\/\/chuparty.vn\/?post_type=product&#038;p=1775"},"modified":"2024-01-10T11:48:57","modified_gmt":"2024-01-10T04:48:57","slug":"confetti-nhieu-mau","status":"publish","type":"product","link":"https:\/\/chuparty.vn\/?product=confetti-nhieu-mau","title":{"rendered":"CONFETTI (B\u00d4NG GI\u1ea4Y) NHI\u1ec0U M\u00c0U"},"content":{"rendered":"","protected":false},"excerpt":{"rendered":"<p><strong>Th\u00f4ng tin s\u1ea3n ph\u1ea9m<\/strong><\/p>\n<p>Confetti (b\u00f4n gi\u1ea5y) d\u00f9ng trang tr\u00ed cho b\u00f3ng cao su trong, d\u00f9ng cho hi\u1ec7u \u1ee9ng ch\u1ee5p h\u00ecnh r\u1ea5t \u0111\u1eb9p.<br \/>\nK\u00edch th\u01b0\u1edbc: \u0111\u01b0\u1eddng k\u00ednh 1cm<br \/>\nC\u00e1ch th\u1ee9c \u0111\u00f3ng g\u00f3i: 8-10gram \/ t\u00fai<br \/>\nM\u00e0u s\u1eafc: Gold, B\u1ea1c, Rosegold, H\u1ed3ng, Xanh, \u0110en, Multicolor &#8230;<\/p>\n","protected":false},"featured_media":7821,"comment_status":"open","ping_status":"closed","template":"","meta":[],"product_cat":[89],"product_tag":[478,95],"class_list":{"0":"post-1775","1":"product","2":"type-product","3":"status-publish","4":"has-post-thumbnail","6":"product_cat-phu-kien-bong-bong","7":"product_tag-confetti","8":"product_tag-phu-kien","9":"pa_mau-sac-bac","10":"pa_mau-sac-gold","11":"pa_mau-sac-rose-gold","13":"first","14":"instock","15":"shipping-taxable","16":"purchasable","17":"product-type-variable"},"_links":{"self":[{"href":"https:\/\/chuparty.vn\/index.php?rest_route=\/wp\/v2\/product\/1775","targetHints":{"allow":["GET"]}}],"collection":[{"href":"https:\/\/chuparty.vn\/index.php?rest_route=\/wp\/v2\/product"}],"about":[{"href":"https:\/\/chuparty.vn\/index.php?rest_route=\/wp\/v2\/types\/product"}],"replies":[{"embeddable":true,"href":"https:\/\/chuparty.vn\/index.php?rest_route=%2Fwp%2Fv2%2Fcomments&post=1775"}],"wp:featuredmedia":[{"embeddable":true,"href":"https:\/\/chuparty.vn\/index.php?rest_route=\/wp\/v2\/media\/7821"}],"wp:attachment":[{"href":"https:\/\/chuparty.vn\/index.php?rest_route=%2Fwp%2Fv2%2Fmedia&parent=1775"}],"wp:term":[{"taxonomy":"product_cat","embeddable":true,"href":"https:\/\/chuparty.vn\/index.php?rest_route=%2Fwp%2Fv2%2Fproduct_cat&post=1775"},{"taxonomy":"product_tag","embeddable":true,"href":"https:\/\/chuparty.vn\/index.php?rest_route=%2Fwp%2Fv2%2Fproduct_tag&post=1775"}],"curies":[{"name":"wp","href":"https:\/\/api.w.org\/{rel}","templated":true}]}}