{"id":1754,"date":"2022-03-03T02:19:20","date_gmt":"2022-03-02T19:19:20","guid":{"rendered":"https:\/\/chuparty.vn\/?post_type=product&#038;p=1754"},"modified":"2023-02-27T11:36:49","modified_gmt":"2023-02-27T04:36:49","slug":"bong-nhom-hop-qua","status":"publish","type":"product","link":"https:\/\/chuparty.vn\/?product=bong-nhom-hop-qua","title":{"rendered":"B\u00d3NG VU\u00d4NG (H\u1ed8P QU\u00c0)"},"content":{"rendered":"","protected":false},"excerpt":{"rendered":"<p><strong>Th\u00f4ng tin s\u1ea3n ph\u1ea9m<\/strong><\/p>\n<p>K\u00edch th\u01b0\u1edbc: 46cm<br \/>\nC\u00e1ch th\u1ee9c \u0111\u00f3ng g\u00f3i: 01 c\u00e1i<\/p>\n","protected":false},"featured_media":1766,"comment_status":"open","ping_status":"closed","template":"","meta":[],"product_cat":[15,45,68,46,429],"product_tag":[],"class_list":{"0":"post-1754","1":"product","2":"type-product","3":"status-publish","4":"has-post-thumbnail","6":"product_cat-san-pham","7":"product_cat-bong-bong","8":"product_cat-bong-nhom","9":"product_cat-bong-hinh","10":"product_cat-dong-gia-40k-45k","11":"pa_mau-sac-bac","12":"pa_mau-sac-do","13":"pa_mau-sac-gold","14":"pa_mau-sac-hong","15":"pa_mau-sac-xanh","16":"pa_mau-sac-xanh-la","18":"first","19":"instock","20":"shipping-taxable","21":"purchasable","22":"product-type-variable"},"_links":{"self":[{"href":"https:\/\/chuparty.vn\/index.php?rest_route=\/wp\/v2\/product\/1754","targetHints":{"allow":["GET"]}}],"collection":[{"href":"https:\/\/chuparty.vn\/index.php?rest_route=\/wp\/v2\/product"}],"about":[{"href":"https:\/\/chuparty.vn\/index.php?rest_route=\/wp\/v2\/types\/product"}],"replies":[{"embeddable":true,"href":"https:\/\/chuparty.vn\/index.php?rest_route=%2Fwp%2Fv2%2Fcomments&post=1754"}],"wp:featuredmedia":[{"embeddable":true,"href":"https:\/\/chuparty.vn\/index.php?rest_route=\/wp\/v2\/media\/1766"}],"wp:attachment":[{"href":"https:\/\/chuparty.vn\/index.php?rest_route=%2Fwp%2Fv2%2Fmedia&parent=1754"}],"wp:term":[{"taxonomy":"product_cat","embeddable":true,"href":"https:\/\/chuparty.vn\/index.php?rest_route=%2Fwp%2Fv2%2Fproduct_cat&post=1754"},{"taxonomy":"product_tag","embeddable":true,"href":"https:\/\/chuparty.vn\/index.php?rest_route=%2Fwp%2Fv2%2Fproduct_tag&post=1754"}],"curies":[{"name":"wp","href":"https:\/\/api.w.org\/{rel}","templated":true}]}}