{"id":1573,"date":"2022-02-26T12:01:07","date_gmt":"2022-02-26T05:01:07","guid":{"rendered":"https:\/\/chuparty.vn\/?post_type=product&#038;p=1573"},"modified":"2026-04-21T11:02:50","modified_gmt":"2026-04-21T04:02:50","slug":"day-co-tron-happy-birthday","status":"publish","type":"product","link":"https:\/\/chuparty.vn\/?product=day-co-tron-happy-birthday","title":{"rendered":"D\u00c2Y C\u1edc TR\u00d2N HAPPY BIRTHDAY"},"content":{"rendered":"<p>D\u00e2y c\u1edd l\u00e0 ph\u1ee5 ki\u1ec7n kh\u00f4ng th\u1ec3 thi\u1ebfu khi trang tr\u00ed cho bu\u1ed5i ti\u1ec7c sinh nh\u1eadt.<\/p>\n<p><strong>Chi ti\u1ebft s\u1ea3n ph\u1ea9m:<\/strong><\/p>\n<ul>\n<li>K\u00edch th\u01b0\u1edbc : 3m<\/li>\n<li>Ch\u1ea5t li\u1ec7u: gi\u1ea5y m\u00e0u<\/li>\n<li>C\u00e1ch th\u1ee9c \u0111\u00f3ng g\u00f3i: 13 l\u00e1 c\u1edd \/set<\/li>\n<\/ul>\n<p><img loading=\"lazy\" decoding=\"async\" class=\"alignnone wp-image-1577\" src=\"https:\/\/chuparty.vn\/wp-content\/uploads\/2022\/02\/Day-co-tron-vintage-1-342x420.jpg\" alt=\"\" width=\"200\" height=\"246\" srcset=\"https:\/\/chuparty.vn\/wp-content\/uploads\/2022\/02\/Day-co-tron-vintage-1-342x420.jpg 342w, https:\/\/chuparty.vn\/wp-content\/uploads\/2022\/02\/Day-co-tron-vintage-1-412x506.jpg 412w, https:\/\/chuparty.vn\/wp-content\/uploads\/2022\/02\/Day-co-tron-vintage-1.jpg 715w\" sizes=\"auto, (max-width: 200px) 100vw, 200px\" \/><\/p>\n","protected":false},"excerpt":{"rendered":"<p>D\u00e2y c\u1edd l\u00e0 ph\u1ee5 ki\u1ec7n kh\u00f4ng th\u1ec3 thi\u1ebfu khi trang tr\u00ed cho bu\u1ed5i ti\u1ec7c sinh nh\u1eadt. Chi ti\u1ebft s\u1ea3n ph\u1ea9m: K\u00edch th\u01b0\u1edbc : 3m Ch\u1ea5t li\u1ec7u: gi\u1ea5y m\u00e0u C\u00e1ch th\u1ee9c \u0111\u00f3ng g\u00f3i: 13 l\u00e1 c\u1edd \/set<\/p>\n","protected":false},"featured_media":1574,"comment_status":"open","ping_status":"closed","template":"","meta":[],"product_cat":[512,492,315,104,259,48,412,28],"product_tag":[41,316,106,152],"class_list":{"0":"post-1573","1":"product","2":"type-product","3":"status-publish","4":"has-post-thumbnail","6":"product_cat-sale-off-30","7":"product_cat-black-white","8":"product_cat-race-car","9":"product_cat-vintage","10":"product_cat-wooden-land","11":"product_cat-day-treo-banner","12":"product_cat-dong-gia-40k","13":"product_cat-sale","14":"product_tag-banner","15":"product_tag-race-car","16":"product_tag-vintage","17":"product_tag-wooden-land","19":"first","20":"instock","21":"shipping-taxable","22":"purchasable","23":"product-type-simple"},"_links":{"self":[{"href":"https:\/\/chuparty.vn\/index.php?rest_route=\/wp\/v2\/product\/1573","targetHints":{"allow":["GET"]}}],"collection":[{"href":"https:\/\/chuparty.vn\/index.php?rest_route=\/wp\/v2\/product"}],"about":[{"href":"https:\/\/chuparty.vn\/index.php?rest_route=\/wp\/v2\/types\/product"}],"replies":[{"embeddable":true,"href":"https:\/\/chuparty.vn\/index.php?rest_route=%2Fwp%2Fv2%2Fcomments&post=1573"}],"wp:featuredmedia":[{"embeddable":true,"href":"https:\/\/chuparty.vn\/index.php?rest_route=\/wp\/v2\/media\/1574"}],"wp:attachment":[{"href":"https:\/\/chuparty.vn\/index.php?rest_route=%2Fwp%2Fv2%2Fmedia&parent=1573"}],"wp:term":[{"taxonomy":"product_cat","embeddable":true,"href":"https:\/\/chuparty.vn\/index.php?rest_route=%2Fwp%2Fv2%2Fproduct_cat&post=1573"},{"taxonomy":"product_tag","embeddable":true,"href":"https:\/\/chuparty.vn\/index.php?rest_route=%2Fwp%2Fv2%2Fproduct_tag&post=1573"}],"curies":[{"name":"wp","href":"https:\/\/api.w.org\/{rel}","templated":true}]}}