{"id":1500,"date":"2022-02-25T15:45:45","date_gmt":"2022-02-25T08:45:45","guid":{"rendered":"https:\/\/chuparty.vn\/?post_type=product&#038;p=1500"},"modified":"2024-05-13T11:05:31","modified_gmt":"2024-05-13T04:05:31","slug":"day-co-happy-birthday-unicorn","status":"publish","type":"product","link":"https:\/\/chuparty.vn\/?product=day-co-happy-birthday-unicorn","title":{"rendered":"D\u00c2Y C\u1edc HAPPY BIRTHDAY UNICORN"},"content":{"rendered":"<p>D\u00e2y c\u1edd l\u00e0 ph\u1ee5 ki\u1ec7n kh\u00f4ng th\u1ec3 thi\u1ebfu khi trang tr\u00ed cho bu\u1ed5i ti\u1ec7c sinh nh\u1eadt.<\/p>\n<p><strong>Chi ti\u1ebft s\u1ea3n ph\u1ea9m:<\/strong><\/p>\n<ul>\n<li>K\u00edch th\u01b0\u1edbc : 3m<\/li>\n<li>Ch\u1ea5t li\u1ec7u: gi\u1ea5y m\u00e0u<\/li>\n<li>C\u00e1ch th\u1ee9c \u0111\u00f3ng g\u00f3i: 13 l\u00e1 c\u1edd \/set<\/li>\n<\/ul>\n","protected":false},"excerpt":{"rendered":"<p>D\u00e2y c\u1edd l\u00e0 ph\u1ee5 ki\u1ec7n kh\u00f4ng th\u1ec3 thi\u1ebfu khi trang tr\u00ed cho bu\u1ed5i ti\u1ec7c sinh nh\u1eadt. Chi ti\u1ebft s\u1ea3n ph\u1ea9m: K\u00edch th\u01b0\u1edbc : 3m Ch\u1ea5t li\u1ec7u: gi\u1ea5y m\u00e0u C\u00e1ch th\u1ee9c \u0111\u00f3ng g\u00f3i: 13 l\u00e1 c\u1edd \/set<\/p>\n","protected":false},"featured_media":1501,"comment_status":"open","ping_status":"closed","template":"","meta":[],"product_cat":[269,48,345],"product_tag":[41,161],"class_list":{"0":"post-1500","1":"product","2":"type-product","3":"status-publish","4":"has-post-thumbnail","6":"product_cat-unicorn","7":"product_cat-day-treo-banner","8":"product_cat-dong-gia-80k","9":"product_tag-banner","10":"product_tag-unicorn","12":"first","13":"instock","14":"shipping-taxable","15":"purchasable","16":"product-type-simple"},"_links":{"self":[{"href":"https:\/\/chuparty.vn\/index.php?rest_route=\/wp\/v2\/product\/1500","targetHints":{"allow":["GET"]}}],"collection":[{"href":"https:\/\/chuparty.vn\/index.php?rest_route=\/wp\/v2\/product"}],"about":[{"href":"https:\/\/chuparty.vn\/index.php?rest_route=\/wp\/v2\/types\/product"}],"replies":[{"embeddable":true,"href":"https:\/\/chuparty.vn\/index.php?rest_route=%2Fwp%2Fv2%2Fcomments&post=1500"}],"wp:featuredmedia":[{"embeddable":true,"href":"https:\/\/chuparty.vn\/index.php?rest_route=\/wp\/v2\/media\/1501"}],"wp:attachment":[{"href":"https:\/\/chuparty.vn\/index.php?rest_route=%2Fwp%2Fv2%2Fmedia&parent=1500"}],"wp:term":[{"taxonomy":"product_cat","embeddable":true,"href":"https:\/\/chuparty.vn\/index.php?rest_route=%2Fwp%2Fv2%2Fproduct_cat&post=1500"},{"taxonomy":"product_tag","embeddable":true,"href":"https:\/\/chuparty.vn\/index.php?rest_route=%2Fwp%2Fv2%2Fproduct_tag&post=1500"}],"curies":[{"name":"wp","href":"https:\/\/api.w.org\/{rel}","templated":true}]}}