{"id":1482,"date":"2022-02-25T15:02:22","date_gmt":"2022-02-25T08:02:22","guid":{"rendered":"https:\/\/chuparty.vn\/?post_type=product&#038;p=1482"},"modified":"2022-09-10T10:57:21","modified_gmt":"2022-09-10T03:57:21","slug":"day-chu-happy-birthday-gold-cute","status":"publish","type":"product","link":"https:\/\/chuparty.vn\/?product=day-chu-happy-birthday-gold-cute","title":{"rendered":"D\u00c2Y CH\u1eee HAPPY BIRTHDAY GOLD CUTE"},"content":{"rendered":"<p>D\u00e2y c\u1edd l\u00e0 ph\u1ee5 ki\u1ec7n kh\u00f4ng th\u1ec3 thi\u1ebfu khi trang tr\u00ed cho bu\u1ed5i ti\u1ec7c sinh nh\u1eadt.<\/p>\n<p><strong>Chi ti\u1ebft s\u1ea3n ph\u1ea9m:<\/strong><\/p>\n<ul>\n<li>K\u00edch th\u01b0\u1edbc : 1,5m (13 ch\u1eef \u2013 m\u1ed7i ch\u1eef cao 16,5cm)<\/li>\n<li>Ch\u1ea5t li\u1ec7u: gi\u1ea5y m\u00e0u<\/li>\n<li>C\u00e1ch th\u1ee9c \u0111\u00f3ng g\u00f3i: 13 ch\u1eef \/set<\/li>\n<\/ul>\n<p><img loading=\"lazy\" decoding=\"async\" class=\"alignnone wp-image-1488\" src=\"https:\/\/chuparty.vn\/wp-content\/uploads\/2022\/02\/116264295_318522916001172_7794422430262906466_n-529x420.png\" alt=\"\" width=\"350\" height=\"278\" srcset=\"https:\/\/chuparty.vn\/wp-content\/uploads\/2022\/02\/116264295_318522916001172_7794422430262906466_n-529x420.png 529w, https:\/\/chuparty.vn\/wp-content\/uploads\/2022\/02\/116264295_318522916001172_7794422430262906466_n-638x506.png 638w, https:\/\/chuparty.vn\/wp-content\/uploads\/2022\/02\/116264295_318522916001172_7794422430262906466_n-768x610.png 768w, https:\/\/chuparty.vn\/wp-content\/uploads\/2022\/02\/116264295_318522916001172_7794422430262906466_n.png 1144w\" sizes=\"auto, (max-width: 350px) 100vw, 350px\" \/><\/p>\n","protected":false},"excerpt":{"rendered":"<p>D\u00e2y c\u1edd l\u00e0 ph\u1ee5 ki\u1ec7n kh\u00f4ng th\u1ec3 thi\u1ebfu khi trang tr\u00ed cho bu\u1ed5i ti\u1ec7c sinh nh\u1eadt. Chi ti\u1ebft s\u1ea3n ph\u1ea9m: K\u00edch th\u01b0\u1edbc : 1,5m (13 ch\u1eef \u2013 m\u1ed7i ch\u1eef cao 16,5cm) Ch\u1ea5t li\u1ec7u: gi\u1ea5y m\u00e0u C\u00e1ch th\u1ee9c \u0111\u00f3ng g\u00f3i: 13 ch\u1eef \/set<\/p>\n","protected":false},"featured_media":1483,"comment_status":"open","ping_status":"closed","template":"","meta":[],"product_cat":[268,48,345],"product_tag":[41,66],"class_list":{"0":"post-1482","1":"product","2":"type-product","3":"status-publish","4":"has-post-thumbnail","6":"product_cat-princess","7":"product_cat-day-treo-banner","8":"product_cat-dong-gia-80k","9":"product_tag-banner","10":"product_tag-princess","12":"first","13":"instock","14":"shipping-taxable","15":"purchasable","16":"product-type-simple"},"_links":{"self":[{"href":"https:\/\/chuparty.vn\/index.php?rest_route=\/wp\/v2\/product\/1482","targetHints":{"allow":["GET"]}}],"collection":[{"href":"https:\/\/chuparty.vn\/index.php?rest_route=\/wp\/v2\/product"}],"about":[{"href":"https:\/\/chuparty.vn\/index.php?rest_route=\/wp\/v2\/types\/product"}],"replies":[{"embeddable":true,"href":"https:\/\/chuparty.vn\/index.php?rest_route=%2Fwp%2Fv2%2Fcomments&post=1482"}],"wp:featuredmedia":[{"embeddable":true,"href":"https:\/\/chuparty.vn\/index.php?rest_route=\/wp\/v2\/media\/1483"}],"wp:attachment":[{"href":"https:\/\/chuparty.vn\/index.php?rest_route=%2Fwp%2Fv2%2Fmedia&parent=1482"}],"wp:term":[{"taxonomy":"product_cat","embeddable":true,"href":"https:\/\/chuparty.vn\/index.php?rest_route=%2Fwp%2Fv2%2Fproduct_cat&post=1482"},{"taxonomy":"product_tag","embeddable":true,"href":"https:\/\/chuparty.vn\/index.php?rest_route=%2Fwp%2Fv2%2Fproduct_tag&post=1482"}],"curies":[{"name":"wp","href":"https:\/\/api.w.org\/{rel}","templated":true}]}}