{"id":1464,"date":"2022-02-25T12:43:39","date_gmt":"2022-02-25T05:43:39","guid":{"rendered":"https:\/\/chuparty.vn\/?post_type=product&#038;p=1464"},"modified":"2025-02-11T17:05:27","modified_gmt":"2025-02-11T10:05:27","slug":"day-chu-happy-birthday-shark","status":"publish","type":"product","link":"https:\/\/chuparty.vn\/?product=day-chu-happy-birthday-shark","title":{"rendered":"D\u00c2Y CH\u1eee HAPPY BIRTHDAY SHARK"},"content":{"rendered":"<p>D\u00e2y c\u1edd l\u00e0 ph\u1ee5 ki\u1ec7n kh\u00f4ng th\u1ec3 thi\u1ebfu khi trang tr\u00ed cho bu\u1ed5i ti\u1ec7c sinh nh\u1eadt.<\/p>\n<p><strong>Chi ti\u1ebft s\u1ea3n ph\u1ea9m:<\/strong><\/p>\n<ul>\n<li>K\u00edch th\u01b0\u1edbc : 3m (13 ch\u1eef \u2013 m\u1ed7i ch\u1eef cao 16cm)<\/li>\n<li>Ch\u1ea5t li\u1ec7u: gi\u1ea5y m\u00e0u<\/li>\n<li>C\u00e1ch th\u1ee9c \u0111\u00f3ng g\u00f3i: 13 ch\u1eef \/set<img loading=\"lazy\" decoding=\"async\" class=\"alignnone wp-image-1469\" src=\"https:\/\/chuparty.vn\/wp-content\/uploads\/2022\/02\/day-HPBD-shark-1-420x420.jpg\" alt=\"\" width=\"297\" height=\"297\" srcset=\"https:\/\/chuparty.vn\/wp-content\/uploads\/2022\/02\/day-HPBD-shark-1-420x420.jpg 420w, https:\/\/chuparty.vn\/wp-content\/uploads\/2022\/02\/day-HPBD-shark-1-506x506.jpg 506w, https:\/\/chuparty.vn\/wp-content\/uploads\/2022\/02\/day-HPBD-shark-1-100x100.jpg 100w, https:\/\/chuparty.vn\/wp-content\/uploads\/2022\/02\/day-HPBD-shark-1-400x400.jpg 400w, https:\/\/chuparty.vn\/wp-content\/uploads\/2022\/02\/day-HPBD-shark-1-700x700.jpg 700w, https:\/\/chuparty.vn\/wp-content\/uploads\/2022\/02\/day-HPBD-shark-1-150x150.jpg 150w, https:\/\/chuparty.vn\/wp-content\/uploads\/2022\/02\/day-HPBD-shark-1.jpg 750w\" sizes=\"auto, (max-width: 297px) 100vw, 297px\" \/><\/li>\n<\/ul>\n","protected":false},"excerpt":{"rendered":"<p>D\u00e2y c\u1edd l\u00e0 ph\u1ee5 ki\u1ec7n kh\u00f4ng th\u1ec3 thi\u1ebfu khi trang tr\u00ed cho bu\u1ed5i ti\u1ec7c sinh nh\u1eadt. Chi ti\u1ebft s\u1ea3n ph\u1ea9m: K\u00edch th\u01b0\u1edbc : 3m (13 ch\u1eef \u2013 m\u1ed7i ch\u1eef cao 16cm) Ch\u1ea5t li\u1ec7u: gi\u1ea5y m\u00e0u C\u00e1ch th\u1ee9c \u0111\u00f3ng g\u00f3i: 13 ch\u1eef \/set<\/p>\n","protected":false},"featured_media":1467,"comment_status":"open","ping_status":"closed","template":"","meta":[],"product_cat":[266,48,361],"product_tag":[41,267,124],"class_list":{"0":"post-1464","1":"product","2":"type-product","3":"status-publish","4":"has-post-thumbnail","6":"product_cat-under-the-sea","7":"product_cat-day-treo-banner","8":"product_cat-dong-gia-50k","9":"product_tag-banner","10":"product_tag-shark","11":"product_tag-under-the-sea","13":"first","14":"instock","15":"shipping-taxable","16":"purchasable","17":"product-type-simple"},"_links":{"self":[{"href":"https:\/\/chuparty.vn\/index.php?rest_route=\/wp\/v2\/product\/1464","targetHints":{"allow":["GET"]}}],"collection":[{"href":"https:\/\/chuparty.vn\/index.php?rest_route=\/wp\/v2\/product"}],"about":[{"href":"https:\/\/chuparty.vn\/index.php?rest_route=\/wp\/v2\/types\/product"}],"replies":[{"embeddable":true,"href":"https:\/\/chuparty.vn\/index.php?rest_route=%2Fwp%2Fv2%2Fcomments&post=1464"}],"wp:featuredmedia":[{"embeddable":true,"href":"https:\/\/chuparty.vn\/index.php?rest_route=\/wp\/v2\/media\/1467"}],"wp:attachment":[{"href":"https:\/\/chuparty.vn\/index.php?rest_route=%2Fwp%2Fv2%2Fmedia&parent=1464"}],"wp:term":[{"taxonomy":"product_cat","embeddable":true,"href":"https:\/\/chuparty.vn\/index.php?rest_route=%2Fwp%2Fv2%2Fproduct_cat&post=1464"},{"taxonomy":"product_tag","embeddable":true,"href":"https:\/\/chuparty.vn\/index.php?rest_route=%2Fwp%2Fv2%2Fproduct_tag&post=1464"}],"curies":[{"name":"wp","href":"https:\/\/api.w.org\/{rel}","templated":true}]}}