{"id":1446,"date":"2022-02-25T11:30:46","date_gmt":"2022-02-25T04:30:46","guid":{"rendered":"https:\/\/chuparty.vn\/?post_type=product&#038;p=1446"},"modified":"2024-10-21T15:32:41","modified_gmt":"2024-10-21T08:32:41","slug":"day-chu-explore","status":"publish","type":"product","link":"https:\/\/chuparty.vn\/?product=day-chu-explore","title":{"rendered":"SET 3 D\u00c2Y CH\u1eee EXPLORE"},"content":{"rendered":"<p><strong>Chi ti\u1ebft s\u1ea3n ph\u1ea9m:<\/strong><\/p>\n<ul>\n<li>K\u00edch th\u01b0\u1edbc : 2,5m * 3 d\u00e2y (11 icon + EXPLORE + d\u00e2y tua rua)<\/li>\n<li>Ch\u1ea5t li\u1ec7u: gi\u1ea5y m\u00e0u<\/li>\n<li>C\u00e1ch th\u1ee9c \u0111\u00f3ng g\u00f3i: 11 icon + EXPLORE + d\u00e2y tua rua \/set<img loading=\"lazy\" decoding=\"async\" class=\"wp-image-1452 alignleft\" src=\"https:\/\/chuparty.vn\/wp-content\/uploads\/2022\/02\/116877807_1481505765348444_6676297493667896155_n-603x420.jpg\" alt=\"\" width=\"369\" height=\"257\" srcset=\"https:\/\/chuparty.vn\/wp-content\/uploads\/2022\/02\/116877807_1481505765348444_6676297493667896155_n-603x420.jpg 603w, https:\/\/chuparty.vn\/wp-content\/uploads\/2022\/02\/116877807_1481505765348444_6676297493667896155_n-727x506.jpg 727w, https:\/\/chuparty.vn\/wp-content\/uploads\/2022\/02\/116877807_1481505765348444_6676297493667896155_n-768x535.jpg 768w, https:\/\/chuparty.vn\/wp-content\/uploads\/2022\/02\/116877807_1481505765348444_6676297493667896155_n-220x154.jpg 220w, https:\/\/chuparty.vn\/wp-content\/uploads\/2022\/02\/116877807_1481505765348444_6676297493667896155_n-120x83.jpg 120w, https:\/\/chuparty.vn\/wp-content\/uploads\/2022\/02\/116877807_1481505765348444_6676297493667896155_n.jpg 1242w\" sizes=\"auto, (max-width: 369px) 100vw, 369px\" \/><\/li>\n<\/ul>\n","protected":false},"excerpt":{"rendered":"<p>Chi ti\u1ebft s\u1ea3n ph\u1ea9m: K\u00edch th\u01b0\u1edbc : 2,5m * 3 d\u00e2y (11 icon + EXPLORE + d\u00e2y tua rua) Ch\u1ea5t li\u1ec7u: gi\u1ea5y m\u00e0u C\u00e1ch th\u1ee9c \u0111\u00f3ng g\u00f3i: 11 icon + EXPLORE + d\u00e2y tua rua \/set<\/p>\n","protected":false},"featured_media":1447,"comment_status":"open","ping_status":"closed","template":"","meta":[],"product_cat":[512,258,48,413,28],"product_tag":[41,120],"class_list":{"0":"post-1446","1":"product","2":"type-product","3":"status-publish","4":"has-post-thumbnail","6":"product_cat-sale-off-30","7":"product_cat-galaxy","8":"product_cat-day-treo-banner","9":"product_cat-dong-gia-90k","10":"product_cat-sale","11":"product_tag-banner","12":"product_tag-galaxy","14":"first","15":"instock","16":"sale","17":"shipping-taxable","18":"purchasable","19":"product-type-simple"},"_links":{"self":[{"href":"https:\/\/chuparty.vn\/index.php?rest_route=\/wp\/v2\/product\/1446","targetHints":{"allow":["GET"]}}],"collection":[{"href":"https:\/\/chuparty.vn\/index.php?rest_route=\/wp\/v2\/product"}],"about":[{"href":"https:\/\/chuparty.vn\/index.php?rest_route=\/wp\/v2\/types\/product"}],"replies":[{"embeddable":true,"href":"https:\/\/chuparty.vn\/index.php?rest_route=%2Fwp%2Fv2%2Fcomments&post=1446"}],"wp:featuredmedia":[{"embeddable":true,"href":"https:\/\/chuparty.vn\/index.php?rest_route=\/wp\/v2\/media\/1447"}],"wp:attachment":[{"href":"https:\/\/chuparty.vn\/index.php?rest_route=%2Fwp%2Fv2%2Fmedia&parent=1446"}],"wp:term":[{"taxonomy":"product_cat","embeddable":true,"href":"https:\/\/chuparty.vn\/index.php?rest_route=%2Fwp%2Fv2%2Fproduct_cat&post=1446"},{"taxonomy":"product_tag","embeddable":true,"href":"https:\/\/chuparty.vn\/index.php?rest_route=%2Fwp%2Fv2%2Fproduct_tag&post=1446"}],"curies":[{"name":"wp","href":"https:\/\/api.w.org\/{rel}","templated":true}]}}