{"id":1368,"date":"2022-02-24T23:47:21","date_gmt":"2022-02-24T16:47:21","guid":{"rendered":"https:\/\/chuparty.vn\/?post_type=product&#038;p=1368"},"modified":"2025-02-11T17:07:01","modified_gmt":"2025-02-11T10:07:01","slug":"day-co-happy-birthday-cuu-hoa-02","status":"publish","type":"product","link":"https:\/\/chuparty.vn\/?product=day-co-happy-birthday-cuu-hoa-02","title":{"rendered":"D\u00c2Y C\u1edc HAPPY BIRTHDAY C\u1ee8U H\u1eceA"},"content":{"rendered":"<p>D\u00e2y c\u1edd l\u00e0 ph\u1ee5 ki\u1ec7n kh\u00f4ng th\u1ec3 thi\u1ebfu khi trang tr\u00ed cho bu\u1ed5i ti\u1ec7c sinh nh\u1eadt.<\/p>\n<p><strong>Chi ti\u1ebft s\u1ea3n ph\u1ea9m:<\/strong><\/p>\n<ul>\n<li>K\u00edch th\u01b0\u1edbc : 3m (13 ch\u1eef + 2 icon xe c\u1ee9u h\u1ecfa\u00a0 \u2013 m\u1ed7i ch\u1eef cao 16cm)<\/li>\n<li>Ch\u1ea5t li\u1ec7u: gi\u1ea5y m\u00e0u<\/li>\n<li>C\u00e1ch th\u1ee9c \u0111\u00f3ng g\u00f3i: 13 ch\u1eef + 2 icon xe c\u1ee9u h\u1ecfa\/set<\/li>\n<\/ul>\n<p><img loading=\"lazy\" decoding=\"async\" class=\"alignnone wp-image-1371\" src=\"https:\/\/chuparty.vn\/wp-content\/uploads\/2022\/02\/117032619_611976742856003_7135065857020725401_n-420x420.jpg\" alt=\"\" width=\"337\" height=\"337\" srcset=\"https:\/\/chuparty.vn\/wp-content\/uploads\/2022\/02\/117032619_611976742856003_7135065857020725401_n-420x420.jpg 420w, https:\/\/chuparty.vn\/wp-content\/uploads\/2022\/02\/117032619_611976742856003_7135065857020725401_n-506x506.jpg 506w, https:\/\/chuparty.vn\/wp-content\/uploads\/2022\/02\/117032619_611976742856003_7135065857020725401_n-768x768.jpg 768w, https:\/\/chuparty.vn\/wp-content\/uploads\/2022\/02\/117032619_611976742856003_7135065857020725401_n-100x100.jpg 100w, https:\/\/chuparty.vn\/wp-content\/uploads\/2022\/02\/117032619_611976742856003_7135065857020725401_n.jpg 1000w, https:\/\/chuparty.vn\/wp-content\/uploads\/2022\/02\/117032619_611976742856003_7135065857020725401_n-400x400.jpg 400w, https:\/\/chuparty.vn\/wp-content\/uploads\/2022\/02\/117032619_611976742856003_7135065857020725401_n-700x700.jpg 700w, https:\/\/chuparty.vn\/wp-content\/uploads\/2022\/02\/117032619_611976742856003_7135065857020725401_n-150x150.jpg 150w\" sizes=\"auto, (max-width: 337px) 100vw, 337px\" \/><\/p>\n","protected":false},"excerpt":{"rendered":"<p>D\u00e2y c\u1edd l\u00e0 ph\u1ee5 ki\u1ec7n kh\u00f4ng th\u1ec3 thi\u1ebfu khi trang tr\u00ed cho bu\u1ed5i ti\u1ec7c sinh nh\u1eadt. Chi ti\u1ebft s\u1ea3n ph\u1ea9m: K\u00edch th\u01b0\u1edbc : 3m (13 ch\u1eef + 2 icon xe c\u1ee9u h\u1ecfa\u00a0 \u2013 m\u1ed7i ch\u1eef cao 16cm) Ch\u1ea5t li\u1ec7u: gi\u1ea5y m\u00e0u C\u00e1ch th\u1ee9c \u0111\u00f3ng g\u00f3i: 13 ch\u1eef + 2 icon xe c\u1ee9u h\u1ecfa\/set<\/p>\n","protected":false},"featured_media":1370,"comment_status":"open","ping_status":"closed","template":"","meta":[],"product_cat":[256,48,361],"product_tag":[41,257],"class_list":{"0":"post-1368","1":"product","2":"type-product","3":"status-publish","4":"has-post-thumbnail","6":"product_cat-fire-fighter","7":"product_cat-day-treo-banner","8":"product_cat-dong-gia-50k","9":"product_tag-banner","10":"product_tag-fire-fighter","12":"first","13":"instock","14":"shipping-taxable","15":"purchasable","16":"product-type-simple"},"_links":{"self":[{"href":"https:\/\/chuparty.vn\/index.php?rest_route=\/wp\/v2\/product\/1368","targetHints":{"allow":["GET"]}}],"collection":[{"href":"https:\/\/chuparty.vn\/index.php?rest_route=\/wp\/v2\/product"}],"about":[{"href":"https:\/\/chuparty.vn\/index.php?rest_route=\/wp\/v2\/types\/product"}],"replies":[{"embeddable":true,"href":"https:\/\/chuparty.vn\/index.php?rest_route=%2Fwp%2Fv2%2Fcomments&post=1368"}],"wp:featuredmedia":[{"embeddable":true,"href":"https:\/\/chuparty.vn\/index.php?rest_route=\/wp\/v2\/media\/1370"}],"wp:attachment":[{"href":"https:\/\/chuparty.vn\/index.php?rest_route=%2Fwp%2Fv2%2Fmedia&parent=1368"}],"wp:term":[{"taxonomy":"product_cat","embeddable":true,"href":"https:\/\/chuparty.vn\/index.php?rest_route=%2Fwp%2Fv2%2Fproduct_cat&post=1368"},{"taxonomy":"product_tag","embeddable":true,"href":"https:\/\/chuparty.vn\/index.php?rest_route=%2Fwp%2Fv2%2Fproduct_tag&post=1368"}],"curies":[{"name":"wp","href":"https:\/\/api.w.org\/{rel}","templated":true}]}}