{"id":1343,"date":"2022-02-24T22:41:09","date_gmt":"2022-02-24T15:41:09","guid":{"rendered":"https:\/\/chuparty.vn\/?post_type=product&#038;p=1343"},"modified":"2026-04-21T11:02:18","modified_gmt":"2026-04-21T04:02:18","slug":"day-chu-happy-birthday-gold-nhu","status":"publish","type":"product","link":"https:\/\/chuparty.vn\/?product=day-chu-happy-birthday-gold-nhu","title":{"rendered":"D\u00c2Y CH\u1eee HAPPY BIRTHDAY GOLD NH\u0168"},"content":{"rendered":"<p>D\u00e2y c\u1edd l\u00e0 ph\u1ee5 ki\u1ec7n kh\u00f4ng th\u1ec3 thi\u1ebfu khi trang tr\u00ed cho bu\u1ed5i ti\u1ec7c sinh nh\u1eadt. C\u00f3 r\u1ea5t nhi\u1ec1u m\u1eabu cho c\u00e1c ch\u1ee7 \u0111\u1ec1 kh\u00e1c nhau, h\u00e3y l\u1ef1a ch\u1ecdn<\/p>\n<p><strong>Chi ti\u1ebft s\u1ea3n ph\u1ea9m:<\/strong><\/p>\n<ul>\n<li>K\u00edch th\u01b0\u1edbc : 3m (13 ch\u1eef \u2013 m\u1ed7i ch\u1eef cao 15cm)<\/li>\n<li>Ch\u1ea5t li\u1ec7u: gi\u1ea5y m\u00e0u<\/li>\n<li>C\u00e1ch th\u1ee9c \u0111\u00f3ng g\u00f3i: 13 ch\u1eef\/set<\/li>\n<\/ul>\n","protected":false},"excerpt":{"rendered":"<p>D\u00e2y c\u1edd l\u00e0 ph\u1ee5 ki\u1ec7n kh\u00f4ng th\u1ec3 thi\u1ebfu khi trang tr\u00ed cho bu\u1ed5i ti\u1ec7c sinh nh\u1eadt. C\u00f3 r\u1ea5t nhi\u1ec1u m\u1eabu cho c\u00e1c ch\u1ee7 \u0111\u1ec1 kh\u00e1c nhau, h\u00e3y l\u1ef1a ch\u1ecdn Chi ti\u1ebft s\u1ea3n ph\u1ea9m: K\u00edch th\u01b0\u1edbc : 3m (13 ch\u1eef \u2013 m\u1ed7i ch\u1eef cao 15cm) Ch\u1ea5t li\u1ec7u: gi\u1ea5y m\u00e0u C\u00e1ch th\u1ee9c \u0111\u00f3ng g\u00f3i: 13 ch\u1eef\/set<\/p>\n","protected":false},"featured_media":925,"comment_status":"open","ping_status":"closed","template":"","meta":[],"product_cat":[512,48,412,28],"product_tag":[41,136],"class_list":{"0":"post-1343","1":"product","2":"type-product","3":"status-publish","4":"has-post-thumbnail","6":"product_cat-sale-off-30","7":"product_cat-day-treo-banner","8":"product_cat-dong-gia-40k","9":"product_cat-sale","10":"product_tag-banner","11":"product_tag-sale","13":"first","14":"instock","15":"shipping-taxable","16":"purchasable","17":"product-type-simple"},"_links":{"self":[{"href":"https:\/\/chuparty.vn\/index.php?rest_route=\/wp\/v2\/product\/1343","targetHints":{"allow":["GET"]}}],"collection":[{"href":"https:\/\/chuparty.vn\/index.php?rest_route=\/wp\/v2\/product"}],"about":[{"href":"https:\/\/chuparty.vn\/index.php?rest_route=\/wp\/v2\/types\/product"}],"replies":[{"embeddable":true,"href":"https:\/\/chuparty.vn\/index.php?rest_route=%2Fwp%2Fv2%2Fcomments&post=1343"}],"wp:featuredmedia":[{"embeddable":true,"href":"https:\/\/chuparty.vn\/index.php?rest_route=\/wp\/v2\/media\/925"}],"wp:attachment":[{"href":"https:\/\/chuparty.vn\/index.php?rest_route=%2Fwp%2Fv2%2Fmedia&parent=1343"}],"wp:term":[{"taxonomy":"product_cat","embeddable":true,"href":"https:\/\/chuparty.vn\/index.php?rest_route=%2Fwp%2Fv2%2Fproduct_cat&post=1343"},{"taxonomy":"product_tag","embeddable":true,"href":"https:\/\/chuparty.vn\/index.php?rest_route=%2Fwp%2Fv2%2Fproduct_tag&post=1343"}],"curies":[{"name":"wp","href":"https:\/\/api.w.org\/{rel}","templated":true}]}}