{"id":1275,"date":"2022-02-23T15:31:22","date_gmt":"2022-02-23T08:31:22","guid":{"rendered":"https:\/\/chuparty.vn\/?post_type=product&#038;p=1275"},"modified":"2023-04-29T11:55:58","modified_gmt":"2023-04-29T04:55:58","slug":"combo-money-surprise","status":"publish","type":"product","link":"https:\/\/chuparty.vn\/?product=combo-money-surprise","title":{"rendered":"MONEY SURPRISE &#8211; SAGE GOLD"},"content":{"rendered":"<div dir=\"auto\"><strong><strong>Money Surprise Balloon<br \/>\n<\/strong><\/strong><\/p>\n<div dir=\"auto\"><span class=\"pq6dq46d tbxw36s4 knj5qynh kvgmc6g5 ditlmg2l oygrvhab nvdbi5me sf5mxxl7 gl3lb2sf hhz5lgdu\">+ M\u00f3n qu\u00e0 b\u1ea5t ng\u1edd d\u00e0nh t\u1eb7ng ng\u01b0\u1eddi th\u00e2n, b\u1ea1n b\u00e8 v\u00f4 c\u00f9ng \u0111\u1ed9c \u0111\u00e1o, th\u00fa v\u1ecb.<br \/>\n+\u00a0 <\/span>C\u00f3 th\u1ec3 thay ti\u1ec1n b\u1eb1ng h\u00ecnh k\u1ef7 ni\u1ec7m (ph\u1ee5 thu ph\u00ed in h\u00ecnh)<\/div>\n<div dir=\"auto\"><span class=\"pq6dq46d tbxw36s4 knj5qynh kvgmc6g5 ditlmg2l oygrvhab nvdbi5me sf5mxxl7 gl3lb2sf hhz5lgdu\">+ <\/span>Gi\u00e1 s\u1ea3n ph\u1ea9m ch\u01b0a bao g\u1ed3m ph\u00ed giao h\u00e0ng.<br \/>\n+ T\u1ea5t c\u1ea3 \u0111\u1ec1u \u0111\u01b0\u1ee3c s\u1eed d\u1ee5ng kh\u00ed Helium an to\u00e0n.<strong>CHU cam k\u1ebft ch\u1ec9 s\u1eed d\u1ee5ng DUY NH\u1ea4T kh\u00ed Helium an to\u00e0n, kh\u00f4ng g\u00e2y ch\u00e1y n\u1ed5. Kh\u00ed Heli thu\u1ed9c kh\u00ed hi\u1ebfm v\u00e0 \u0111\u01b0\u1ee3c nh\u1eadp kh\u1ea9u n\u00ean gi\u00e1 th\u00e0nh cao h\u01a1n Hidro r\u1ea5t nhi\u1ec1u (kh\u00ed Hidro nguy hi\u1ec3m g\u00e2y ch\u00e1y n\u1ed5)<\/strong>+ B\u00f3ng Jumbo\/ b\u00f3ng bay s\u1ebd \u0111\u01b0\u1ee3c giao b\u1eb1ng grab car\/taxi, \u0111\u1ec3 gi\u1eef an to\u00e0n cho bong b\u00f3ng tr\u01b0\u1edbc th\u1eddi ti\u1ebft (n\u1eafng ho\u1eb7c m\u01b0a) gi\u00fap cho b\u00f3ng gi\u1eef \u0111\u01b0\u1ee3c m\u00e0u s\u1eafc kh\u00f4ng b\u1ecb xu\u1ed1ng m\u00e0u ho\u1eb7c b\u1ecb b\u1ec3 do va \u0111\u1eadp. \u00a0Ph\u00ed v\u1eadn chuy\u1ec3n s\u1ebd \u0111\u01b0\u1ee3c th\u00f4ng b\u00e1o khi book xe .<br \/>\n+ B\u00f3ng Jumbo\/ b\u00f3ng bay \u0111\u1eb9p nh\u1ea5t t\u1eeb 6-8 ti\u1ebfng \u0111\u1ea7u (trong th\u1eddi gian n\u00e0y b\u00f3ng s\u1ebd lu\u00f4n s\u00e1ng \u0111\u1eb9p v\u00e0 \u0111\u1ed9 bay s\u1ebd \u0111\u01b0\u1ee3c \u0111\u1ea3m b\u1ea3o t\u1ed1t nh\u1ea5t.<br \/>\n+ H\u1ea1n ch\u1ebf \u0111\u1ec3 bong b\u00f3ng \u1edf ngo\u00e0i tr\u1eddi ho\u1eb7c n\u01a1i c\u00f3 nhi\u1ec7t \u0111\u1ed9 cao, g\u1ea7n m\u1eb7t tr\u1eddi ho\u1eb7c \u00e1nh \u0111\u00e8n n\u00f3ng s\u1ebd l\u00e0m v\u1ee1 b\u00f3ng.<\/div>\n<p>&nbsp;<\/p>\n<p>&nbsp;<\/p>\n<\/div>\n<div dir=\"auto\"><\/div>\n<div dir=\"auto\"><\/div>\n<div dir=\"auto\"><\/div>\n<div dir=\"auto\"><\/div>\n<div dir=\"auto\"><\/div>\n<div dir=\"auto\"><\/div>\n<div dir=\"auto\"><\/div>\n<div dir=\"auto\"><\/div>\n","protected":false},"excerpt":{"rendered":"<p>Money Surprise Balloon + M\u00f3n qu\u00e0 b\u1ea5t ng\u1edd d\u00e0nh t\u1eb7ng ng\u01b0\u1eddi th\u00e2n, b\u1ea1n b\u00e8 v\u00f4 c\u00f9ng \u0111\u1ed9c \u0111\u00e1o, th\u00fa v\u1ecb. +\u00a0 C\u00f3 th\u1ec3 thay ti\u1ec1n b\u1eb1ng h\u00ecnh k\u1ef7 ni\u1ec7m (ph\u1ee5 thu ph\u00ed in h\u00ecnh) + Gi\u00e1 s\u1ea3n ph\u1ea9m ch\u01b0a bao g\u1ed3m ph\u00ed giao h\u00e0ng. + T\u1ea5t c\u1ea3 \u0111\u1ec1u \u0111\u01b0\u1ee3c s\u1eed d\u1ee5ng kh\u00ed Helium an to\u00e0n.CHU [&hellip;]<\/p>\n","protected":false},"featured_media":1283,"comment_status":"open","ping_status":"closed","template":"","meta":[],"product_cat":[107,383],"product_tag":[248,251],"class_list":{"0":"post-1275","1":"product","2":"type-product","3":"status-publish","4":"has-post-thumbnail","6":"product_cat-surprise-balloon","7":"product_cat-money-surprise","8":"product_tag-money-surprise","9":"product_tag-surprise-balloon","11":"first","12":"instock","13":"shipping-taxable","14":"purchasable","15":"product-type-simple"},"_links":{"self":[{"href":"https:\/\/chuparty.vn\/index.php?rest_route=\/wp\/v2\/product\/1275","targetHints":{"allow":["GET"]}}],"collection":[{"href":"https:\/\/chuparty.vn\/index.php?rest_route=\/wp\/v2\/product"}],"about":[{"href":"https:\/\/chuparty.vn\/index.php?rest_route=\/wp\/v2\/types\/product"}],"replies":[{"embeddable":true,"href":"https:\/\/chuparty.vn\/index.php?rest_route=%2Fwp%2Fv2%2Fcomments&post=1275"}],"wp:featuredmedia":[{"embeddable":true,"href":"https:\/\/chuparty.vn\/index.php?rest_route=\/wp\/v2\/media\/1283"}],"wp:attachment":[{"href":"https:\/\/chuparty.vn\/index.php?rest_route=%2Fwp%2Fv2%2Fmedia&parent=1275"}],"wp:term":[{"taxonomy":"product_cat","embeddable":true,"href":"https:\/\/chuparty.vn\/index.php?rest_route=%2Fwp%2Fv2%2Fproduct_cat&post=1275"},{"taxonomy":"product_tag","embeddable":true,"href":"https:\/\/chuparty.vn\/index.php?rest_route=%2Fwp%2Fv2%2Fproduct_tag&post=1275"}],"curies":[{"name":"wp","href":"https:\/\/api.w.org\/{rel}","templated":true}]}}