{"id":11460,"date":"2026-05-13T09:46:34","date_gmt":"2026-05-13T02:46:34","guid":{"rendered":"https:\/\/chuparty.vn\/?post_type=product&#038;p=11460"},"modified":"2026-05-13T09:46:35","modified_gmt":"2026-05-13T02:46:35","slug":"combo-tru-bong-mix-set","status":"publish","type":"product","link":"https:\/\/chuparty.vn\/?product=combo-tru-bong-mix-set","title":{"rendered":"COMBO TR\u1ee4 B\u00d3NG &#038; MIX SET"},"content":{"rendered":"<p><strong>Chi ti\u1ebft s\u1ea3n ph\u1ea9m, g\u1ed3m:<\/strong><br \/>\n* Tr\u1ee5 b\u00f3ng handmade ch\u1ee7 \u0111\u1ec1 xe c\u00f4ng tr\u00ecnh * 1<br \/>\n* Ch\u00f9m b\u00f3ng tr\u00f2n b\u01a1m kh\u00ed helium *\u00a0 10 b\u00f3ng<\/p>\n<p><strong>L\u01afU \u00dd:\u00a0<\/strong><\/p>\n<p>+ Com B\u00f3ng handmade s\u1ebd \u0111\u01b0\u1ee3c giao b\u1eb1ng grab car\/taxi, \u0111\u1ec3 gi\u1eef an to\u00e0n cho bong b\u00f3ng tr\u01b0\u1edbc th\u1eddi ti\u1ebft (n\u1eafng ho\u1eb7c m\u01b0a) gi\u00fap cho b\u00f3ng gi\u1eef \u0111\u01b0\u1ee3c m\u00e0u s\u1eafc kh\u00f4ng b\u1ecb xu\u1ed1ng m\u00e0u ho\u1eb7c b\u1ecb b\u1ec3 do va \u0111\u1eadp. \u00a0Ph\u00ed v\u1eadn chuy\u1ec3n s\u1ebd \u0111\u01b0\u1ee3c th\u00f4ng b\u00e1o khi book xe .<br \/>\n+ B\u00f3ng \u0111\u1eb9p nh\u1ea5t t\u1eeb 8-12 ti\u1ebfng \u0111\u1ea7u ti\u00ean, trong th\u1eddi gian n\u00e0y b\u00f3ng s\u1ebd lu\u00f4n s\u00e1ng \u0111\u1eb9p v\u00e0 \u0111\u1ed9 bay s\u1ebd \u0111\u01b0\u1ee3c \u0111\u1ea3m b\u1ea3o t\u1ed1t nh\u1ea5t.<br \/>\n+ H\u1ea1n ch\u1ebf \u0111\u1ec3 bong b\u00f3ng \u1edf ngo\u00e0i tr\u1eddi ho\u1eb7c n\u01a1i c\u00f3 nhi\u1ec7t \u0111\u1ed9 cao, g\u1ea7n m\u1eb7t tr\u1eddi ho\u1eb7c \u00e1nh \u0111\u00e8n n\u00f3ng s\u1ebd l\u00e0m v\u1ee1 b\u00f3ng.<\/p>\n","protected":false},"excerpt":{"rendered":"<p>Chi ti\u1ebft s\u1ea3n ph\u1ea9m, g\u1ed3m: * Tr\u1ee5 b\u00f3ng handmade ch\u1ee7 \u0111\u1ec1 xe c\u00f4ng tr\u00ecnh * 1 * Ch\u00f9m b\u00f3ng tr\u00f2n b\u01a1m kh\u00ed helium *\u00a0 10 b\u00f3ng L\u01afU \u00dd:\u00a0 + Com B\u00f3ng handmade s\u1ebd \u0111\u01b0\u1ee3c giao b\u1eb1ng grab car\/taxi, \u0111\u1ec3 gi\u1eef an to\u00e0n cho bong b\u00f3ng tr\u01b0\u1edbc th\u1eddi ti\u1ebft (n\u1eafng ho\u1eb7c m\u01b0a) gi\u00fap cho b\u00f3ng gi\u1eef [&hellip;]<\/p>\n","protected":false},"featured_media":11461,"comment_status":"open","ping_status":"closed","template":"","meta":[],"product_cat":[537,536,254,366,496,88,416,425],"product_tag":[],"class_list":{"0":"post-11460","1":"product","2":"type-product","3":"status-publish","4":"has-post-thumbnail","6":"product_cat-blue","7":"product_cat-color","8":"product_cat-truck","9":"product_cat-combo-bong-tru-handmade","10":"product_cat-combo-tru-bong-handmade","11":"product_cat-combo-bong-bay-helium","12":"product_cat-cartoon-animal","13":"product_cat-for-baby","15":"first","16":"instock","17":"shipping-taxable","18":"purchasable","19":"product-type-simple"},"_links":{"self":[{"href":"https:\/\/chuparty.vn\/index.php?rest_route=\/wp\/v2\/product\/11460","targetHints":{"allow":["GET"]}}],"collection":[{"href":"https:\/\/chuparty.vn\/index.php?rest_route=\/wp\/v2\/product"}],"about":[{"href":"https:\/\/chuparty.vn\/index.php?rest_route=\/wp\/v2\/types\/product"}],"replies":[{"embeddable":true,"href":"https:\/\/chuparty.vn\/index.php?rest_route=%2Fwp%2Fv2%2Fcomments&post=11460"}],"wp:featuredmedia":[{"embeddable":true,"href":"https:\/\/chuparty.vn\/index.php?rest_route=\/wp\/v2\/media\/11461"}],"wp:attachment":[{"href":"https:\/\/chuparty.vn\/index.php?rest_route=%2Fwp%2Fv2%2Fmedia&parent=11460"}],"wp:term":[{"taxonomy":"product_cat","embeddable":true,"href":"https:\/\/chuparty.vn\/index.php?rest_route=%2Fwp%2Fv2%2Fproduct_cat&post=11460"},{"taxonomy":"product_tag","embeddable":true,"href":"https:\/\/chuparty.vn\/index.php?rest_route=%2Fwp%2Fv2%2Fproduct_tag&post=11460"}],"curies":[{"name":"wp","href":"https:\/\/api.w.org\/{rel}","templated":true}]}}