{"id":11366,"date":"2026-04-27T12:41:10","date_gmt":"2026-04-27T05:41:10","guid":{"rendered":"https:\/\/chuparty.vn\/?post_type=product&#038;p=11366"},"modified":"2026-04-27T12:41:11","modified_gmt":"2026-04-27T05:41:11","slug":"combo-bong-banh-sinh-nhat-2","status":"publish","type":"product","link":"https:\/\/chuparty.vn\/?product=combo-bong-banh-sinh-nhat-2","title":{"rendered":"COMBO B\u00d3NG B\u00c1NH SINH NH\u1eacT"},"content":{"rendered":"<p><strong>Th\u00f4ng tin chi ti\u1ebft s\u1ea3n ph\u1ea9m: Combo B\u00f3ng B\u00e1nh sinh nh\u1eadt S\u00a0<\/strong><\/p>\n<p>* 1 B\u00f3ng b\u00e1nh sinh nh\u1eadt size S 2 t\u1ea7ng<br \/>\n* 1 B\u00f3ng b\u00e1nh sinh nh\u1eadt mini<\/p>\n<p><strong>L\u01b0u \u00fd: B\u1ea1n c\u00f3 th\u1ec3 k\u1ebft h\u1ee3p th\u00eam b\u1ed9 b\u00f3ng HAPPY BIRTHDAY v\u00e0 B\u00d3NG S\u1ed0 TU\u1ed4I (b\u01a1m th\u01b0\u1eddng) \u0111\u1ec3 bu\u1ed5i ti\u1ec7c th\u00eam sinh \u0111\u1ed9ng.<br \/>\n<\/strong>+ B\u00f3ng handmade B\u00e1nh Sinh Nh\u1eadt s\u1ebd \u0111\u01b0\u1ee3c giao b\u1eb1ng grab car\/taxi\/van, \u0111\u1ec3 gi\u1eef an to\u00e0n cho bong b\u00f3ng tr\u01b0\u1edbc th\u1eddi ti\u1ebft (n\u1eafng ho\u1eb7c m\u01b0a) gi\u00fap cho b\u00f3ng gi\u1eef \u0111\u01b0\u1ee3c m\u00e0u s\u1eafc kh\u00f4ng b\u1ecb xu\u1ed1ng m\u00e0u ho\u1eb7c b\u1ecb b\u1ec3 do va \u0111\u1eadp. \u00a0Ph\u00ed v\u1eadn chuy\u1ec3n s\u1ebd \u0111\u01b0\u1ee3c th\u00f4ng b\u00e1o khi book xe .<br \/>\n+ B\u00f3ng \u0111\u00e3 \u0111\u01b0\u1ee3c l\u00e0m th\u00e0nh ph\u1ea9m \u0111\u1eb9p nh\u1ea5t t\u1eeb 6-8 ti\u1ebfng \u0111\u1ea7u (trong th\u1eddi gian n\u00e0y b\u00f3ng s\u1ebd lu\u00f4n s\u00e1ng \u0111\u1eb9p v\u00e0 \u0111\u1ed9 bay s\u1ebd \u0111\u01b0\u1ee3c \u0111\u1ea3m b\u1ea3o t\u1ed1t nh\u1ea5t.<br \/>\n+ H\u1ea1n ch\u1ebf \u0111\u1ec3 bong b\u00f3ng \u1edf ngo\u00e0i tr\u1eddi ho\u1eb7c n\u01a1i c\u00f3 nhi\u1ec7t \u0111\u1ed9 cao, g\u1ea7n m\u1eb7t tr\u1eddi ho\u1eb7c \u00e1nh \u0111\u00e8n n\u00f3ng s\u1ebd l\u00e0m v\u1ee1 b\u00f3ng.<\/p>\n","protected":false},"excerpt":{"rendered":"<p>Th\u00f4ng tin chi ti\u1ebft s\u1ea3n ph\u1ea9m: Combo B\u00f3ng B\u00e1nh sinh nh\u1eadt S\u00a0 * 1 B\u00f3ng b\u00e1nh sinh nh\u1eadt size S 2 t\u1ea7ng * 1 B\u00f3ng b\u00e1nh sinh nh\u1eadt mini L\u01b0u \u00fd: B\u1ea1n c\u00f3 th\u1ec3 k\u1ebft h\u1ee3p th\u00eam b\u1ed9 b\u00f3ng HAPPY BIRTHDAY v\u00e0 B\u00d3NG S\u1ed0 TU\u1ed4I (b\u01a1m th\u01b0\u1eddng) \u0111\u1ec3 bu\u1ed5i ti\u1ec7c th\u00eam sinh \u0111\u1ed9ng. + B\u00f3ng [&hellip;]<\/p>\n","protected":false},"featured_media":11367,"comment_status":"open","ping_status":"closed","template":"","meta":[],"product_cat":[366,107,493],"product_tag":[],"class_list":{"0":"post-11366","1":"product","2":"type-product","3":"status-publish","4":"has-post-thumbnail","6":"product_cat-combo-bong-tru-handmade","7":"product_cat-surprise-balloon","8":"product_cat-cake-balloon","10":"first","11":"instock","12":"shipping-taxable","13":"purchasable","14":"product-type-simple"},"_links":{"self":[{"href":"https:\/\/chuparty.vn\/index.php?rest_route=\/wp\/v2\/product\/11366","targetHints":{"allow":["GET"]}}],"collection":[{"href":"https:\/\/chuparty.vn\/index.php?rest_route=\/wp\/v2\/product"}],"about":[{"href":"https:\/\/chuparty.vn\/index.php?rest_route=\/wp\/v2\/types\/product"}],"replies":[{"embeddable":true,"href":"https:\/\/chuparty.vn\/index.php?rest_route=%2Fwp%2Fv2%2Fcomments&post=11366"}],"wp:featuredmedia":[{"embeddable":true,"href":"https:\/\/chuparty.vn\/index.php?rest_route=\/wp\/v2\/media\/11367"}],"wp:attachment":[{"href":"https:\/\/chuparty.vn\/index.php?rest_route=%2Fwp%2Fv2%2Fmedia&parent=11366"}],"wp:term":[{"taxonomy":"product_cat","embeddable":true,"href":"https:\/\/chuparty.vn\/index.php?rest_route=%2Fwp%2Fv2%2Fproduct_cat&post=11366"},{"taxonomy":"product_tag","embeddable":true,"href":"https:\/\/chuparty.vn\/index.php?rest_route=%2Fwp%2Fv2%2Fproduct_tag&post=11366"}],"curies":[{"name":"wp","href":"https:\/\/api.w.org\/{rel}","templated":true}]}}