{"id":11337,"date":"2026-04-14T17:01:38","date_gmt":"2026-04-14T10:01:38","guid":{"rendered":"https:\/\/chuparty.vn\/?post_type=product&#038;p=11337"},"modified":"2026-04-14T17:01:59","modified_gmt":"2026-04-14T10:01:59","slug":"11337","status":"publish","type":"product","link":"https:\/\/chuparty.vn\/?product=11337","title":{"rendered":"C\u1ece GI\u1ea4Y"},"content":{"rendered":"<p><strong>Chi ti\u1ebft s\u1ea3n ph\u1ea9m:<\/strong> s\u1ea3n ph\u1ea9m C\u1ecf gi\u1ea5y an to\u00e0n d\u00f9ng \u0111\u1ec3 trang tr\u00ed h\u1ed9p qu\u00e0, t\u00fai qu\u00e0.<\/p>\n<ul>\n<li>Ch\u1ea5t li\u1ec7u: gi\u1ea5y<\/li>\n<li>M\u00e0u s\u1eafc: t\u00edm, h\u1ed3ng, xanh, n\u00e2u<\/li>\n<li>Qui c\u00e1ch \u0111\u00f3ng g\u00f3i : 10 gram\/t\u00fai<\/li>\n<\/ul>\n","protected":false},"excerpt":{"rendered":"<p>Chi ti\u1ebft s\u1ea3n ph\u1ea9m: s\u1ea3n ph\u1ea9m C\u1ecf gi\u1ea5y an to\u00e0n d\u00f9ng \u0111\u1ec3 trang tr\u00ed h\u1ed9p qu\u00e0, t\u00fai qu\u00e0. Ch\u1ea5t li\u1ec7u: gi\u1ea5y M\u00e0u s\u1eafc: t\u00edm, h\u1ed3ng, xanh, n\u00e2u Qui c\u00e1ch \u0111\u00f3ng g\u00f3i : 10 gram\/t\u00fai<\/p>\n","protected":false},"featured_media":11342,"comment_status":"open","ping_status":"closed","template":"","meta":[],"product_cat":[503,16],"product_tag":[],"class_list":{"0":"post-11337","1":"product","2":"type-product","3":"status-publish","4":"has-post-thumbnail","6":"product_cat-tui-qua-hop-qua","7":"product_cat-phu-kien-trang-tri","9":"first","10":"instock","11":"shipping-taxable","12":"purchasable","13":"product-type-simple"},"_links":{"self":[{"href":"https:\/\/chuparty.vn\/index.php?rest_route=\/wp\/v2\/product\/11337","targetHints":{"allow":["GET"]}}],"collection":[{"href":"https:\/\/chuparty.vn\/index.php?rest_route=\/wp\/v2\/product"}],"about":[{"href":"https:\/\/chuparty.vn\/index.php?rest_route=\/wp\/v2\/types\/product"}],"replies":[{"embeddable":true,"href":"https:\/\/chuparty.vn\/index.php?rest_route=%2Fwp%2Fv2%2Fcomments&post=11337"}],"wp:featuredmedia":[{"embeddable":true,"href":"https:\/\/chuparty.vn\/index.php?rest_route=\/wp\/v2\/media\/11342"}],"wp:attachment":[{"href":"https:\/\/chuparty.vn\/index.php?rest_route=%2Fwp%2Fv2%2Fmedia&parent=11337"}],"wp:term":[{"taxonomy":"product_cat","embeddable":true,"href":"https:\/\/chuparty.vn\/index.php?rest_route=%2Fwp%2Fv2%2Fproduct_cat&post=11337"},{"taxonomy":"product_tag","embeddable":true,"href":"https:\/\/chuparty.vn\/index.php?rest_route=%2Fwp%2Fv2%2Fproduct_tag&post=11337"}],"curies":[{"name":"wp","href":"https:\/\/api.w.org\/{rel}","templated":true}]}}