{"id":11323,"date":"2026-04-14T16:58:13","date_gmt":"2026-04-14T09:58:13","guid":{"rendered":"https:\/\/chuparty.vn\/?post_type=product&#038;p=11323"},"modified":"2026-04-14T16:58:13","modified_gmt":"2026-04-14T09:58:13","slug":"confeetti-bong-giay-mau","status":"publish","type":"product","link":"https:\/\/chuparty.vn\/?product=confeetti-bong-giay-mau","title":{"rendered":"CONFEETTI &#8211; B\u00d4NG GI\u1ea4Y M\u00c0U"},"content":{"rendered":"<p><strong>Chi ti\u1ebft s\u1ea3n ph\u1ea9m:<\/strong> s\u1ea3n ph\u1ea9m Confetti (b\u00f4ng gi\u1ea5y) an to\u00e0n, vui nh\u1ed9n cho m\u1ecdi bu\u1ed5i ti\u1ec7c<\/p>\n<ul>\n<li>Ch\u1ea5t li\u1ec7u: gi\u1ea5y<\/li>\n<li>M\u00e0u s\u1eafc:<br \/>\n* m\u00e0u b\u1ea1c, gold, rosegold gi\u00e1 25,000 \/ t\u00fai<br \/>\n* m\u00e0u xanh mix, h\u1ed3ng mix, t\u00edm mix, \u0111en mix, candy gi\u00e1 20,000 \/ t\u00fai<\/li>\n<li>Qui c\u00e1ch \u0111\u00f3ng g\u00f3i : 10 gram\/t\u00fai<\/li>\n<\/ul>\n","protected":false},"excerpt":{"rendered":"<p>Chi ti\u1ebft s\u1ea3n ph\u1ea9m: s\u1ea3n ph\u1ea9m Confetti (b\u00f4ng gi\u1ea5y) an to\u00e0n, vui nh\u1ed9n cho m\u1ecdi bu\u1ed5i ti\u1ec7c Ch\u1ea5t li\u1ec7u: gi\u1ea5y M\u00e0u s\u1eafc: * m\u00e0u b\u1ea1c, gold, rosegold gi\u00e1 25,000 \/ t\u00fai * m\u00e0u xanh mix, h\u1ed3ng mix, t\u00edm mix, \u0111en mix, candy gi\u00e1 20,000 \/ t\u00fai Qui c\u00e1ch \u0111\u00f3ng g\u00f3i : 10 gram\/t\u00fai<\/p>\n","protected":false},"featured_media":11324,"comment_status":"open","ping_status":"closed","template":"","meta":[],"product_cat":[16,471,89],"product_tag":[],"class_list":{"0":"post-11323","1":"product","2":"type-product","3":"status-publish","4":"has-post-thumbnail","6":"product_cat-phu-kien-trang-tri","7":"product_cat-phu-kien-tiec","8":"product_cat-phu-kien-bong-bong","10":"first","11":"instock","12":"shipping-taxable","13":"purchasable","14":"product-type-simple"},"_links":{"self":[{"href":"https:\/\/chuparty.vn\/index.php?rest_route=\/wp\/v2\/product\/11323","targetHints":{"allow":["GET"]}}],"collection":[{"href":"https:\/\/chuparty.vn\/index.php?rest_route=\/wp\/v2\/product"}],"about":[{"href":"https:\/\/chuparty.vn\/index.php?rest_route=\/wp\/v2\/types\/product"}],"replies":[{"embeddable":true,"href":"https:\/\/chuparty.vn\/index.php?rest_route=%2Fwp%2Fv2%2Fcomments&post=11323"}],"wp:featuredmedia":[{"embeddable":true,"href":"https:\/\/chuparty.vn\/index.php?rest_route=\/wp\/v2\/media\/11324"}],"wp:attachment":[{"href":"https:\/\/chuparty.vn\/index.php?rest_route=%2Fwp%2Fv2%2Fmedia&parent=11323"}],"wp:term":[{"taxonomy":"product_cat","embeddable":true,"href":"https:\/\/chuparty.vn\/index.php?rest_route=%2Fwp%2Fv2%2Fproduct_cat&post=11323"},{"taxonomy":"product_tag","embeddable":true,"href":"https:\/\/chuparty.vn\/index.php?rest_route=%2Fwp%2Fv2%2Fproduct_tag&post=11323"}],"curies":[{"name":"wp","href":"https:\/\/api.w.org\/{rel}","templated":true}]}}