{"id":11319,"date":"2026-04-14T13:38:08","date_gmt":"2026-04-14T06:38:08","guid":{"rendered":"https:\/\/chuparty.vn\/?post_type=product&#038;p=11319"},"modified":"2026-04-14T13:38:08","modified_gmt":"2026-04-14T06:38:08","slug":"dich-vu-trang-tri-set-up-mini-ms-04-2","status":"publish","type":"product","link":"https:\/\/chuparty.vn\/?product=dich-vu-trang-tri-set-up-mini-ms-04-2","title":{"rendered":"D\u1ecaCH V\u1ee4 TRANG TR\u00cd \u2013 SET UP MINI MS-04"},"content":{"rendered":"<ul>\n<li>D\u1ecbch v\u1ee5 trang tr\u00ed tr\u1ecdn g\u00f3i t\u1ea1i\u00a0<strong>Chu Party<\/strong>\u00a0\u0111\u01b0\u1ee3c thi\u1ebft k\u1ebf ph\u00f9 h\u1ee3p cho c\u00e1c bu\u1ed5i ti\u1ec7c nh\u1ecf, \u1ea5m c\u00fang nh\u01b0: Th\u00f4i N\u00f4i, Sinh Nh\u1eadt, K\u1ec9 Ni\u1ec7m, C\u1ea7u h\u00f4n, Surprise Party \u2026<\/li>\n<li>G\u00f3i\u00a0<strong>SET UP MINI MS04<\/strong>\u00a0\u2013 \u0111\u01b0\u1ee3c c\u00e1 nh\u00e2n h\u00f3a theo nhu c\u1ea7u v\u00e0 budget c\u1ee7a b\u1ea1n. G\u1ed3m:<br \/>\n* 01 B\u1ed9 b\u00f3ng ho\u1eb7c D\u00e2y c\u1edd HAPPY BIRTHDAY<br \/>\n* 10 k\u00fd t\u1ef1 t\u00ean b\u00e9<br \/>\n* 01 Tr\u1ee5 b\u00f3ng s\u1ed1 tu\u1ed5i<br \/>\n* 01 B\u00f3ng Ph\u00e1o hoa<br \/>\n* 01 set n\u01a1 treo t\u01b0\u1eddng<\/li>\n<li><strong>L\u01b0u \u00fd:\u00a0 Kh\u00f4ng bao g\u1ed3m B\u00f3 hoa handmade<br \/>\n<\/strong><strong style=\"font-size: 1rem;\">C\u00e1c h\u1ea1ng m\u1ee5c set up vui l\u00f2ng \u0111\u1ecdc k\u1ef9 th\u00f4ng tin v\u00e0 x\u00e1c nh\u1eadn, ch\u1ed1t th\u00f4ng tin v\u1edbi t\u01b0 v\u1ea5n vi\u00ean.<br \/>\n<\/strong><strong>Set up \u0111\u01b0\u1ee3c th\u1ef1c hi\u1ec7n trong v\u00f2ng 2-3h, n\u1ebfu d\u1eddi l\u1ecbch vui l\u00f2ng b\u00e1o tr\u01b0\u1edbc \u00edt nh\u1ea5t 3-4h, n\u1ebfu kh\u00f4ng b\u00e1o ho\u1eb7c b\u00e1o ch\u1eadm h\u01a1n th\u1eddi gian tr\u00ean, xin ph\u00e9p h\u1ee7y \u0111\u01a1n kh\u00f4ng ho\u00e0n c\u1ecdc.<\/strong><\/li>\n<\/ul>\n","protected":false},"excerpt":{"rendered":"<p>D\u1ecbch v\u1ee5 trang tr\u00ed tr\u1ecdn g\u00f3i t\u1ea1i\u00a0Chu Party\u00a0\u0111\u01b0\u1ee3c thi\u1ebft k\u1ebf ph\u00f9 h\u1ee3p cho c\u00e1c bu\u1ed5i ti\u1ec7c nh\u1ecf, \u1ea5m c\u00fang nh\u01b0: Th\u00f4i N\u00f4i, Sinh Nh\u1eadt, K\u1ec9 Ni\u1ec7m, C\u1ea7u h\u00f4n, Surprise Party \u2026 G\u00f3i\u00a0SET UP MINI MS04\u00a0\u2013 \u0111\u01b0\u1ee3c c\u00e1 nh\u00e2n h\u00f3a theo nhu c\u1ea7u v\u00e0 budget c\u1ee7a b\u1ea1n. G\u1ed3m: * 01 B\u1ed9 b\u00f3ng ho\u1eb7c D\u00e2y c\u1edd HAPPY [&hellip;]<\/p>\n","protected":false},"featured_media":11320,"comment_status":"open","ping_status":"closed","template":"","meta":[],"product_cat":[529,528,407],"product_tag":[],"class_list":{"0":"post-11319","1":"product","2":"type-product","3":"status-publish","4":"has-post-thumbnail","6":"product_cat-tiec-cho-be","7":"product_cat-tiec-nguoi-lon","8":"product_cat-set-up","10":"first","11":"instock","12":"shipping-taxable","13":"purchasable","14":"product-type-simple"},"_links":{"self":[{"href":"https:\/\/chuparty.vn\/index.php?rest_route=\/wp\/v2\/product\/11319","targetHints":{"allow":["GET"]}}],"collection":[{"href":"https:\/\/chuparty.vn\/index.php?rest_route=\/wp\/v2\/product"}],"about":[{"href":"https:\/\/chuparty.vn\/index.php?rest_route=\/wp\/v2\/types\/product"}],"replies":[{"embeddable":true,"href":"https:\/\/chuparty.vn\/index.php?rest_route=%2Fwp%2Fv2%2Fcomments&post=11319"}],"wp:featuredmedia":[{"embeddable":true,"href":"https:\/\/chuparty.vn\/index.php?rest_route=\/wp\/v2\/media\/11320"}],"wp:attachment":[{"href":"https:\/\/chuparty.vn\/index.php?rest_route=%2Fwp%2Fv2%2Fmedia&parent=11319"}],"wp:term":[{"taxonomy":"product_cat","embeddable":true,"href":"https:\/\/chuparty.vn\/index.php?rest_route=%2Fwp%2Fv2%2Fproduct_cat&post=11319"},{"taxonomy":"product_tag","embeddable":true,"href":"https:\/\/chuparty.vn\/index.php?rest_route=%2Fwp%2Fv2%2Fproduct_tag&post=11319"}],"curies":[{"name":"wp","href":"https:\/\/api.w.org\/{rel}","templated":true}]}}