{"id":11267,"date":"2026-03-28T11:21:47","date_gmt":"2026-03-28T04:21:47","guid":{"rendered":"https:\/\/chuparty.vn\/?post_type=product&#038;p=11267"},"modified":"2026-03-28T11:21:47","modified_gmt":"2026-03-28T04:21:47","slug":"dich-vu-trang-tri-set-up-mini-ms03","status":"publish","type":"product","link":"https:\/\/chuparty.vn\/?product=dich-vu-trang-tri-set-up-mini-ms03","title":{"rendered":"D\u1ecaCH V\u1ee4 TRANG TR\u00cd \u2013  SET UP MINI MS03"},"content":{"rendered":"<ul>\n<li>D\u1ecbch v\u1ee5 trang tr\u00ed tr\u1ecdn g\u00f3i t\u1ea1i <strong>Chu Party<\/strong> \u0111\u01b0\u1ee3c thi\u1ebft k\u1ebf ph\u00f9 h\u1ee3p cho c\u00e1c bu\u1ed5i ti\u1ec7c nh\u1ecf, \u1ea5m c\u00fang nh\u01b0: Th\u00f4i N\u00f4i, Sinh Nh\u1eadt, K\u1ec9 Ni\u1ec7m, C\u1ea7u h\u00f4n, Surprise Party \u2026<\/li>\n<li>G\u00f3i <strong>SET UP MINI MS03<\/strong>\u00a0&#8211; \u0111\u01b0\u1ee3c c\u00e1 nh\u00e2n h\u00f3a theo nhu c\u1ea7u v\u00e0 budget c\u1ee7a b\u1ea1n. G\u1ed3m:<br \/>\n* 01 B\u00f3ng b\u00e1nh sinh nh\u1eadt 2 t\u1ea7ng<br \/>\n* 01 B\u00f3 hoa bong b\u00f3ng handmade size S<br \/>\n* 02 Ph\u00e1o hoa bong b\u00f3ng<br \/>\n* 02 tr\u1ee5 b\u00f3ng s\u1ed1 ho\u1eb7c b\u00f3ng h\u00ecnh (B\u00f3ng h\u00ecnh ho\u1eb7c b\u00f3ng s\u1ed1 t\u00f9y ch\u1ecdn theo y\u00eau c\u1ea7u ch\u1ee7 \u0111\u1ec1 ti\u1ec7c)<br \/>\n* T\u1eb7ng 30 b\u00f3ng tr\u00f2n th\u1ea3 s\u00e0n t\u00f9y ch\u1ecdn m\u00e0u s\u1eafc theo y\u00eau c\u1ea7u ch\u1ee7 \u0111\u1ec1 ti\u1ec7c<\/li>\n<li><strong>L\u01b0u \u00fd:\u00a0<\/strong><\/li>\n<li><strong>C\u00e1c h\u1ea1ng m\u1ee5c set up vui l\u00f2ng \u0111\u1ecdc k\u1ef9 th\u00f4ng tin v\u00e0 x\u00e1c nh\u1eadn, ch\u1ed1t th\u00f4ng tin v\u1edbi t\u01b0 v\u1ea5n vi\u00ean.<\/strong><\/li>\n<li><strong>Set up \u0111\u01b0\u1ee3c th\u1ef1c hi\u1ec7n trong v\u00f2ng 2-3h, n\u1ebfu d\u1eddi l\u1ecbch vui l\u00f2ng b\u00e1o tr\u01b0\u1edbc \u00edt nh\u1ea5t 3-4h, n\u1ebfu kh\u00f4ng b\u00e1o ho\u1eb7c b\u00e1o ch\u1eadm h\u01a1n th\u1eddi gian tr\u00ean, xin ph\u00e9p h\u1ee7y \u0111\u01a1n kh\u00f4ng ho\u00e0n c\u1ecdc.<\/strong><\/li>\n<\/ul>\n","protected":false},"excerpt":{"rendered":"<p>D\u1ecbch v\u1ee5 trang tr\u00ed tr\u1ecdn g\u00f3i t\u1ea1i Chu Party \u0111\u01b0\u1ee3c thi\u1ebft k\u1ebf ph\u00f9 h\u1ee3p cho c\u00e1c bu\u1ed5i ti\u1ec7c nh\u1ecf, \u1ea5m c\u00fang nh\u01b0: Th\u00f4i N\u00f4i, Sinh Nh\u1eadt, K\u1ec9 Ni\u1ec7m, C\u1ea7u h\u00f4n, Surprise Party \u2026 G\u00f3i SET UP MINI MS03\u00a0&#8211; \u0111\u01b0\u1ee3c c\u00e1 nh\u00e2n h\u00f3a theo nhu c\u1ea7u v\u00e0 budget c\u1ee7a b\u1ea1n. G\u1ed3m: * 01 B\u00f3ng b\u00e1nh sinh [&hellip;]<\/p>\n","protected":false},"featured_media":11268,"comment_status":"open","ping_status":"closed","template":"","meta":[],"product_cat":[529,528,407],"product_tag":[],"class_list":{"0":"post-11267","1":"product","2":"type-product","3":"status-publish","4":"has-post-thumbnail","6":"product_cat-tiec-cho-be","7":"product_cat-tiec-nguoi-lon","8":"product_cat-set-up","10":"first","11":"instock","12":"shipping-taxable","13":"purchasable","14":"product-type-simple"},"_links":{"self":[{"href":"https:\/\/chuparty.vn\/index.php?rest_route=\/wp\/v2\/product\/11267","targetHints":{"allow":["GET"]}}],"collection":[{"href":"https:\/\/chuparty.vn\/index.php?rest_route=\/wp\/v2\/product"}],"about":[{"href":"https:\/\/chuparty.vn\/index.php?rest_route=\/wp\/v2\/types\/product"}],"replies":[{"embeddable":true,"href":"https:\/\/chuparty.vn\/index.php?rest_route=%2Fwp%2Fv2%2Fcomments&post=11267"}],"wp:featuredmedia":[{"embeddable":true,"href":"https:\/\/chuparty.vn\/index.php?rest_route=\/wp\/v2\/media\/11268"}],"wp:attachment":[{"href":"https:\/\/chuparty.vn\/index.php?rest_route=%2Fwp%2Fv2%2Fmedia&parent=11267"}],"wp:term":[{"taxonomy":"product_cat","embeddable":true,"href":"https:\/\/chuparty.vn\/index.php?rest_route=%2Fwp%2Fv2%2Fproduct_cat&post=11267"},{"taxonomy":"product_tag","embeddable":true,"href":"https:\/\/chuparty.vn\/index.php?rest_route=%2Fwp%2Fv2%2Fproduct_tag&post=11267"}],"curies":[{"name":"wp","href":"https:\/\/api.w.org\/{rel}","templated":true}]}}