{"id":11258,"date":"2026-03-26T14:54:26","date_gmt":"2026-03-26T07:54:26","guid":{"rendered":"https:\/\/chuparty.vn\/?post_type=product&#038;p=11258"},"modified":"2026-03-26T14:57:07","modified_gmt":"2026-03-26T07:57:07","slug":"bang-signboard-hoa-bong-6080cm-4","status":"publish","type":"product","link":"https:\/\/chuparty.vn\/?product=bang-signboard-hoa-bong-6080cm-4","title":{"rendered":"B\u1ea2NG HOA 2D SIGNBOARD 60*80CM"},"content":{"rendered":"<p><strong>B\u1ea3ng Signboard Balloon ph\u00f9 h\u1ee3p cho c\u00e1c event Khai tr\u01b0\u01a1ng, L\u1ec5 T\u1ed1t Nghi\u1ec7p, Th\u00f4i N\u00f4i, Sinh nh\u1eadt, \u0110\u1ea7y Th\u00e1ng, Baby Shower \u2026 G\u1ed3m:<\/strong><\/p>\n<p>* 1 b\u1ea3ng tr\u1eafng Signboard 60cm*80cm v\u1edbi n\u1ed9i dung t\u00f9y ch\u1ecdn theo y\u00eau c\u1ea7u<strong><br \/>\n<\/strong>*\u00a0 1 ch\u00e2n k\u1ec7 size 160cm<br \/>\n* 1 b\u00f3 hoa b\u00f3ng handmade \u2013 t\u00f9y ch\u1ecdn hoa v\u00e0 m\u00e0u b\u00f3ng<br \/>\n* Lo\u1ea1i hoa b\u00f3ng c\u00f3 th\u1ec3 ch\u1ecdn: mix, tulip, daisy, rose<\/p>\n","protected":false},"excerpt":{"rendered":"<p>B\u1ea3ng Signboard Balloon ph\u00f9 h\u1ee3p cho c\u00e1c event Khai tr\u01b0\u01a1ng, L\u1ec5 T\u1ed1t Nghi\u1ec7p, Th\u00f4i N\u00f4i, Sinh nh\u1eadt, \u0110\u1ea7y Th\u00e1ng, Baby Shower \u2026 G\u1ed3m: * 1 b\u1ea3ng tr\u1eafng Signboard 60cm*80cm v\u1edbi n\u1ed9i dung t\u00f9y ch\u1ecdn theo y\u00eau c\u1ea7u *\u00a0 1 ch\u00e2n k\u1ec7 size 160cm * 1 b\u00f3 hoa b\u00f3ng handmade \u2013 t\u00f9y ch\u1ecdn hoa v\u00e0 m\u00e0u [&hellip;]<\/p>\n","protected":false},"featured_media":11259,"comment_status":"open","ping_status":"closed","template":"","meta":[],"product_cat":[521,525,365,337,213,482,247,366],"product_tag":[],"class_list":{"0":"post-11258","1":"product","2":"type-product","3":"status-publish","4":"has-post-thumbnail","6":"product_cat-bang-signboard-balloon","7":"product_cat-bridal-shower","8":"product_cat-graduation","9":"product_cat-grand-opening","10":"product_cat-love-wedding-anniversary","11":"product_cat-bong-bay-cho-tiec-cau-hon","12":"product_cat-womens-day","13":"product_cat-combo-bong-tru-handmade","15":"first","16":"instock","17":"shipping-taxable","18":"purchasable","19":"product-type-simple"},"_links":{"self":[{"href":"https:\/\/chuparty.vn\/index.php?rest_route=\/wp\/v2\/product\/11258","targetHints":{"allow":["GET"]}}],"collection":[{"href":"https:\/\/chuparty.vn\/index.php?rest_route=\/wp\/v2\/product"}],"about":[{"href":"https:\/\/chuparty.vn\/index.php?rest_route=\/wp\/v2\/types\/product"}],"replies":[{"embeddable":true,"href":"https:\/\/chuparty.vn\/index.php?rest_route=%2Fwp%2Fv2%2Fcomments&post=11258"}],"wp:featuredmedia":[{"embeddable":true,"href":"https:\/\/chuparty.vn\/index.php?rest_route=\/wp\/v2\/media\/11259"}],"wp:attachment":[{"href":"https:\/\/chuparty.vn\/index.php?rest_route=%2Fwp%2Fv2%2Fmedia&parent=11258"}],"wp:term":[{"taxonomy":"product_cat","embeddable":true,"href":"https:\/\/chuparty.vn\/index.php?rest_route=%2Fwp%2Fv2%2Fproduct_cat&post=11258"},{"taxonomy":"product_tag","embeddable":true,"href":"https:\/\/chuparty.vn\/index.php?rest_route=%2Fwp%2Fv2%2Fproduct_tag&post=11258"}],"curies":[{"name":"wp","href":"https:\/\/api.w.org\/{rel}","templated":true}]}}