{"id":11239,"date":"2026-03-18T12:39:08","date_gmt":"2026-03-18T05:39:08","guid":{"rendered":"https:\/\/chuparty.vn\/?post_type=product&#038;p=11239"},"modified":"2026-03-18T12:55:37","modified_gmt":"2026-03-18T05:55:37","slug":"combo-bang-hoa-tru-bong-mickey-minnie","status":"publish","type":"product","link":"https:\/\/chuparty.vn\/?product=combo-bang-hoa-tru-bong-mickey-minnie","title":{"rendered":"COMBO B\u1ea2NG HOA &#038; TR\u1ee4 B\u00d3NG MICKEY &#8211; MINNIE"},"content":{"rendered":"<p><strong>Combo B\u1ea3ng Hoa Handmade ph\u00f9 h\u1ee3p cho c\u00e1c event Khai tr\u01b0\u01a1ng, L\u1ec5 T\u1ed1t Nghi\u1ec7p, Th\u00f4i N\u00f4i, Sinh nh\u1eadt, \u0110\u1ea7y Th\u00e1ng, Baby Shower \u2026<\/strong><\/p>\n<p><strong>L\u01afU \u00dd:\u00a0<\/strong><\/p>\n<p>+ Com B\u00f3ng handmade s\u1ebd \u0111\u01b0\u1ee3c giao b\u1eb1ng grab car\/taxi, \u0111\u1ec3 gi\u1eef an to\u00e0n cho bong b\u00f3ng tr\u01b0\u1edbc th\u1eddi ti\u1ebft (n\u1eafng ho\u1eb7c m\u01b0a) gi\u00fap cho b\u00f3ng gi\u1eef \u0111\u01b0\u1ee3c m\u00e0u s\u1eafc kh\u00f4ng b\u1ecb xu\u1ed1ng m\u00e0u ho\u1eb7c b\u1ecb b\u1ec3 do va \u0111\u1eadp. \u00a0Ph\u00ed v\u1eadn chuy\u1ec3n s\u1ebd \u0111\u01b0\u1ee3c th\u00f4ng b\u00e1o khi book xe .<br \/>\n+ B\u00f3ng \u0111\u1eb9p nh\u1ea5t t\u1eeb 8-12 ti\u1ebfng \u0111\u1ea7u ti\u00ean, trong th\u1eddi gian n\u00e0y b\u00f3ng s\u1ebd lu\u00f4n s\u00e1ng \u0111\u1eb9p v\u00e0 \u0111\u1ed9 bay s\u1ebd \u0111\u01b0\u1ee3c \u0111\u1ea3m b\u1ea3o t\u1ed1t nh\u1ea5t.<br \/>\n+ H\u1ea1n ch\u1ebf \u0111\u1ec3 bong b\u00f3ng \u1edf ngo\u00e0i tr\u1eddi ho\u1eb7c n\u01a1i c\u00f3 nhi\u1ec7t \u0111\u1ed9 cao, g\u1ea7n m\u1eb7t tr\u1eddi ho\u1eb7c \u00e1nh \u0111\u00e8n n\u00f3ng s\u1ebd l\u00e0m v\u1ee1 b\u00f3ng<\/p>\n","protected":false},"excerpt":{"rendered":"<p>Chi ti\u1ebft s\u1ea3n ph\u1ea9m, g\u1ed3m:<br \/>\n* B\u1ea3ng Hoa Signboard 60cm*80cm v\u00e0 ch\u00e2n g\u1ed7 120cm<br \/>\n* Tr\u1ee5 b\u00f3ng handmade MICKEY<br \/>\n* Tr\u1ee5 b\u00f3ng handmade MINNIE<br \/>\n* Tr\u1ee5 B\u00f3ng Jumbo gi\u1ea3 bay * 2 b\u00f3ng<br \/>\n* B\u00f3ng tr\u00f2n b\u01a1m kh\u00ed helium *\u00a0 6 b\u00f3ng<\/p>\n","protected":false},"featured_media":11240,"comment_status":"open","ping_status":"closed","template":"","meta":[],"product_cat":[363,366,496,88,416],"product_tag":[],"class_list":{"0":"post-11239","1":"product","2":"type-product","3":"status-publish","4":"has-post-thumbnail","6":"product_cat-mickey-minnie","7":"product_cat-combo-bong-tru-handmade","8":"product_cat-combo-tru-bong-handmade","9":"product_cat-combo-bong-bay-helium","10":"product_cat-cartoon-animal","12":"first","13":"instock","14":"shipping-taxable","15":"purchasable","16":"product-type-simple"},"_links":{"self":[{"href":"https:\/\/chuparty.vn\/index.php?rest_route=\/wp\/v2\/product\/11239","targetHints":{"allow":["GET"]}}],"collection":[{"href":"https:\/\/chuparty.vn\/index.php?rest_route=\/wp\/v2\/product"}],"about":[{"href":"https:\/\/chuparty.vn\/index.php?rest_route=\/wp\/v2\/types\/product"}],"replies":[{"embeddable":true,"href":"https:\/\/chuparty.vn\/index.php?rest_route=%2Fwp%2Fv2%2Fcomments&post=11239"}],"wp:featuredmedia":[{"embeddable":true,"href":"https:\/\/chuparty.vn\/index.php?rest_route=\/wp\/v2\/media\/11240"}],"wp:attachment":[{"href":"https:\/\/chuparty.vn\/index.php?rest_route=%2Fwp%2Fv2%2Fmedia&parent=11239"}],"wp:term":[{"taxonomy":"product_cat","embeddable":true,"href":"https:\/\/chuparty.vn\/index.php?rest_route=%2Fwp%2Fv2%2Fproduct_cat&post=11239"},{"taxonomy":"product_tag","embeddable":true,"href":"https:\/\/chuparty.vn\/index.php?rest_route=%2Fwp%2Fv2%2Fproduct_tag&post=11239"}],"curies":[{"name":"wp","href":"https:\/\/api.w.org\/{rel}","templated":true}]}}