{"id":11208,"date":"2026-03-01T14:38:08","date_gmt":"2026-03-01T07:38:08","guid":{"rendered":"https:\/\/chuparty.vn\/?post_type=product&#038;p=11208"},"modified":"2026-03-01T14:38:09","modified_gmt":"2026-03-01T07:38:09","slug":"tru-bong-jumbo-gia-bay-no-helium","status":"publish","type":"product","link":"https:\/\/chuparty.vn\/?product=tru-bong-jumbo-gia-bay-no-helium","title":{"rendered":"TR\u1ee4 B\u00d3NG JUMBO GI\u1ea2 BAY (NO HELIUM)"},"content":{"rendered":"<p><strong>Chi ti\u1ebft s\u1ea3n ph\u1ea9m:<\/strong><\/p>\n<ul>\n<li>B\u00f3ng Jumbo size M (24in ~ 50cm)<\/li>\n<li>Gi\u00e1 b\u00f3ng th\u00e0nh ph\u1ea9m \u0111\u00e3 bao g\u1ed3m: tr\u1ee5 g\u1eafn b\u00f3ng, v\u1ecf b\u00f3ng, sticker n\u1ed9i dung t\u00f9y ch\u1ecdn, b\u00f3ng mini l\u1ed3ng b\u00ean trong, d\u00e2y tua rua, n\u01a1&#8230;.<\/li>\n<\/ul>\n<p><strong>Tr\u1ee5 b\u00f3ng Jumbo gi\u1ea3 bay l\u00e0 lo\u1ea1i b\u00f3ng kh\u00f4ng d\u00f9ng kh\u00ed HELIUM m\u00e0 d\u00f9ng tr\u1ee5 \u0111\u1ec3 b\u00f3ng \u0111\u1ee9ng c\u1ed1 \u0111\u1ecbnh. Ph\u00f9 h\u1ee3p v\u1edbi c\u00e1c khu v\u1ef1c kh\u00f4ng \u0111\u01b0\u1ee3c s\u1eed d\u1ee5ng kh\u00ed helium, ho\u1eb7c ngo\u00e0i tr\u1eddi nhi\u1ec1u gi\u00f3 c\u1ea7n c\u00f3 tr\u1ee5 c\u1ed1 \u0111\u1ecbnh.<\/strong><\/p>\n<p>+ B\u00f3ng Jumbo tr\u1ee5 s\u1ebd \u0111\u01b0\u1ee3c giao b\u1eb1ng grab car\/taxi, \u0111\u1ec3 gi\u1eef an to\u00e0n cho bong b\u00f3ng tr\u01b0\u1edbc th\u1eddi ti\u1ebft (n\u1eafng ho\u1eb7c m\u01b0a) gi\u00fap cho b\u00f3ng gi\u1eef \u0111\u01b0\u1ee3c m\u00e0u s\u1eafc kh\u00f4ng b\u1ecb xu\u1ed1ng m\u00e0u ho\u1eb7c b\u1ecb b\u1ec3 do va \u0111\u1eadp. \u00a0Ph\u00ed v\u1eadn chuy\u1ec3n s\u1ebd \u0111\u01b0\u1ee3c th\u00f4ng b\u00e1o khi book xe .<br \/>\n+ B\u00f3ng Jumbo \u0111\u1eb9p nh\u1ea5t t\u1eeb 8-10 gi\u1edd \u0111\u1ea7u trong th\u1eddi gian n\u00e0y b\u00f3ng s\u1ebd lu\u00f4n s\u00e1ng \u0111\u1eb9p, v\u00e0 gi\u1eef \u0111\u01b0\u1ee3c t\u1eeb 5-7 ng\u00e0y sau th\u1eadm ch\u00ed l\u00e2u h\u01a1n tu\u1ef3 v\u00e0o \u0111i\u1ec1u ki\u1ec7n b\u1ea3o qu\u1ea3n c\u1ee7a m\u00ecnh.<br \/>\n+ H\u1ea1n ch\u1ebf \u0111\u1ec3 bong b\u00f3ng \u1edf ngo\u00e0i tr\u1eddi ho\u1eb7c n\u01a1i c\u00f3 nhi\u1ec7t \u0111\u1ed9 cao, g\u1ea7n m\u1eb7t tr\u1eddi ho\u1eb7c \u00e1nh \u0111\u00e8n n\u00f3ng s\u1ebd l\u00e0m v\u1ee1 b\u00f3ng.<\/p>\n","protected":false},"excerpt":{"rendered":"<p>Chi ti\u1ebft s\u1ea3n ph\u1ea9m: B\u00f3ng Jumbo size M (24in ~ 50cm) Gi\u00e1 b\u00f3ng th\u00e0nh ph\u1ea9m \u0111\u00e3 bao g\u1ed3m: tr\u1ee5 g\u1eafn b\u00f3ng, v\u1ecf b\u00f3ng, sticker n\u1ed9i dung t\u00f9y ch\u1ecdn, b\u00f3ng mini l\u1ed3ng b\u00ean trong, d\u00e2y tua rua, n\u01a1&#8230;. Tr\u1ee5 b\u00f3ng Jumbo gi\u1ea3 bay l\u00e0 lo\u1ea1i b\u00f3ng kh\u00f4ng d\u00f9ng kh\u00ed HELIUM m\u00e0 d\u00f9ng tr\u1ee5 \u0111\u1ec3 b\u00f3ng \u0111\u1ee9ng [&hellip;]<\/p>\n","protected":false},"featured_media":11209,"comment_status":"open","ping_status":"closed","template":"","meta":[],"product_cat":[366,479],"product_tag":[],"class_list":{"0":"post-11208","1":"product","2":"type-product","3":"status-publish","4":"has-post-thumbnail","6":"product_cat-combo-bong-tru-handmade","7":"product_cat-tru-bong-jumbo-gia-bay","9":"first","10":"instock","11":"shipping-taxable","12":"purchasable","13":"product-type-simple"},"_links":{"self":[{"href":"https:\/\/chuparty.vn\/index.php?rest_route=\/wp\/v2\/product\/11208","targetHints":{"allow":["GET"]}}],"collection":[{"href":"https:\/\/chuparty.vn\/index.php?rest_route=\/wp\/v2\/product"}],"about":[{"href":"https:\/\/chuparty.vn\/index.php?rest_route=\/wp\/v2\/types\/product"}],"replies":[{"embeddable":true,"href":"https:\/\/chuparty.vn\/index.php?rest_route=%2Fwp%2Fv2%2Fcomments&post=11208"}],"wp:featuredmedia":[{"embeddable":true,"href":"https:\/\/chuparty.vn\/index.php?rest_route=\/wp\/v2\/media\/11209"}],"wp:attachment":[{"href":"https:\/\/chuparty.vn\/index.php?rest_route=%2Fwp%2Fv2%2Fmedia&parent=11208"}],"wp:term":[{"taxonomy":"product_cat","embeddable":true,"href":"https:\/\/chuparty.vn\/index.php?rest_route=%2Fwp%2Fv2%2Fproduct_cat&post=11208"},{"taxonomy":"product_tag","embeddable":true,"href":"https:\/\/chuparty.vn\/index.php?rest_route=%2Fwp%2Fv2%2Fproduct_tag&post=11208"}],"curies":[{"name":"wp","href":"https:\/\/api.w.org\/{rel}","templated":true}]}}