{"id":11174,"date":"2026-02-03T15:57:32","date_gmt":"2026-02-03T08:57:32","guid":{"rendered":"https:\/\/chuparty.vn\/?post_type=product&#038;p=11174"},"modified":"2026-02-03T15:59:35","modified_gmt":"2026-02-03T08:59:35","slug":"11174","status":"publish","type":"product","link":"https:\/\/chuparty.vn\/?product=11174","title":{"rendered":"COMBO B\u00d3NG HOA V\u00c0 B\u00c1NH M\u00c0U V\u00c0NG H\u1ed2NG"},"content":{"rendered":"<p><strong>Th\u00f4ng tin chi ti\u1ebft s\u1ea3n ph\u1ea9m:\u00a0<\/strong>Combo Hoa v\u00e0 B\u00e1nh sinh nh\u1eadt g\u1ed3m:<\/p>\n<p>* 1 B\u00f3ng b\u00e1nh sinh nh\u1eadt tone m\u00e0u v\u00e0ng h\u1ed3ng<br \/>\n* 1 B\u00f3 hoa b\u00f3ng Mixed size M tone m\u00e0u v\u00e0ng h\u1ed3ng<\/p>\n<p><strong>L\u01b0u \u00fd: KH\u00d4NG BAO G\u1ed2M STICKER CH\u1eee D\u00c1N TR\u00caN B\u00d3NG, N\u1ebeU C\u00d3 Y\u00caU C\u1ea6U H\u00c3Y LI\u00caN H\u1ec6 V\u1edaI NH\u00c2N VI\u00caN T\u01af V\u1ea4N \u0110\u1ec2 \u0110\u01af\u1ee2C B\u00c1O GI\u00c1.<\/strong><\/p>\n","protected":false},"excerpt":{"rendered":"<p>Th\u00f4ng tin chi ti\u1ebft s\u1ea3n ph\u1ea9m:\u00a0Combo Hoa v\u00e0 B\u00e1nh sinh nh\u1eadt g\u1ed3m: * 1 B\u00f3ng b\u00e1nh sinh nh\u1eadt tone m\u00e0u v\u00e0ng h\u1ed3ng * 1 B\u00f3 hoa b\u00f3ng Mixed size M tone m\u00e0u v\u00e0ng h\u1ed3ng L\u01b0u \u00fd: KH\u00d4NG BAO G\u1ed2M STICKER CH\u1eee D\u00c1N TR\u00caN B\u00d3NG, N\u1ebeU C\u00d3 Y\u00caU C\u1ea6U H\u00c3Y LI\u00caN H\u1ec6 V\u1edaI NH\u00c2N VI\u00caN T\u01af [&hellip;]<\/p>\n","protected":false},"featured_media":11175,"comment_status":"open","ping_status":"closed","template":"","meta":[],"product_cat":[107,493,450],"product_tag":[],"class_list":{"0":"post-11174","1":"product","2":"type-product","3":"status-publish","4":"has-post-thumbnail","6":"product_cat-surprise-balloon","7":"product_cat-cake-balloon","8":"product_cat-flower-bouquet","10":"first","11":"instock","12":"shipping-taxable","13":"purchasable","14":"product-type-simple"},"_links":{"self":[{"href":"https:\/\/chuparty.vn\/index.php?rest_route=\/wp\/v2\/product\/11174","targetHints":{"allow":["GET"]}}],"collection":[{"href":"https:\/\/chuparty.vn\/index.php?rest_route=\/wp\/v2\/product"}],"about":[{"href":"https:\/\/chuparty.vn\/index.php?rest_route=\/wp\/v2\/types\/product"}],"replies":[{"embeddable":true,"href":"https:\/\/chuparty.vn\/index.php?rest_route=%2Fwp%2Fv2%2Fcomments&post=11174"}],"wp:featuredmedia":[{"embeddable":true,"href":"https:\/\/chuparty.vn\/index.php?rest_route=\/wp\/v2\/media\/11175"}],"wp:attachment":[{"href":"https:\/\/chuparty.vn\/index.php?rest_route=%2Fwp%2Fv2%2Fmedia&parent=11174"}],"wp:term":[{"taxonomy":"product_cat","embeddable":true,"href":"https:\/\/chuparty.vn\/index.php?rest_route=%2Fwp%2Fv2%2Fproduct_cat&post=11174"},{"taxonomy":"product_tag","embeddable":true,"href":"https:\/\/chuparty.vn\/index.php?rest_route=%2Fwp%2Fv2%2Fproduct_tag&post=11174"}],"curies":[{"name":"wp","href":"https:\/\/api.w.org\/{rel}","templated":true}]}}