{"id":11153,"date":"2026-02-03T14:58:12","date_gmt":"2026-02-03T07:58:12","guid":{"rendered":"https:\/\/chuparty.vn\/?post_type=product&#038;p=11153"},"modified":"2026-03-17T10:15:38","modified_gmt":"2026-03-17T03:15:38","slug":"combo-bang-hoa-2d-gift-balloon","status":"publish","type":"product","link":"https:\/\/chuparty.vn\/?product=combo-bang-hoa-2d-gift-balloon","title":{"rendered":"COMBO B\u1ea2NG HOA 2D &#038; GIFT BALLOON"},"content":{"rendered":"<p><strong>B\u1ea3ng Hoa Handmade ph\u00f9 h\u1ee3p cho c\u00e1c event Khai tr\u01b0\u01a1ng, L\u1ec5 T\u1ed1t Nghi\u1ec7p, Th\u00f4i N\u00f4i, Sinh nh\u1eadt, \u0110\u1ea7y Th\u00e1ng, Baby Shower \u2026<\/strong><\/p>\n<p>Chi ti\u1ebft s\u1ea3n ph\u1ea9m, g\u1ed3m:<br \/>\n* 1 B\u1ea3ng Hoa Signboard 2D 60cm*80cm<br \/>\n* 1 B\u00f3ng Gift Balloon (Kh\u00f4ng s\u1eed d\u1ee5ng kh\u00ed helium)<br \/>\n* M\u00e0u b\u00f3ng v\u00e0 n\u1ed9i dung c\u00f3 th\u1ec3 t\u00f9y ch\u1ec9nh theo y\u00eau c\u1ea7u c\u1ee7a kh\u00e1ch h\u00e0ng.<\/p>\n<p><strong>L\u01afU \u00dd:\u00a0<\/strong><\/p>\n<p>+ Com B\u00f3ng handmade s\u1ebd \u0111\u01b0\u1ee3c giao b\u1eb1ng grab car\/taxi, \u0111\u1ec3 gi\u1eef an to\u00e0n cho bong b\u00f3ng tr\u01b0\u1edbc th\u1eddi ti\u1ebft (n\u1eafng ho\u1eb7c m\u01b0a) gi\u00fap cho b\u00f3ng gi\u1eef \u0111\u01b0\u1ee3c m\u00e0u s\u1eafc kh\u00f4ng b\u1ecb xu\u1ed1ng m\u00e0u ho\u1eb7c b\u1ecb b\u1ec3 do va \u0111\u1eadp. \u00a0Ph\u00ed v\u1eadn chuy\u1ec3n s\u1ebd \u0111\u01b0\u1ee3c th\u00f4ng b\u00e1o khi book xe .<br \/>\n+ B\u00f3ng \u0111\u1eb9p nh\u1ea5t t\u1eeb 8-12 ti\u1ebfng \u0111\u1ea7u ti\u00ean, trong th\u1eddi gian n\u00e0y b\u00f3ng s\u1ebd lu\u00f4n s\u00e1ng \u0111\u1eb9p v\u00e0 \u0111\u1ed9 bay s\u1ebd \u0111\u01b0\u1ee3c \u0111\u1ea3m b\u1ea3o t\u1ed1t nh\u1ea5t.<br \/>\n+ H\u1ea1n ch\u1ebf \u0111\u1ec3 bong b\u00f3ng \u1edf ngo\u00e0i tr\u1eddi ho\u1eb7c n\u01a1i c\u00f3 nhi\u1ec7t \u0111\u1ed9 cao, g\u1ea7n m\u1eb7t tr\u1eddi ho\u1eb7c \u00e1nh \u0111\u00e8n n\u00f3ng s\u1ebd l\u00e0m v\u1ee1 b\u00f3ng.<\/p>\n","protected":false},"excerpt":{"rendered":"<p>B\u1ea3ng Hoa Handmade ph\u00f9 h\u1ee3p cho c\u00e1c event Khai tr\u01b0\u01a1ng, L\u1ec5 T\u1ed1t Nghi\u1ec7p, Th\u00f4i N\u00f4i, Sinh nh\u1eadt, \u0110\u1ea7y Th\u00e1ng, Baby Shower \u2026 Chi ti\u1ebft s\u1ea3n ph\u1ea9m, g\u1ed3m: * 1 B\u1ea3ng Hoa Signboard 2D 60cm*80cm * 1 B\u00f3ng Gift Balloon (Kh\u00f4ng s\u1eed d\u1ee5ng kh\u00ed helium) * M\u00e0u b\u00f3ng v\u00e0 n\u1ed9i dung c\u00f3 th\u1ec3 t\u00f9y ch\u1ec9nh theo [&hellip;]<\/p>\n","protected":false},"featured_media":11156,"comment_status":"open","ping_status":"closed","template":"","meta":[],"product_cat":[521,508,213,482,247,366,107,108],"product_tag":[],"class_list":{"0":"post-11153","1":"product","2":"type-product","3":"status-publish","4":"has-post-thumbnail","6":"product_cat-bang-signboard-balloon","7":"product_cat-combo-bong-handmade","8":"product_cat-love-wedding-anniversary","9":"product_cat-bong-bay-cho-tiec-cau-hon","10":"product_cat-womens-day","11":"product_cat-combo-bong-tru-handmade","12":"product_cat-surprise-balloon","13":"product_cat-gift-balloon","15":"first","16":"instock","17":"shipping-taxable","18":"purchasable","19":"product-type-simple"},"_links":{"self":[{"href":"https:\/\/chuparty.vn\/index.php?rest_route=\/wp\/v2\/product\/11153","targetHints":{"allow":["GET"]}}],"collection":[{"href":"https:\/\/chuparty.vn\/index.php?rest_route=\/wp\/v2\/product"}],"about":[{"href":"https:\/\/chuparty.vn\/index.php?rest_route=\/wp\/v2\/types\/product"}],"replies":[{"embeddable":true,"href":"https:\/\/chuparty.vn\/index.php?rest_route=%2Fwp%2Fv2%2Fcomments&post=11153"}],"wp:featuredmedia":[{"embeddable":true,"href":"https:\/\/chuparty.vn\/index.php?rest_route=\/wp\/v2\/media\/11156"}],"wp:attachment":[{"href":"https:\/\/chuparty.vn\/index.php?rest_route=%2Fwp%2Fv2%2Fmedia&parent=11153"}],"wp:term":[{"taxonomy":"product_cat","embeddable":true,"href":"https:\/\/chuparty.vn\/index.php?rest_route=%2Fwp%2Fv2%2Fproduct_cat&post=11153"},{"taxonomy":"product_tag","embeddable":true,"href":"https:\/\/chuparty.vn\/index.php?rest_route=%2Fwp%2Fv2%2Fproduct_tag&post=11153"}],"curies":[{"name":"wp","href":"https:\/\/api.w.org\/{rel}","templated":true}]}}