{"id":11135,"date":"2026-01-29T15:57:00","date_gmt":"2026-01-29T08:57:00","guid":{"rendered":"https:\/\/chuparty.vn\/?post_type=product&#038;p=11135"},"modified":"2026-03-14T15:54:39","modified_gmt":"2026-03-14T08:54:39","slug":"bong-hinh-trai-tim-khong-lo-mau-do","status":"publish","type":"product","link":"https:\/\/chuparty.vn\/?product=bong-hinh-trai-tim-khong-lo-mau-do","title":{"rendered":"B\u00d3NG H\u00ccNH TR\u00c1I TIM KH\u1ed4NG L\u1ed2 &#8211; M\u00c0U \u0110\u1ece"},"content":{"rendered":"<p><strong>Chi ti\u1ebft s\u1ea3n ph\u1ea9m: B\u00d3NG H\u00ccNH TR\u00c1I TIM KH\u1ed4NG L\u1ed2<\/strong><\/p>\n<ul>\n<li>K\u00edch th\u01b0\u1edbc:\u00a0 63in , 69in<\/li>\n<li>M\u00e0u s\u1eafc: \u0111\u1ecf<\/li>\n<li>Ch\u1ea5t li\u1ec7u: nh\u00f4m k\u00ednh (non-latex)<\/li>\n<li>C\u00e1ch th\u1ee9c \u0111\u00f3ng g\u00f3i : 1 b\u00f3ng\/t\u00fai + \u1ed1ng h\u00fat.<br \/>\n<strong>\u2013&gt;<\/strong>\u00a0B\u00f3ng \u0111\u01b0\u1ee3c giao \u1edf tr\u1ea1ng th\u00e1i ch\u01b0a b\u01a1m, b\u00f3ng c\u00f3 th\u1ec3 b\u01a1m b\u1eb1ng m\u00e1y b\u01a1m\/b\u01a1m tay ho\u1eb7c kh\u00ed helium t\u00f9y theo nhu c\u1ea7u s\u1eed d\u1ee5ng.<br \/>\n<strong>\u2013&gt;<\/strong>\u00a0N\u1ebfu b\u1ea1n c\u00f3 nhu c\u1ea7u b\u01a1m kh\u00ed helium \u0111\u1ec3 b\u00f3ng bay, vui l\u00f2ng li\u00ean h\u1ec7 v\u1edbi nh\u00e2n vi\u00ean b\u00e1n h\u00e0ng \u0111\u1ec3 \u0111\u01b0\u1ee3c t\u01b0 v\u1ea5n v\u00e0 b\u00e1o gi\u00e1.<\/li>\n<\/ul>\n","protected":false},"excerpt":{"rendered":"<p>Chi ti\u1ebft s\u1ea3n ph\u1ea9m: B\u00d3NG H\u00ccNH TR\u00c1I TIM KH\u1ed4NG L\u1ed2 K\u00edch th\u01b0\u1edbc:\u00a0 63in , 69in M\u00e0u s\u1eafc: \u0111\u1ecf Ch\u1ea5t li\u1ec7u: nh\u00f4m k\u00ednh (non-latex) C\u00e1ch th\u1ee9c \u0111\u00f3ng g\u00f3i : 1 b\u00f3ng\/t\u00fai + \u1ed1ng h\u00fat. \u2013&gt;\u00a0B\u00f3ng \u0111\u01b0\u1ee3c giao \u1edf tr\u1ea1ng th\u00e1i ch\u01b0a b\u01a1m, b\u00f3ng c\u00f3 th\u1ec3 b\u01a1m b\u1eb1ng m\u00e1y b\u01a1m\/b\u01a1m tay ho\u1eb7c kh\u00ed helium t\u00f9y theo nhu [&hellip;]<\/p>\n","protected":false},"featured_media":11136,"comment_status":"open","ping_status":"closed","template":"","meta":[],"product_cat":[525,507,318,213,488,322,423,109,466,135,247,45,68,46],"product_tag":[],"class_list":{"0":"post-11135","1":"product","2":"type-product","3":"status-publish","4":"has-post-thumbnail","6":"product_cat-bridal-shower","7":"product_cat-dong-gia-xx","8":"product_cat-baby-shower","9":"product_cat-love-wedding-anniversary","10":"product_cat-bong-bong-trang-tri-tiec-cau-hon-cuoi-valentine-anni","11":"product_cat-christmas","12":"product_cat-bong-bong-xmas","13":"product_cat-new-year","14":"product_cat-bong-bong-new-year","15":"product_cat-new-arrival","16":"product_cat-womens-day","17":"product_cat-bong-bong","18":"product_cat-bong-nhom","19":"product_cat-bong-hinh","21":"first","22":"instock","23":"shipping-taxable","24":"product-type-simple"},"_links":{"self":[{"href":"https:\/\/chuparty.vn\/index.php?rest_route=\/wp\/v2\/product\/11135","targetHints":{"allow":["GET"]}}],"collection":[{"href":"https:\/\/chuparty.vn\/index.php?rest_route=\/wp\/v2\/product"}],"about":[{"href":"https:\/\/chuparty.vn\/index.php?rest_route=\/wp\/v2\/types\/product"}],"replies":[{"embeddable":true,"href":"https:\/\/chuparty.vn\/index.php?rest_route=%2Fwp%2Fv2%2Fcomments&post=11135"}],"wp:featuredmedia":[{"embeddable":true,"href":"https:\/\/chuparty.vn\/index.php?rest_route=\/wp\/v2\/media\/11136"}],"wp:attachment":[{"href":"https:\/\/chuparty.vn\/index.php?rest_route=%2Fwp%2Fv2%2Fmedia&parent=11135"}],"wp:term":[{"taxonomy":"product_cat","embeddable":true,"href":"https:\/\/chuparty.vn\/index.php?rest_route=%2Fwp%2Fv2%2Fproduct_cat&post=11135"},{"taxonomy":"product_tag","embeddable":true,"href":"https:\/\/chuparty.vn\/index.php?rest_route=%2Fwp%2Fv2%2Fproduct_tag&post=11135"}],"curies":[{"name":"wp","href":"https:\/\/api.w.org\/{rel}","templated":true}]}}