{"id":11100,"date":"2026-01-14T17:54:07","date_gmt":"2026-01-14T10:54:07","guid":{"rendered":"https:\/\/chuparty.vn\/?post_type=product&#038;p=11100"},"modified":"2026-03-01T14:55:49","modified_gmt":"2026-03-01T07:55:49","slug":"combo-tru-bong-handmade-jumbo-unicorn","status":"publish","type":"product","link":"https:\/\/chuparty.vn\/?product=combo-tru-bong-handmade-jumbo-unicorn","title":{"rendered":"COMBO TR\u1ee4 B\u00d3NG HANDMADE JUMBO UNICORN"},"content":{"rendered":"<p><strong>Chi ti\u1ebft s\u1ea3n ph\u1ea9m: combo tr\u1ee5 b\u00f3ng handmade jumbo unicorn<\/strong><\/p>\n<ul>\n<li><strong>1 Tr\u1ee5 b\u00f3ng handmade Jumbo &#8211; Unicorn<\/strong><br \/>\nG\u1ed3m : 1 b\u00f3ng s\u1ed1 m\u00e0u rosegold size 100cm<br \/>\n1 b\u00f3ng jumbo handmade &#8211; n\u1ed9i dung tu\u1ef3 ch\u1ecdn theo y\u00eau c\u1ea7u<br \/>\n1 b\u00f3ng unicorn mini 45cm<br \/>\nK\u00edch th\u01b0\u1edbc tr\u1ee5 b\u00f3ng handmade jumbo: 150cm*120cm (H*W)<\/li>\n<li><strong>2 Tr\u1ee5 b\u00f3ng Jumbo gi\u1ea3 bay<\/strong> &#8211; N\u1ed9i dung v\u00e0 M\u00e0u b\u00f3ng tu\u1ef3 ch\u1ecdn theo y\u00eau c\u1ea7u<br \/>\nK\u00edch th\u01b0\u1edbc tr\u1ee5 b\u00f3ng Jumbo gi\u1ea3 bay : 160cm<\/li>\n<\/ul>\n<p>+ B\u00f3ng handmade s\u1ebd \u0111\u01b0\u1ee3c giao b\u1eb1ng grab car\/taxi ho\u1eb7c xe ch\u1edf h\u00e0ng lalamove, \u0111\u1ec3 gi\u1eef an to\u00e0n cho bong b\u00f3ng tr\u01b0\u1edbc th\u1eddi ti\u1ebft (n\u1eafng ho\u1eb7c m\u01b0a) gi\u00fap cho b\u00f3ng gi\u1eef \u0111\u01b0\u1ee3c m\u00e0u s\u1eafc kh\u00f4ng b\u1ecb xu\u1ed1ng m\u00e0u ho\u1eb7c b\u1ecb b\u1ec3 do va \u0111\u1eadp. Ph\u00ed v\u1eadn chuy\u1ec3n s\u1ebd \u0111\u01b0\u1ee3c th\u00f4ng b\u00e1o khi book xe .<br \/>\n+ B\u00f3ng \u0111\u1eb9p nh\u1ea5t t\u1eeb 6-8 ti\u1ebfng \u0111\u1ea7u ti\u00ean (trong th\u1eddi gian n\u00e0y b\u00f3ng s\u1ebd lu\u00f4n s\u00e1ng \u0111\u1eb9p v\u00e0 \u0111\u1ed9 bay s\u1ebd \u0111\u01b0\u1ee3c \u0111\u1ea3m b\u1ea3o t\u1ed1t nh\u1ea5t)<br \/>\n+ H\u1ea1n ch\u1ebf \u0111\u1ec3 bong b\u00f3ng \u1edf ngo\u00e0i tr\u1eddi ho\u1eb7c n\u01a1i c\u00f3 nhi\u1ec7t \u0111\u1ed9 cao, g\u1ea7n m\u1eb7t tr\u1eddi ho\u1eb7c \u00e1nh \u0111\u00e8n n\u00f3ng s\u1ebd l\u00e0m v\u1ee1 b\u00f3ng.<\/p>\n","protected":false},"excerpt":{"rendered":"<p>Chi ti\u1ebft s\u1ea3n ph\u1ea9m: combo tr\u1ee5 b\u00f3ng handmade jumbo unicorn 1 Tr\u1ee5 b\u00f3ng handmade Jumbo &#8211; Unicorn G\u1ed3m : 1 b\u00f3ng s\u1ed1 m\u00e0u rosegold size 100cm 1 b\u00f3ng jumbo handmade &#8211; n\u1ed9i dung tu\u1ef3 ch\u1ecdn theo y\u00eau c\u1ea7u 1 b\u00f3ng unicorn mini 45cm K\u00edch th\u01b0\u1edbc tr\u1ee5 b\u00f3ng handmade jumbo: 150cm*120cm (H*W) 2 Tr\u1ee5 b\u00f3ng Jumbo [&hellip;]<\/p>\n","protected":false},"featured_media":11101,"comment_status":"open","ping_status":"closed","template":"","meta":[],"product_cat":[491,269,366,496,479],"product_tag":[],"class_list":{"0":"post-11100","1":"product","2":"type-product","3":"status-publish","4":"has-post-thumbnail","6":"product_cat-macaron","7":"product_cat-unicorn","8":"product_cat-combo-bong-tru-handmade","9":"product_cat-combo-tru-bong-handmade","10":"product_cat-tru-bong-jumbo-gia-bay","12":"first","13":"instock","14":"shipping-taxable","15":"purchasable","16":"product-type-simple"},"_links":{"self":[{"href":"https:\/\/chuparty.vn\/index.php?rest_route=\/wp\/v2\/product\/11100","targetHints":{"allow":["GET"]}}],"collection":[{"href":"https:\/\/chuparty.vn\/index.php?rest_route=\/wp\/v2\/product"}],"about":[{"href":"https:\/\/chuparty.vn\/index.php?rest_route=\/wp\/v2\/types\/product"}],"replies":[{"embeddable":true,"href":"https:\/\/chuparty.vn\/index.php?rest_route=%2Fwp%2Fv2%2Fcomments&post=11100"}],"wp:featuredmedia":[{"embeddable":true,"href":"https:\/\/chuparty.vn\/index.php?rest_route=\/wp\/v2\/media\/11101"}],"wp:attachment":[{"href":"https:\/\/chuparty.vn\/index.php?rest_route=%2Fwp%2Fv2%2Fmedia&parent=11100"}],"wp:term":[{"taxonomy":"product_cat","embeddable":true,"href":"https:\/\/chuparty.vn\/index.php?rest_route=%2Fwp%2Fv2%2Fproduct_cat&post=11100"},{"taxonomy":"product_tag","embeddable":true,"href":"https:\/\/chuparty.vn\/index.php?rest_route=%2Fwp%2Fv2%2Fproduct_tag&post=11100"}],"curies":[{"name":"wp","href":"https:\/\/api.w.org\/{rel}","templated":true}]}}