{"id":11020,"date":"2025-12-17T18:13:05","date_gmt":"2025-12-17T11:13:05","guid":{"rendered":"https:\/\/chuparty.vn\/?post_type=product&#038;p=11020"},"modified":"2026-01-15T10:34:00","modified_gmt":"2026-01-15T03:34:00","slug":"set-2-loa-day-tay-happy-new-year-horn","status":"publish","type":"product","link":"https:\/\/chuparty.vn\/?product=set-2-loa-day-tay-happy-new-year-horn","title":{"rendered":"SET 2 LOA \u0110\u1ea8Y TAY HAPPY NEW YEAR HORN"},"content":{"rendered":"<p><strong>Chi ti\u1ebft s\u1ea3n ph\u1ea9m:<\/strong> s\u1ea3n ph\u1ea9m K\u00e8n Th\u1ed5i an to\u00e0n, vui nh\u1ed9n cho m\u1ecdi bu\u1ed5i ti\u1ec7c<\/p>\n<ul>\n<li>K\u00edch th\u01b0\u1edbc:<\/li>\n<li>Ch\u1ea5t li\u1ec7u: gi\u1ea5y, nh\u1ef1a<\/li>\n<li>M\u00e0u s\u1eafc: b\u1ea1c, gold<\/li>\n<li>C\u00e1ch th\u1ee9c \u0111\u00f3ng g\u00f3i : 2 c\u00e1i\/t\u00fai<\/li>\n<\/ul>\n","protected":false},"excerpt":{"rendered":"<p>Chi ti\u1ebft s\u1ea3n ph\u1ea9m: s\u1ea3n ph\u1ea9m K\u00e8n Th\u1ed5i an to\u00e0n, vui nh\u1ed9n cho m\u1ecdi bu\u1ed5i ti\u1ec7c K\u00edch th\u01b0\u1edbc: Ch\u1ea5t li\u1ec7u: gi\u1ea5y, nh\u1ef1a M\u00e0u s\u1eafc: b\u1ea1c, gold C\u00e1ch th\u1ee9c \u0111\u00f3ng g\u00f3i : 2 c\u00e1i\/t\u00fai<\/p>\n","protected":false},"featured_media":11025,"comment_status":"open","ping_status":"closed","template":"","meta":[],"product_cat":[519,322,424,109,467],"product_tag":[],"class_list":{"0":"post-11020","1":"product","2":"type-product","3":"status-publish","4":"has-post-thumbnail","6":"product_cat-ken-coi-thoi","7":"product_cat-christmas","8":"product_cat-non-phu-kien-xmas","9":"product_cat-new-year","10":"product_cat-non-phu-kien-new-year","12":"first","13":"instock","14":"shipping-taxable","15":"purchasable","16":"product-type-simple"},"_links":{"self":[{"href":"https:\/\/chuparty.vn\/index.php?rest_route=\/wp\/v2\/product\/11020","targetHints":{"allow":["GET"]}}],"collection":[{"href":"https:\/\/chuparty.vn\/index.php?rest_route=\/wp\/v2\/product"}],"about":[{"href":"https:\/\/chuparty.vn\/index.php?rest_route=\/wp\/v2\/types\/product"}],"replies":[{"embeddable":true,"href":"https:\/\/chuparty.vn\/index.php?rest_route=%2Fwp%2Fv2%2Fcomments&post=11020"}],"wp:featuredmedia":[{"embeddable":true,"href":"https:\/\/chuparty.vn\/index.php?rest_route=\/wp\/v2\/media\/11025"}],"wp:attachment":[{"href":"https:\/\/chuparty.vn\/index.php?rest_route=%2Fwp%2Fv2%2Fmedia&parent=11020"}],"wp:term":[{"taxonomy":"product_cat","embeddable":true,"href":"https:\/\/chuparty.vn\/index.php?rest_route=%2Fwp%2Fv2%2Fproduct_cat&post=11020"},{"taxonomy":"product_tag","embeddable":true,"href":"https:\/\/chuparty.vn\/index.php?rest_route=%2Fwp%2Fv2%2Fproduct_tag&post=11020"}],"curies":[{"name":"wp","href":"https:\/\/api.w.org\/{rel}","templated":true}]}}