{"id":11008,"date":"2025-12-17T17:28:03","date_gmt":"2025-12-17T10:28:03","guid":{"rendered":"https:\/\/chuparty.vn\/?post_type=product&#038;p=11008"},"modified":"2025-12-17T17:28:04","modified_gmt":"2025-12-17T10:28:04","slug":"long-den-to-ong-tron-do-ruou-7cm","status":"publish","type":"product","link":"https:\/\/chuparty.vn\/?product=long-den-to-ong-tron-do-ruou-7cm","title":{"rendered":"L\u1ed2NG \u0110\u00c8N T\u1ed4 ONG TR\u00d2N \u0110\u1ece R\u01af\u1ee2U 7CM"},"content":{"rendered":"<p>L\u1ed3ng \u0110\u00e8n T\u1ed5 Ong \u0110\u1ecf l\u00e0 ph\u1ee5 ki\u1ec7n kh\u00f4ng th\u1ec3 thi\u1ebfu khi trang tr\u00ed cho bu\u1ed5i ti\u1ec7c tr\u1edf n\u00ean \u0111\u1ed9c \u0111\u00e1o, l\u00e3ng m\u1ea1n v\u00e0 sang tr\u1ecdng h\u01a1n.<\/p>\n<p><strong>Chi ti\u1ebft s\u1ea3n ph\u1ea9m:<\/strong><\/p>\n<ul>\n<li>K\u00edch th\u01b0\u1edbc \u0111\u01b0\u1eddng k\u00ednh : 7cm<\/li>\n<li>Ch\u1ea5t li\u1ec7u: gi\u1ea5y b\u00eca c\u1ee9ng c\u00e1p, sang tr\u1ecdng<\/li>\n<li>M\u00e0u s\u1eafc: \u0111\u1ecf r\u01b0\u1ee3u<\/li>\n<li>C\u00e1ch th\u1ee9c \u0111\u00f3ng g\u00f3i: 1 c\u00e1i\/t\u00fai<\/li>\n<\/ul>\n","protected":false},"excerpt":{"rendered":"<p>L\u1ed3ng \u0110\u00e8n T\u1ed5 Ong \u0110\u1ecf l\u00e0 ph\u1ee5 ki\u1ec7n kh\u00f4ng th\u1ec3 thi\u1ebfu khi trang tr\u00ed cho bu\u1ed5i ti\u1ec7c tr\u1edf n\u00ean \u0111\u1ed9c \u0111\u00e1o, l\u00e3ng m\u1ea1n v\u00e0 sang tr\u1ecdng h\u01a1n. Chi ti\u1ebft s\u1ea3n ph\u1ea9m: K\u00edch th\u01b0\u1edbc \u0111\u01b0\u1eddng k\u00ednh : 7cm Ch\u1ea5t li\u1ec7u: gi\u1ea5y b\u00eca c\u1ee9ng c\u00e1p, sang tr\u1ecdng M\u00e0u s\u1eafc: \u0111\u1ecf r\u01b0\u1ee3u C\u00e1ch th\u1ee9c \u0111\u00f3ng g\u00f3i: 1 c\u00e1i\/t\u00fai<\/p>\n","protected":false},"featured_media":11009,"comment_status":"open","ping_status":"closed","template":"","meta":[],"product_cat":[109,468,467],"product_tag":[],"class_list":{"0":"post-11008","1":"product","2":"type-product","3":"status-publish","4":"has-post-thumbnail","6":"product_cat-new-year","7":"product_cat-banner-garland-new-year","8":"product_cat-non-phu-kien-new-year","10":"first","11":"instock","12":"shipping-taxable","13":"purchasable","14":"product-type-simple"},"_links":{"self":[{"href":"https:\/\/chuparty.vn\/index.php?rest_route=\/wp\/v2\/product\/11008","targetHints":{"allow":["GET"]}}],"collection":[{"href":"https:\/\/chuparty.vn\/index.php?rest_route=\/wp\/v2\/product"}],"about":[{"href":"https:\/\/chuparty.vn\/index.php?rest_route=\/wp\/v2\/types\/product"}],"replies":[{"embeddable":true,"href":"https:\/\/chuparty.vn\/index.php?rest_route=%2Fwp%2Fv2%2Fcomments&post=11008"}],"wp:featuredmedia":[{"embeddable":true,"href":"https:\/\/chuparty.vn\/index.php?rest_route=\/wp\/v2\/media\/11009"}],"wp:attachment":[{"href":"https:\/\/chuparty.vn\/index.php?rest_route=%2Fwp%2Fv2%2Fmedia&parent=11008"}],"wp:term":[{"taxonomy":"product_cat","embeddable":true,"href":"https:\/\/chuparty.vn\/index.php?rest_route=%2Fwp%2Fv2%2Fproduct_cat&post=11008"},{"taxonomy":"product_tag","embeddable":true,"href":"https:\/\/chuparty.vn\/index.php?rest_route=%2Fwp%2Fv2%2Fproduct_tag&post=11008"}],"curies":[{"name":"wp","href":"https:\/\/api.w.org\/{rel}","templated":true}]}}