{"id":10966,"date":"2025-11-26T14:05:30","date_gmt":"2025-11-26T07:05:30","guid":{"rendered":"https:\/\/chuparty.vn\/?post_type=product&#038;p=10966"},"modified":"2025-12-01T15:49:46","modified_gmt":"2025-12-01T08:49:46","slug":"combo-bong-tuan-loc-xe-truot-tuyet","status":"publish","type":"product","link":"https:\/\/chuparty.vn\/?product=combo-bong-tuan-loc-xe-truot-tuyet","title":{"rendered":"COMBO B\u00d3NG TU\u1ea6N L\u1ed8C &#038; XE TR\u01af\u1ee2T TUY\u1ebeT"},"content":{"rendered":"<p><strong>Chi ti\u1ebft s\u1ea3n ph\u1ea9m: COMBO B\u00d3NG TU\u1ea6N L\u1ed8C &amp; XE TR\u01af\u1ee2T TUY\u1ebeT C\u1ee6A \u00d4NG NOEL<\/strong><\/p>\n<ul>\n<li>K\u00edch th\u01b0\u1edbc:<br \/>\nB\u00f3ng tu\u1ea7n l\u1ed9c: 83*124cm<br \/>\nXe tr\u01b0\u1ee3t tuy\u1ebft: 65*44cm<\/li>\n<li>Ch\u1ea5t li\u1ec7u: nh\u00f4m k\u00ednh<\/li>\n<li>M\u00e0u s\u1eafc: M\u00e0u tr\u1eafng ng\u00e0 &amp; \u0111\u1ecf<\/li>\n<li>Qui c\u00e1ch \u0111\u00f3ng g\u00f3i: 2 tu\u1ea7n l\u1ed9c &amp; 1 xe tr\u01b0\u1ee3t tuy\u1ebft \/t\u00fai.<br \/>\n<strong>L\u01b0u \u00fd: <\/strong>B\u00f3ng \u0111\u01b0\u1ee3c giao \u1edf tr\u1ea1ng th\u00e1i ch\u01b0a b\u01a1m, b\u00f3ng c\u00f3 th\u1ec3 b\u01a1m b\u1eb1ng m\u00e1y b\u01a1m\/b\u01a1m tay t\u00f9y theo nhu c\u1ea7u s\u1eed d\u1ee5ng. B\u00f3ng sau khi b\u01a1m s\u1ebd co l\u1ea1i kho\u1ea3ng 3-4cm so v\u1edbi k\u00edch th\u01b0\u1edbc tr\u01b0\u1edbc b\u01a1m.<\/li>\n<\/ul>\n","protected":false},"excerpt":{"rendered":"<p>Chi ti\u1ebft s\u1ea3n ph\u1ea9m: COMBO B\u00d3NG TU\u1ea6N L\u1ed8C &amp; XE TR\u01af\u1ee2T TUY\u1ebeT C\u1ee6A \u00d4NG NOEL K\u00edch th\u01b0\u1edbc: B\u00f3ng tu\u1ea7n l\u1ed9c: 83*124cm Xe tr\u01b0\u1ee3t tuy\u1ebft: 65*44cm Ch\u1ea5t li\u1ec7u: nh\u00f4m k\u00ednh M\u00e0u s\u1eafc: M\u00e0u tr\u1eafng ng\u00e0 &amp; \u0111\u1ecf Qui c\u00e1ch \u0111\u00f3ng g\u00f3i: 2 tu\u1ea7n l\u1ed9c &amp; 1 xe tr\u01b0\u1ee3t tuy\u1ebft \/t\u00fai. L\u01b0u \u00fd: B\u00f3ng \u0111\u01b0\u1ee3c giao \u1edf [&hellip;]<\/p>\n","protected":false},"featured_media":10967,"comment_status":"open","ping_status":"closed","template":"","meta":[],"product_cat":[322,423],"product_tag":[],"class_list":{"0":"post-10966","1":"product","2":"type-product","3":"status-publish","4":"has-post-thumbnail","6":"product_cat-christmas","7":"product_cat-bong-bong-xmas","9":"first","10":"instock","11":"shipping-taxable","12":"purchasable","13":"product-type-simple"},"_links":{"self":[{"href":"https:\/\/chuparty.vn\/index.php?rest_route=\/wp\/v2\/product\/10966","targetHints":{"allow":["GET"]}}],"collection":[{"href":"https:\/\/chuparty.vn\/index.php?rest_route=\/wp\/v2\/product"}],"about":[{"href":"https:\/\/chuparty.vn\/index.php?rest_route=\/wp\/v2\/types\/product"}],"replies":[{"embeddable":true,"href":"https:\/\/chuparty.vn\/index.php?rest_route=%2Fwp%2Fv2%2Fcomments&post=10966"}],"wp:featuredmedia":[{"embeddable":true,"href":"https:\/\/chuparty.vn\/index.php?rest_route=\/wp\/v2\/media\/10967"}],"wp:attachment":[{"href":"https:\/\/chuparty.vn\/index.php?rest_route=%2Fwp%2Fv2%2Fmedia&parent=10966"}],"wp:term":[{"taxonomy":"product_cat","embeddable":true,"href":"https:\/\/chuparty.vn\/index.php?rest_route=%2Fwp%2Fv2%2Fproduct_cat&post=10966"},{"taxonomy":"product_tag","embeddable":true,"href":"https:\/\/chuparty.vn\/index.php?rest_route=%2Fwp%2Fv2%2Fproduct_tag&post=10966"}],"curies":[{"name":"wp","href":"https:\/\/api.w.org\/{rel}","templated":true}]}}