{"id":10952,"date":"2025-11-25T12:29:03","date_gmt":"2025-11-25T05:29:03","guid":{"rendered":"https:\/\/chuparty.vn\/?post_type=product&#038;p=10952"},"modified":"2025-12-16T10:47:00","modified_gmt":"2025-12-16T03:47:00","slug":"non-happy-new-year-mau-moi","status":"publish","type":"product","link":"https:\/\/chuparty.vn\/?product=non-happy-new-year-mau-moi","title":{"rendered":"N\u00d3N HAPPY NEW YEAR &#8211; M\u1eaaU M\u1edaI"},"content":{"rendered":"<p><strong>Chi ti\u1ebft s\u1ea3n ph\u1ea9m:<br \/>\n<\/strong>Qui c\u00e1ch \u0111\u00f3ng g\u00f3i: 1 c\u00e1i\/t\u00fai<strong><br \/>\n<\/strong>Ch\u1ea5t li\u1ec7u: gi\u1ea5y c\u1ee9ng<br \/>\nM\u00e0u s\u1eafc: \u0111en b\u1ea1c gold<br \/>\nM\u1eabu: Ng\u00f4i sao vi\u1ec1n gold \/ b\u1ea1c, \u0110\u1ed3ng h\u1ed3 vi\u1ec1n gold\/ b\u1ea1c<br \/>\nK\u00edch th\u01b0\u1edbc: 13cm*29cm<\/p>\n","protected":false},"excerpt":{"rendered":"<p>Chi ti\u1ebft s\u1ea3n ph\u1ea9m: Qui c\u00e1ch \u0111\u00f3ng g\u00f3i: 1 c\u00e1i\/t\u00fai Ch\u1ea5t li\u1ec7u: gi\u1ea5y c\u1ee9ng M\u00e0u s\u1eafc: \u0111en b\u1ea1c gold M\u1eabu: Ng\u00f4i sao vi\u1ec1n gold \/ b\u1ea1c, \u0110\u1ed3ng h\u1ed3 vi\u1ec1n gold\/ b\u1ea1c K\u00edch th\u01b0\u1edbc: 13cm*29cm<\/p>\n","protected":false},"featured_media":10953,"comment_status":"open","ping_status":"closed","template":"","meta":[],"product_cat":[109,467],"product_tag":[],"class_list":{"0":"post-10952","1":"product","2":"type-product","3":"status-publish","4":"has-post-thumbnail","6":"product_cat-new-year","7":"product_cat-non-phu-kien-new-year","9":"first","10":"outofstock","11":"shipping-taxable","12":"purchasable","13":"product-type-simple"},"_links":{"self":[{"href":"https:\/\/chuparty.vn\/index.php?rest_route=\/wp\/v2\/product\/10952","targetHints":{"allow":["GET"]}}],"collection":[{"href":"https:\/\/chuparty.vn\/index.php?rest_route=\/wp\/v2\/product"}],"about":[{"href":"https:\/\/chuparty.vn\/index.php?rest_route=\/wp\/v2\/types\/product"}],"replies":[{"embeddable":true,"href":"https:\/\/chuparty.vn\/index.php?rest_route=%2Fwp%2Fv2%2Fcomments&post=10952"}],"wp:featuredmedia":[{"embeddable":true,"href":"https:\/\/chuparty.vn\/index.php?rest_route=\/wp\/v2\/media\/10953"}],"wp:attachment":[{"href":"https:\/\/chuparty.vn\/index.php?rest_route=%2Fwp%2Fv2%2Fmedia&parent=10952"}],"wp:term":[{"taxonomy":"product_cat","embeddable":true,"href":"https:\/\/chuparty.vn\/index.php?rest_route=%2Fwp%2Fv2%2Fproduct_cat&post=10952"},{"taxonomy":"product_tag","embeddable":true,"href":"https:\/\/chuparty.vn\/index.php?rest_route=%2Fwp%2Fv2%2Fproduct_tag&post=10952"}],"curies":[{"name":"wp","href":"https:\/\/api.w.org\/{rel}","templated":true}]}}