{"id":10931,"date":"2025-11-19T10:42:31","date_gmt":"2025-11-19T03:42:31","guid":{"rendered":"https:\/\/chuparty.vn\/?post_type=product&#038;p=10931"},"modified":"2025-11-19T10:51:29","modified_gmt":"2025-11-19T03:51:29","slug":"set-6-mat-kinh-giay-2026","status":"publish","type":"product","link":"https:\/\/chuparty.vn\/?product=set-6-mat-kinh-giay-2026","title":{"rendered":"SET 6 M\u1eaeT K\u00cdNH GI\u1ea4Y 2026"},"content":{"rendered":"<p><strong>Chi ti\u1ebft s\u1ea3n ph\u1ea9m:<br \/>\n<\/strong>Qui c\u00e1ch \u0111\u00f3ng g\u00f3i: 6 c\u00e1i\/t\u00fai<strong><br \/>\n<\/strong>Ch\u1ea5t li\u1ec7u: gi\u1ea5y c\u1ee9ng<br \/>\nM\u00e0u s\u1eafc: b\u1ea1c \u2013 gold \u2013 \u0111en<br \/>\nK\u00edch th\u01b0\u1edbc: *cm<br \/>\nM\u1eabu: c\u00f3 3 m\u1eabu s\u1eb5n A, B, C.<\/p>\n","protected":false},"excerpt":{"rendered":"<p>Chi ti\u1ebft s\u1ea3n ph\u1ea9m: Qui c\u00e1ch \u0111\u00f3ng g\u00f3i: 6 c\u00e1i\/t\u00fai Ch\u1ea5t li\u1ec7u: gi\u1ea5y c\u1ee9ng M\u00e0u s\u1eafc: b\u1ea1c \u2013 gold \u2013 \u0111en K\u00edch th\u01b0\u1edbc: *cm M\u1eabu: c\u00f3 3 m\u1eabu s\u1eb5n A, B, C.<\/p>\n","protected":false},"featured_media":10932,"comment_status":"open","ping_status":"closed","template":"","meta":[],"product_cat":[109,467],"product_tag":[],"class_list":{"0":"post-10931","1":"product","2":"type-product","3":"status-publish","4":"has-post-thumbnail","6":"product_cat-new-year","7":"product_cat-non-phu-kien-new-year","9":"first","10":"instock","11":"shipping-taxable","12":"purchasable","13":"product-type-simple"},"_links":{"self":[{"href":"https:\/\/chuparty.vn\/index.php?rest_route=\/wp\/v2\/product\/10931","targetHints":{"allow":["GET"]}}],"collection":[{"href":"https:\/\/chuparty.vn\/index.php?rest_route=\/wp\/v2\/product"}],"about":[{"href":"https:\/\/chuparty.vn\/index.php?rest_route=\/wp\/v2\/types\/product"}],"replies":[{"embeddable":true,"href":"https:\/\/chuparty.vn\/index.php?rest_route=%2Fwp%2Fv2%2Fcomments&post=10931"}],"wp:featuredmedia":[{"embeddable":true,"href":"https:\/\/chuparty.vn\/index.php?rest_route=\/wp\/v2\/media\/10932"}],"wp:attachment":[{"href":"https:\/\/chuparty.vn\/index.php?rest_route=%2Fwp%2Fv2%2Fmedia&parent=10931"}],"wp:term":[{"taxonomy":"product_cat","embeddable":true,"href":"https:\/\/chuparty.vn\/index.php?rest_route=%2Fwp%2Fv2%2Fproduct_cat&post=10931"},{"taxonomy":"product_tag","embeddable":true,"href":"https:\/\/chuparty.vn\/index.php?rest_route=%2Fwp%2Fv2%2Fproduct_tag&post=10931"}],"curies":[{"name":"wp","href":"https:\/\/api.w.org\/{rel}","templated":true}]}}