{"id":10927,"date":"2025-11-18T16:05:56","date_gmt":"2025-11-18T09:05:56","guid":{"rendered":"https:\/\/chuparty.vn\/?post_type=product&#038;p=10927"},"modified":"2025-11-18T16:05:57","modified_gmt":"2025-11-18T09:05:57","slug":"giay-nem-ao-thuat-mau-gold-hand-throw-streamer","status":"publish","type":"product","link":"https:\/\/chuparty.vn\/?product=giay-nem-ao-thuat-mau-gold-hand-throw-streamer","title":{"rendered":"GI\u1ea4Y N\u00c9M \u1ea2O THU\u1eacT M\u00c0U GOLD (HAND THROW STREAMER)"},"content":{"rendered":"<p><strong>Chi ti\u1ebft s\u1ea3n ph\u1ea9m:<\/strong> Gi\u1ea5y N\u00e9m \u1ea2o Thu\u1eadt (HAND THROW STREAMER) gi\u00fap cho bu\u1ed5i ti\u1ec7c c\u1ee7a b\u1ea1n th\u00eam ph\u1ea7n vui nh\u1ed9n v\u00e0 \u0111\u00e1ng nh\u1edb.<\/p>\n<ul>\n<li>Tr\u1ecdng L\u01b0\u1ee3ng: 32 gram<\/li>\n<li>Ch\u1ea5t li\u1ec7u: gi\u1ea5y m\u00e0u an to\u00e0n s\u1ee9c kh\u1ecfe<\/li>\n<li>M\u00e0u s\u1eafc b\u00f4ng gi\u1ea5y: m\u00e0u gold \u0111en<\/li>\n<li>C\u00e1ch th\u1ee9c \u0111\u00f3ng g\u00f3i : 1 c\u00e1i\/t\u00fai<\/li>\n<\/ul>\n","protected":false},"excerpt":{"rendered":"<p>Chi ti\u1ebft s\u1ea3n ph\u1ea9m: Gi\u1ea5y N\u00e9m \u1ea2o Thu\u1eadt (HAND THROW STREAMER) gi\u00fap cho bu\u1ed5i ti\u1ec7c c\u1ee7a b\u1ea1n th\u00eam ph\u1ea7n vui nh\u1ed9n v\u00e0 \u0111\u00e1ng nh\u1edb. Tr\u1ecdng L\u01b0\u1ee3ng: 32 gram Ch\u1ea5t li\u1ec7u: gi\u1ea5y m\u00e0u an to\u00e0n s\u1ee9c kh\u1ecfe M\u00e0u s\u1eafc b\u00f4ng gi\u1ea5y: m\u00e0u gold \u0111en C\u00e1ch th\u1ee9c \u0111\u00f3ng g\u00f3i : 1 c\u00e1i\/t\u00fai<\/p>\n","protected":false},"featured_media":10928,"comment_status":"open","ping_status":"closed","template":"","meta":[],"product_cat":[525,365,337,322,424,109,467,135,16,471],"product_tag":[],"class_list":{"0":"post-10927","1":"product","2":"type-product","3":"status-publish","4":"has-post-thumbnail","6":"product_cat-bridal-shower","7":"product_cat-graduation","8":"product_cat-grand-opening","9":"product_cat-christmas","10":"product_cat-non-phu-kien-xmas","11":"product_cat-new-year","12":"product_cat-non-phu-kien-new-year","13":"product_cat-new-arrival","14":"product_cat-phu-kien-trang-tri","15":"product_cat-phu-kien-tiec","17":"first","18":"instock","19":"shipping-taxable","20":"purchasable","21":"product-type-simple"},"_links":{"self":[{"href":"https:\/\/chuparty.vn\/index.php?rest_route=\/wp\/v2\/product\/10927","targetHints":{"allow":["GET"]}}],"collection":[{"href":"https:\/\/chuparty.vn\/index.php?rest_route=\/wp\/v2\/product"}],"about":[{"href":"https:\/\/chuparty.vn\/index.php?rest_route=\/wp\/v2\/types\/product"}],"replies":[{"embeddable":true,"href":"https:\/\/chuparty.vn\/index.php?rest_route=%2Fwp%2Fv2%2Fcomments&post=10927"}],"wp:featuredmedia":[{"embeddable":true,"href":"https:\/\/chuparty.vn\/index.php?rest_route=\/wp\/v2\/media\/10928"}],"wp:attachment":[{"href":"https:\/\/chuparty.vn\/index.php?rest_route=%2Fwp%2Fv2%2Fmedia&parent=10927"}],"wp:term":[{"taxonomy":"product_cat","embeddable":true,"href":"https:\/\/chuparty.vn\/index.php?rest_route=%2Fwp%2Fv2%2Fproduct_cat&post=10927"},{"taxonomy":"product_tag","embeddable":true,"href":"https:\/\/chuparty.vn\/index.php?rest_route=%2Fwp%2Fv2%2Fproduct_tag&post=10927"}],"curies":[{"name":"wp","href":"https:\/\/api.w.org\/{rel}","templated":true}]}}