{"id":10922,"date":"2025-11-18T11:45:08","date_gmt":"2025-11-18T04:45:08","guid":{"rendered":"https:\/\/chuparty.vn\/?post_type=product&#038;p=10922"},"modified":"2025-11-18T11:45:09","modified_gmt":"2025-11-18T04:45:09","slug":"combo-bong-giang-sinh-2025-m4","status":"publish","type":"product","link":"https:\/\/chuparty.vn\/?product=combo-bong-giang-sinh-2025-m4","title":{"rendered":"COMBO B\u00d3NG GI\u00c1NG SINH 2025 &#8211; M4"},"content":{"rendered":"<p><strong>Chi ti\u1ebft s\u1ea3n ph\u1ea9m: COMBO B\u00d3NG GI\u00c1NG SINH 2025 &#8211; M4<\/strong><\/p>\n<ul>\n<li>K\u00edch th\u01b0\u1edbc c\u00e1c b\u00f3ng trong Combo, g\u1ed3m:<br \/>\nD\u00e2y D\u00e2y ch\u1eef Merry Christmas<br \/>\nB\u00f3ng h\u00ecnh 4D Ch\u00fa L\u00ednh xanh<br \/>\nB\u00f3ng h\u00ecnh H\u1ed9p Qu\u00e0 Gi\u00e1ng Sinh<br \/>\nB\u00f3ng h\u00ecnh k\u1eb9o g\u1eady \u0111\u1ecf l\u00f9n<br \/>\nMix set 12 b\u00f3ng Noel<br \/>\nTr\u1ee5 c\u1eafm b\u00f3ng 7 nh\u00e1nh<\/li>\n<li>Ch\u1ea5t li\u1ec7u: nh\u00f4m k\u00ednh v\u00e0 gi\u1ea5y b\u00eca c\u1ee9ng.<\/li>\n<li>Qui c\u00e1ch \u0111\u00f3ng g\u00f3i: 7 pcs \/t\u00fai. B\u00f3ng \u0111\u01b0\u1ee3c giao \u1edf tr\u1ea1ng th\u00e1i ch\u01b0a b\u01a1m, b\u00f3ng c\u00f3 th\u1ec3 b\u01a1m b\u1eb1ng m\u00e1y b\u01a1m\/b\u01a1m tay t\u00f9y theo nhu c\u1ea7u s\u1eed d\u1ee5ng.<\/li>\n<\/ul>\n","protected":false},"excerpt":{"rendered":"<p>Chi ti\u1ebft s\u1ea3n ph\u1ea9m: COMBO B\u00d3NG GI\u00c1NG SINH 2025 &#8211; M4 K\u00edch th\u01b0\u1edbc c\u00e1c b\u00f3ng trong Combo, g\u1ed3m: D\u00e2y D\u00e2y ch\u1eef Merry Christmas B\u00f3ng h\u00ecnh 4D Ch\u00fa L\u00ednh xanh B\u00f3ng h\u00ecnh H\u1ed9p Qu\u00e0 Gi\u00e1ng Sinh B\u00f3ng h\u00ecnh k\u1eb9o g\u1eady \u0111\u1ecf l\u00f9n Mix set 12 b\u00f3ng Noel Tr\u1ee5 c\u1eafm b\u00f3ng 7 nh\u00e1nh Ch\u1ea5t li\u1ec7u: nh\u00f4m k\u00ednh [&hellip;]<\/p>\n","protected":false},"featured_media":7320,"comment_status":"open","ping_status":"closed","template":"","meta":[],"product_cat":[322,423],"product_tag":[],"class_list":{"0":"post-10922","1":"product","2":"type-product","3":"status-publish","4":"has-post-thumbnail","6":"product_cat-christmas","7":"product_cat-bong-bong-xmas","9":"first","10":"instock","11":"sale","12":"shipping-taxable","13":"purchasable","14":"product-type-simple"},"_links":{"self":[{"href":"https:\/\/chuparty.vn\/index.php?rest_route=\/wp\/v2\/product\/10922","targetHints":{"allow":["GET"]}}],"collection":[{"href":"https:\/\/chuparty.vn\/index.php?rest_route=\/wp\/v2\/product"}],"about":[{"href":"https:\/\/chuparty.vn\/index.php?rest_route=\/wp\/v2\/types\/product"}],"replies":[{"embeddable":true,"href":"https:\/\/chuparty.vn\/index.php?rest_route=%2Fwp%2Fv2%2Fcomments&post=10922"}],"wp:featuredmedia":[{"embeddable":true,"href":"https:\/\/chuparty.vn\/index.php?rest_route=\/wp\/v2\/media\/7320"}],"wp:attachment":[{"href":"https:\/\/chuparty.vn\/index.php?rest_route=%2Fwp%2Fv2%2Fmedia&parent=10922"}],"wp:term":[{"taxonomy":"product_cat","embeddable":true,"href":"https:\/\/chuparty.vn\/index.php?rest_route=%2Fwp%2Fv2%2Fproduct_cat&post=10922"},{"taxonomy":"product_tag","embeddable":true,"href":"https:\/\/chuparty.vn\/index.php?rest_route=%2Fwp%2Fv2%2Fproduct_tag&post=10922"}],"curies":[{"name":"wp","href":"https:\/\/api.w.org\/{rel}","templated":true}]}}