{"id":10918,"date":"2025-11-18T10:01:53","date_gmt":"2025-11-18T03:01:53","guid":{"rendered":"https:\/\/chuparty.vn\/?post_type=product&#038;p=10918"},"modified":"2025-11-18T10:06:28","modified_gmt":"2025-11-18T03:06:28","slug":"combo-bong-giang-sinh-2025-m2","status":"publish","type":"product","link":"https:\/\/chuparty.vn\/?product=combo-bong-giang-sinh-2025-m2","title":{"rendered":"COMBO B\u00d3NG GI\u00c1NG SINH 2025 &#8211; M2"},"content":{"rendered":"<p><strong>Chi ti\u1ebft s\u1ea3n ph\u1ea9m: COMBO B\u00d3NG GI\u00c1NG SINH 2025 &#8211; M2<\/strong><\/p>\n<ul>\n<li>K\u00edch th\u01b0\u1edbc c\u00e1c b\u00f3ng trong Combo, g\u1ed3m:<br \/>\nD\u00e2y Ch\u1eef Merry Christmas m\u00e0u \u0111en nh\u0169 cao c\u1ea5p<br \/>\nMix set 12 b\u00f3ng tr\u00f2n \u0111\u1ecf xanh l\u00e1 confetti gold size 25cm<br \/>\nB\u00f3ng h\u00ecnh k\u1eb9o g\u1eady \u0111\u1ecf l\u00f9n<br \/>\nB\u00f3ng h\u00ecnh \u0111\u1ea7u \u00d4ng Gi\u00e0 Noel :<br \/>\nB\u00f3ng h\u00ecnh \u0111\u1ea7u tu\u1ea7n l\u1ed9c<br \/>\nTr\u1ee5 c\u1eafm b\u00f3ng 7 nh\u00e1nh<\/li>\n<li>Ch\u1ea5t li\u1ec7u: nh\u00f4m k\u00ednh v\u00e0 gi\u1ea5y b\u00eca c\u1ee9ng.<\/li>\n<li>Qui c\u00e1ch \u0111\u00f3ng g\u00f3i: 6 pcs \/t\u00fai. B\u00f3ng \u0111\u01b0\u1ee3c giao \u1edf tr\u1ea1ng th\u00e1i ch\u01b0a b\u01a1m, b\u00f3ng c\u00f3 th\u1ec3 b\u01a1m b\u1eb1ng m\u00e1y b\u01a1m\/b\u01a1m tay t\u00f9y theo nhu c\u1ea7u s\u1eed d\u1ee5ng.<\/li>\n<\/ul>\n","protected":false},"excerpt":{"rendered":"<p>Chi ti\u1ebft s\u1ea3n ph\u1ea9m: COMBO B\u00d3NG GI\u00c1NG SINH 2025 &#8211; M2 K\u00edch th\u01b0\u1edbc c\u00e1c b\u00f3ng trong Combo, g\u1ed3m: D\u00e2y Ch\u1eef Merry Christmas m\u00e0u \u0111en nh\u0169 cao c\u1ea5p Mix set 12 b\u00f3ng tr\u00f2n \u0111\u1ecf xanh l\u00e1 confetti gold size 25cm B\u00f3ng h\u00ecnh k\u1eb9o g\u1eady \u0111\u1ecf l\u00f9n B\u00f3ng h\u00ecnh \u0111\u1ea7u \u00d4ng Gi\u00e0 Noel : B\u00f3ng h\u00ecnh \u0111\u1ea7u [&hellip;]<\/p>\n","protected":false},"featured_media":4725,"comment_status":"open","ping_status":"closed","template":"","meta":[],"product_cat":[322,423],"product_tag":[],"class_list":{"0":"post-10918","1":"product","2":"type-product","3":"status-publish","4":"has-post-thumbnail","6":"product_cat-christmas","7":"product_cat-bong-bong-xmas","9":"first","10":"instock","11":"sale","12":"shipping-taxable","13":"purchasable","14":"product-type-simple"},"_links":{"self":[{"href":"https:\/\/chuparty.vn\/index.php?rest_route=\/wp\/v2\/product\/10918","targetHints":{"allow":["GET"]}}],"collection":[{"href":"https:\/\/chuparty.vn\/index.php?rest_route=\/wp\/v2\/product"}],"about":[{"href":"https:\/\/chuparty.vn\/index.php?rest_route=\/wp\/v2\/types\/product"}],"replies":[{"embeddable":true,"href":"https:\/\/chuparty.vn\/index.php?rest_route=%2Fwp%2Fv2%2Fcomments&post=10918"}],"wp:featuredmedia":[{"embeddable":true,"href":"https:\/\/chuparty.vn\/index.php?rest_route=\/wp\/v2\/media\/4725"}],"wp:attachment":[{"href":"https:\/\/chuparty.vn\/index.php?rest_route=%2Fwp%2Fv2%2Fmedia&parent=10918"}],"wp:term":[{"taxonomy":"product_cat","embeddable":true,"href":"https:\/\/chuparty.vn\/index.php?rest_route=%2Fwp%2Fv2%2Fproduct_cat&post=10918"},{"taxonomy":"product_tag","embeddable":true,"href":"https:\/\/chuparty.vn\/index.php?rest_route=%2Fwp%2Fv2%2Fproduct_tag&post=10918"}],"curies":[{"name":"wp","href":"https:\/\/api.w.org\/{rel}","templated":true}]}}