{"id":10899,"date":"2025-11-13T15:30:14","date_gmt":"2025-11-13T08:30:14","guid":{"rendered":"https:\/\/chuparty.vn\/?post_type=product&#038;p=10899"},"modified":"2026-04-15T17:06:01","modified_gmt":"2026-04-15T10:06:01","slug":"bong-qua-cau-xanh-la-do","status":"publish","type":"product","link":"https:\/\/chuparty.vn\/?product=bong-qua-cau-xanh-la-do","title":{"rendered":"B\u00d3NG QU\u1ea2 C\u1ea6U XANH L\u00c1 \/ \u0110\u1ece"},"content":{"rendered":"<p><strong>Chi ti\u1ebft s\u1ea3n ph\u1ea9m: B\u00f3ng Qu\u1ea3 C\u1ea7u \u0110\u1ecf\/ Xanh L\u00e1 M\u1edbi 2026<\/strong><\/p>\n<ul>\n<li>K\u00edch th\u01b0\u1edbc: 22in ~ 50cm<\/li>\n<li>Ch\u1ea5t li\u1ec7u: nh\u00f4m k\u00ednh<\/li>\n<li>Qui c\u00e1ch \u0111\u00f3ng g\u00f3i: 1 b\u00f3ng\/t\u00fai.<strong>L\u01b0u \u00fd: <\/strong>B\u00f3ng \u0111\u01b0\u1ee3c giao \u1edf tr\u1ea1ng th\u00e1i ch\u01b0a b\u01a1m, b\u00f3ng c\u00f3 th\u1ec3 b\u01a1m b\u1eb1ng m\u00e1y b\u01a1m\/b\u01a1m tay t\u00f9y theo nhu c\u1ea7u s\u1eed d\u1ee5ng. Ho\u1eb7c b\u01a1m kh\u00ed Helium \u0111\u1ec3 b\u00f3ng bay, li\u00ean h\u1ec7 v\u1edbi nh\u00e2n vi\u00ean b\u00e1n h\u00e0ng \u0111\u1ec3 \u0111\u01b0\u1ee3c b\u00e1o gi\u00e1 b\u01a1m kh\u00ed.<\/li>\n<\/ul>\n","protected":false},"excerpt":{"rendered":"<p>Chi ti\u1ebft s\u1ea3n ph\u1ea9m: B\u00f3ng Qu\u1ea3 C\u1ea7u \u0110\u1ecf\/ Xanh L\u00e1 M\u1edbi 2026 K\u00edch th\u01b0\u1edbc: 22in ~ 50cm Ch\u1ea5t li\u1ec7u: nh\u00f4m k\u00ednh Qui c\u00e1ch \u0111\u00f3ng g\u00f3i: 1 b\u00f3ng\/t\u00fai.L\u01b0u \u00fd: B\u00f3ng \u0111\u01b0\u1ee3c giao \u1edf tr\u1ea1ng th\u00e1i ch\u01b0a b\u01a1m, b\u00f3ng c\u00f3 th\u1ec3 b\u01a1m b\u1eb1ng m\u00e1y b\u01a1m\/b\u01a1m tay t\u00f9y theo nhu c\u1ea7u s\u1eed d\u1ee5ng. Ho\u1eb7c b\u01a1m kh\u00ed Helium \u0111\u1ec3 [&hellip;]<\/p>\n","protected":false},"featured_media":10900,"comment_status":"open","ping_status":"closed","template":"","meta":[],"product_cat":[539,322,423,135,68,46,430],"product_tag":[],"class_list":{"0":"post-10899","1":"product","2":"type-product","3":"status-publish","4":"has-post-thumbnail","6":"product_cat-circus","7":"product_cat-christmas","8":"product_cat-bong-bong-xmas","9":"product_cat-new-arrival","10":"product_cat-bong-nhom","11":"product_cat-bong-hinh","12":"product_cat-dong-gia-30k-35k","14":"first","15":"instock","16":"shipping-taxable","17":"purchasable","18":"product-type-simple"},"_links":{"self":[{"href":"https:\/\/chuparty.vn\/index.php?rest_route=\/wp\/v2\/product\/10899","targetHints":{"allow":["GET"]}}],"collection":[{"href":"https:\/\/chuparty.vn\/index.php?rest_route=\/wp\/v2\/product"}],"about":[{"href":"https:\/\/chuparty.vn\/index.php?rest_route=\/wp\/v2\/types\/product"}],"replies":[{"embeddable":true,"href":"https:\/\/chuparty.vn\/index.php?rest_route=%2Fwp%2Fv2%2Fcomments&post=10899"}],"wp:featuredmedia":[{"embeddable":true,"href":"https:\/\/chuparty.vn\/index.php?rest_route=\/wp\/v2\/media\/10900"}],"wp:attachment":[{"href":"https:\/\/chuparty.vn\/index.php?rest_route=%2Fwp%2Fv2%2Fmedia&parent=10899"}],"wp:term":[{"taxonomy":"product_cat","embeddable":true,"href":"https:\/\/chuparty.vn\/index.php?rest_route=%2Fwp%2Fv2%2Fproduct_cat&post=10899"},{"taxonomy":"product_tag","embeddable":true,"href":"https:\/\/chuparty.vn\/index.php?rest_route=%2Fwp%2Fv2%2Fproduct_tag&post=10899"}],"curies":[{"name":"wp","href":"https:\/\/api.w.org\/{rel}","templated":true}]}}