{"id":10888,"date":"2025-11-13T11:35:25","date_gmt":"2025-11-13T04:35:25","guid":{"rendered":"https:\/\/chuparty.vn\/?post_type=product&#038;p=10888"},"modified":"2025-11-19T10:58:32","modified_gmt":"2025-11-19T03:58:32","slug":"mat-kinh-happy-new-year-do-den","status":"publish","type":"product","link":"https:\/\/chuparty.vn\/?product=mat-kinh-happy-new-year-do-den","title":{"rendered":"M\u1eaeT K\u00cdNH HAPPY NEW YEAR \u0110\u1ece \u0110EN"},"content":{"rendered":"<p><strong>Chi ti\u1ebft s\u1ea3n ph\u1ea9m:<\/strong>\u00a0M\u1eaft k\u00ednh 2026 cho bu\u1ed5i ti\u1ec7c \u0110\u00d3N N\u0102M M\u1edaI th\u00eam ph\u1ea7n s\u00f4i \u0111\u1ed9ng v\u00e0 c\u00f3 nh\u1eefng kho\u1ea3nh kh\u1eafc tuy\u1ec7t v\u1eddi!<\/p>\n<ul>\n<li>K\u00edch th\u01b0\u1edbc:<\/li>\n<li>Ch\u1ea5t li\u1ec7u:\u00a0 nh\u1ef1a,<\/li>\n<li>M\u00e0u s\u1eafc: \u0111en \u0111\u1ecf<\/li>\n<li>C\u00e1ch th\u1ee9c \u0111\u00f3ng g\u00f3i : 1 c\u00e1i\/t\u00fai<\/li>\n<\/ul>\n","protected":false},"excerpt":{"rendered":"<p>Chi ti\u1ebft s\u1ea3n ph\u1ea9m:\u00a0M\u1eaft k\u00ednh 2026 cho bu\u1ed5i ti\u1ec7c \u0110\u00d3N N\u0102M M\u1edaI th\u00eam ph\u1ea7n s\u00f4i \u0111\u1ed9ng v\u00e0 c\u00f3 nh\u1eefng kho\u1ea3nh kh\u1eafc tuy\u1ec7t v\u1eddi! K\u00edch th\u01b0\u1edbc: Ch\u1ea5t li\u1ec7u:\u00a0 nh\u1ef1a, M\u00e0u s\u1eafc: \u0111en \u0111\u1ecf C\u00e1ch th\u1ee9c \u0111\u00f3ng g\u00f3i : 1 c\u00e1i\/t\u00fai<\/p>\n","protected":false},"featured_media":10890,"comment_status":"open","ping_status":"closed","template":"","meta":[],"product_cat":[109,467],"product_tag":[],"class_list":{"0":"post-10888","1":"product","2":"type-product","3":"status-publish","4":"has-post-thumbnail","6":"product_cat-new-year","7":"product_cat-non-phu-kien-new-year","9":"first","10":"instock","11":"shipping-taxable","12":"purchasable","13":"product-type-simple"},"_links":{"self":[{"href":"https:\/\/chuparty.vn\/index.php?rest_route=\/wp\/v2\/product\/10888","targetHints":{"allow":["GET"]}}],"collection":[{"href":"https:\/\/chuparty.vn\/index.php?rest_route=\/wp\/v2\/product"}],"about":[{"href":"https:\/\/chuparty.vn\/index.php?rest_route=\/wp\/v2\/types\/product"}],"replies":[{"embeddable":true,"href":"https:\/\/chuparty.vn\/index.php?rest_route=%2Fwp%2Fv2%2Fcomments&post=10888"}],"wp:featuredmedia":[{"embeddable":true,"href":"https:\/\/chuparty.vn\/index.php?rest_route=\/wp\/v2\/media\/10890"}],"wp:attachment":[{"href":"https:\/\/chuparty.vn\/index.php?rest_route=%2Fwp%2Fv2%2Fmedia&parent=10888"}],"wp:term":[{"taxonomy":"product_cat","embeddable":true,"href":"https:\/\/chuparty.vn\/index.php?rest_route=%2Fwp%2Fv2%2Fproduct_cat&post=10888"},{"taxonomy":"product_tag","embeddable":true,"href":"https:\/\/chuparty.vn\/index.php?rest_route=%2Fwp%2Fv2%2Fproduct_tag&post=10888"}],"curies":[{"name":"wp","href":"https:\/\/api.w.org\/{rel}","templated":true}]}}