{"id":10881,"date":"2025-11-13T11:14:06","date_gmt":"2025-11-13T04:14:06","guid":{"rendered":"https:\/\/chuparty.vn\/?post_type=product&#038;p=10881"},"modified":"2025-11-18T15:55:19","modified_gmt":"2025-11-18T08:55:19","slug":"set-phu-kien-chup-hinh-new-year-2026-21pcs","status":"publish","type":"product","link":"https:\/\/chuparty.vn\/?product=set-phu-kien-chup-hinh-new-year-2026-21pcs","title":{"rendered":"SET PH\u1ee4 KI\u1ec6N CH\u1ee4P H\u00ccNH NEW YEAR 2026"},"content":{"rendered":"<p><strong>Chi ti\u1ebft s\u1ea3n ph\u1ea9m:<br \/>\n<\/strong>Qui c\u00e1ch \u0111\u00f3ng g\u00f3i: 21 m\u00f3n\/t\u00fai<strong><br \/>\n<\/strong>Ch\u1ea5t li\u1ec7u: gi\u1ea5y b\u00eca c\u1ee9ng cao c\u1ea5p<br \/>\nM\u00e0u s\u1eafc: \u0111en, b\u1ea1c, gold<br \/>\nK\u00edch th\u01b0\u1edbc: *cm<\/p>\n","protected":false},"excerpt":{"rendered":"<p>Chi ti\u1ebft s\u1ea3n ph\u1ea9m: Qui c\u00e1ch \u0111\u00f3ng g\u00f3i: 21 m\u00f3n\/t\u00fai Ch\u1ea5t li\u1ec7u: gi\u1ea5y b\u00eca c\u1ee9ng cao c\u1ea5p M\u00e0u s\u1eafc: \u0111en, b\u1ea1c, gold K\u00edch th\u01b0\u1edbc: *cm<\/p>\n","protected":false},"featured_media":10882,"comment_status":"open","ping_status":"closed","template":"","meta":[],"product_cat":[109,467],"product_tag":[],"class_list":{"0":"post-10881","1":"product","2":"type-product","3":"status-publish","4":"has-post-thumbnail","6":"product_cat-new-year","7":"product_cat-non-phu-kien-new-year","9":"first","10":"instock","11":"shipping-taxable","12":"purchasable","13":"product-type-simple"},"_links":{"self":[{"href":"https:\/\/chuparty.vn\/index.php?rest_route=\/wp\/v2\/product\/10881","targetHints":{"allow":["GET"]}}],"collection":[{"href":"https:\/\/chuparty.vn\/index.php?rest_route=\/wp\/v2\/product"}],"about":[{"href":"https:\/\/chuparty.vn\/index.php?rest_route=\/wp\/v2\/types\/product"}],"replies":[{"embeddable":true,"href":"https:\/\/chuparty.vn\/index.php?rest_route=%2Fwp%2Fv2%2Fcomments&post=10881"}],"wp:featuredmedia":[{"embeddable":true,"href":"https:\/\/chuparty.vn\/index.php?rest_route=\/wp\/v2\/media\/10882"}],"wp:attachment":[{"href":"https:\/\/chuparty.vn\/index.php?rest_route=%2Fwp%2Fv2%2Fmedia&parent=10881"}],"wp:term":[{"taxonomy":"product_cat","embeddable":true,"href":"https:\/\/chuparty.vn\/index.php?rest_route=%2Fwp%2Fv2%2Fproduct_cat&post=10881"},{"taxonomy":"product_tag","embeddable":true,"href":"https:\/\/chuparty.vn\/index.php?rest_route=%2Fwp%2Fv2%2Fproduct_tag&post=10881"}],"curies":[{"name":"wp","href":"https:\/\/api.w.org\/{rel}","templated":true}]}}