{"id":10877,"date":"2025-11-11T11:28:59","date_gmt":"2025-11-11T04:28:59","guid":{"rendered":"https:\/\/chuparty.vn\/?post_type=product&#038;p=10877"},"modified":"2025-11-11T11:31:35","modified_gmt":"2025-11-11T04:31:35","slug":"day-chu-hello-2026","status":"publish","type":"product","link":"https:\/\/chuparty.vn\/?product=day-chu-hello-2026","title":{"rendered":"D\u00c2Y CH\u1eee HELLO 2026"},"content":{"rendered":"<p><strong>Chi ti\u1ebft s\u1ea3n ph\u1ea9m<\/strong><\/p>\n<ul>\n<li>K\u00edch th\u01b0\u1edbc ch\u1eef: 17cm * 7cm<\/li>\n<li>Ch\u1ea5t li\u1ec7u: gi\u1ea5y nh\u0169 gold<\/li>\n<li>M\u00e0u s\u1eafc: GOLD<\/li>\n<li>C\u00e1ch th\u1ee9c \u0111\u00f3ng g\u00f3i : 9 K\u00dd T\u1ef0\/ t\u00fai<br \/>\n<strong>L\u01b0u \u00fd: gi\u00e1 ch\u01b0a bao g\u1ed3m D\u00e2y ch\u1eef Happy New year<\/strong><\/li>\n<\/ul>\n","protected":false},"excerpt":{"rendered":"<p>Chi ti\u1ebft s\u1ea3n ph\u1ea9m K\u00edch th\u01b0\u1edbc ch\u1eef: 17cm * 7cm Ch\u1ea5t li\u1ec7u: gi\u1ea5y nh\u0169 gold M\u00e0u s\u1eafc: GOLD C\u00e1ch th\u1ee9c \u0111\u00f3ng g\u00f3i : 9 K\u00dd T\u1ef0\/ t\u00fai L\u01b0u \u00fd: gi\u00e1 ch\u01b0a bao g\u1ed3m D\u00e2y ch\u1eef Happy New year<\/p>\n","protected":false},"featured_media":10878,"comment_status":"open","ping_status":"closed","template":"","meta":[],"product_cat":[109,468],"product_tag":[],"class_list":{"0":"post-10877","1":"product","2":"type-product","3":"status-publish","4":"has-post-thumbnail","6":"product_cat-new-year","7":"product_cat-banner-garland-new-year","9":"first","10":"instock","11":"shipping-taxable","12":"purchasable","13":"product-type-simple"},"_links":{"self":[{"href":"https:\/\/chuparty.vn\/index.php?rest_route=\/wp\/v2\/product\/10877","targetHints":{"allow":["GET"]}}],"collection":[{"href":"https:\/\/chuparty.vn\/index.php?rest_route=\/wp\/v2\/product"}],"about":[{"href":"https:\/\/chuparty.vn\/index.php?rest_route=\/wp\/v2\/types\/product"}],"replies":[{"embeddable":true,"href":"https:\/\/chuparty.vn\/index.php?rest_route=%2Fwp%2Fv2%2Fcomments&post=10877"}],"wp:featuredmedia":[{"embeddable":true,"href":"https:\/\/chuparty.vn\/index.php?rest_route=\/wp\/v2\/media\/10878"}],"wp:attachment":[{"href":"https:\/\/chuparty.vn\/index.php?rest_route=%2Fwp%2Fv2%2Fmedia&parent=10877"}],"wp:term":[{"taxonomy":"product_cat","embeddable":true,"href":"https:\/\/chuparty.vn\/index.php?rest_route=%2Fwp%2Fv2%2Fproduct_cat&post=10877"},{"taxonomy":"product_tag","embeddable":true,"href":"https:\/\/chuparty.vn\/index.php?rest_route=%2Fwp%2Fv2%2Fproduct_tag&post=10877"}],"curies":[{"name":"wp","href":"https:\/\/api.w.org\/{rel}","templated":true}]}}