{"id":10869,"date":"2025-11-04T14:55:44","date_gmt":"2025-11-04T07:55:44","guid":{"rendered":"https:\/\/chuparty.vn\/?post_type=product&#038;p=10869"},"modified":"2025-11-04T14:58:45","modified_gmt":"2025-11-04T07:58:45","slug":"bang-hoa-signboard-3d-happy-halloween","status":"publish","type":"product","link":"https:\/\/chuparty.vn\/?product=bang-hoa-signboard-3d-happy-halloween","title":{"rendered":"B\u1ea2NG HOA SIGNBOARD 3D HAPPY HALLOWEEN"},"content":{"rendered":"<p><strong>B\u1ea3ng Signboard Balloon 3D ph\u00f9 h\u1ee3p cho c\u00e1c event Khai tr\u01b0\u01a1ng, L\u1ec5 T\u1ed1t Nghi\u1ec7p, Th\u00f4i N\u00f4i, Sinh nh\u1eadt, \u0110\u1ea7y Th\u00e1ng, Baby Shower \u2026<br \/>\n<\/strong><strong>Chi ti\u1ebft s\u1ea3n ph\u1ea9m, g\u1ed3m:<br \/>\n<\/strong>* 1 B\u1ea3ng Signboard k\u00edch th\u01b0\u1edbc 60cm*80cm n\u1ed9i dung &amp; m\u00e0u b\u00f3ng t\u00f9y ch\u1ecdn theo y\u00eau c\u1ea7u.<br \/>\n* t\u00f9y ch\u1ecdn hoa (mix, tulip, daisy, rose) v\u00e0 m\u00e0u hoa<br \/>\n<strong>L\u01afU \u00dd: GI\u00c1 B\u1ea2NG HOA CH\u01afA BAO G\u1ed2M CH\u00c2N G\u1ed6<br \/>\n<\/strong>+ B\u00f3ng Jumbo\/ b\u00f3ng bay s\u1ebd \u0111\u01b0\u1ee3c giao b\u1eb1ng grab car\/taxi, \u0111\u1ec3 gi\u1eef an to\u00e0n cho bong b\u00f3ng tr\u01b0\u1edbc th\u1eddi ti\u1ebft (n\u1eafng ho\u1eb7c m\u01b0a) gi\u00fap cho b\u00f3ng gi\u1eef \u0111\u01b0\u1ee3c m\u00e0u s\u1eafc kh\u00f4ng b\u1ecb xu\u1ed1ng m\u00e0u ho\u1eb7c b\u1ecb b\u1ec3 do va \u0111\u1eadp. \u00a0Ph\u00ed v\u1eadn chuy\u1ec3n s\u1ebd \u0111\u01b0\u1ee3c th\u00f4ng b\u00e1o khi book xe .<br \/>\n+ B\u00f3ng Jumbo\/ b\u00f3ng bay \u0111\u1eb9p nh\u1ea5t t\u1eeb 6-8 ti\u1ebfng \u0111\u1ea7u (trong th\u1eddi gian n\u00e0y b\u00f3ng s\u1ebd lu\u00f4n s\u00e1ng \u0111\u1eb9p v\u00e0 \u0111\u1ed9 bay s\u1ebd \u0111\u01b0\u1ee3c \u0111\u1ea3m b\u1ea3o t\u1ed1t nh\u1ea5t.<br \/>\n+ H\u1ea1n ch\u1ebf \u0111\u1ec3 bong b\u00f3ng \u1edf ngo\u00e0i tr\u1eddi ho\u1eb7c n\u01a1i c\u00f3 nhi\u1ec7t \u0111\u1ed9 cao, g\u1ea7n m\u1eb7t tr\u1eddi ho\u1eb7c \u00e1nh \u0111\u00e8n n\u00f3ng s\u1ebd l\u00e0m v\u1ee1 b\u00f3ng.<\/p>\n","protected":false},"excerpt":{"rendered":"<p>B\u1ea3ng Signboard Balloon 3D ph\u00f9 h\u1ee3p cho c\u00e1c event Khai tr\u01b0\u01a1ng, L\u1ec5 T\u1ed1t Nghi\u1ec7p, Th\u00f4i N\u00f4i, Sinh nh\u1eadt, \u0110\u1ea7y Th\u00e1ng, Baby Shower \u2026 Chi ti\u1ebft s\u1ea3n ph\u1ea9m, g\u1ed3m: * 1 B\u1ea3ng Signboard k\u00edch th\u01b0\u1edbc 60cm*80cm n\u1ed9i dung &amp; m\u00e0u b\u00f3ng t\u00f9y ch\u1ecdn theo y\u00eau c\u1ea7u. * t\u00f9y ch\u1ecdn hoa (mix, tulip, daisy, rose) v\u00e0 m\u00e0u [&hellip;]<\/p>\n","protected":false},"featured_media":10870,"comment_status":"open","ping_status":"closed","template":"","meta":[],"product_cat":[521,324,459,366,107],"product_tag":[],"class_list":{"0":"post-10869","1":"product","2":"type-product","3":"status-publish","4":"has-post-thumbnail","6":"product_cat-bang-signboard-balloon","7":"product_cat-halloween","8":"product_cat-bong-bong-halloween","9":"product_cat-combo-bong-tru-handmade","10":"product_cat-surprise-balloon","12":"first","13":"instock","14":"shipping-taxable","15":"purchasable","16":"product-type-simple"},"_links":{"self":[{"href":"https:\/\/chuparty.vn\/index.php?rest_route=\/wp\/v2\/product\/10869","targetHints":{"allow":["GET"]}}],"collection":[{"href":"https:\/\/chuparty.vn\/index.php?rest_route=\/wp\/v2\/product"}],"about":[{"href":"https:\/\/chuparty.vn\/index.php?rest_route=\/wp\/v2\/types\/product"}],"replies":[{"embeddable":true,"href":"https:\/\/chuparty.vn\/index.php?rest_route=%2Fwp%2Fv2%2Fcomments&post=10869"}],"wp:featuredmedia":[{"embeddable":true,"href":"https:\/\/chuparty.vn\/index.php?rest_route=\/wp\/v2\/media\/10870"}],"wp:attachment":[{"href":"https:\/\/chuparty.vn\/index.php?rest_route=%2Fwp%2Fv2%2Fmedia&parent=10869"}],"wp:term":[{"taxonomy":"product_cat","embeddable":true,"href":"https:\/\/chuparty.vn\/index.php?rest_route=%2Fwp%2Fv2%2Fproduct_cat&post=10869"},{"taxonomy":"product_tag","embeddable":true,"href":"https:\/\/chuparty.vn\/index.php?rest_route=%2Fwp%2Fv2%2Fproduct_tag&post=10869"}],"curies":[{"name":"wp","href":"https:\/\/api.w.org\/{rel}","templated":true}]}}