{"id":10858,"date":"2025-10-21T11:48:06","date_gmt":"2025-10-21T04:48:06","guid":{"rendered":"https:\/\/chuparty.vn\/?post_type=product&#038;p=10858"},"modified":"2025-10-21T11:59:28","modified_gmt":"2025-10-21T04:59:28","slug":"mo-hinh-bo-xuong-halloween-40cm","status":"publish","type":"product","link":"https:\/\/chuparty.vn\/?product=mo-hinh-bo-xuong-halloween-40cm","title":{"rendered":"M\u00d4 H\u00ccNH B\u1ed8 X\u01af\u01a0NG HALLOWEEN 40CM"},"content":{"rendered":"<p><strong>Chi ti\u1ebft s\u1ea3n ph\u1ea9m:<\/strong><\/p>\n<ul>\n<li>K\u00edch th\u01b0\u1edbc: 40cm<\/li>\n<li>Ch\u1ea5t li\u1ec7u: nh\u1ef1a<\/li>\n<li>Qui c\u00e1ch \u0111\u00f3ng g\u00f3i: 1 b\u1ed9 \/ t\u00fai<\/li>\n<li>M\u00e0u s\u1eafc: m\u00e0u tr\u1eafng<br \/>\n<strong>\u2013&gt;<\/strong>\u00a0L\u01afU \u00dd:<\/li>\n<\/ul>\n","protected":false},"excerpt":{"rendered":"<p>Chi ti\u1ebft s\u1ea3n ph\u1ea9m: K\u00edch th\u01b0\u1edbc: 40cm Ch\u1ea5t li\u1ec7u: nh\u1ef1a Qui c\u00e1ch \u0111\u00f3ng g\u00f3i: 1 b\u1ed9 \/ t\u00fai M\u00e0u s\u1eafc: m\u00e0u tr\u1eafng \u2013&gt;\u00a0L\u01afU \u00dd:<\/p>\n","protected":false},"featured_media":10859,"comment_status":"open","ping_status":"closed","template":"","meta":[],"product_cat":[324,460],"product_tag":[],"class_list":{"0":"post-10858","1":"product","2":"type-product","3":"status-publish","4":"has-post-thumbnail","6":"product_cat-halloween","7":"product_cat-phu-kien-halloween","9":"first","10":"instock","11":"shipping-taxable","12":"purchasable","13":"product-type-simple"},"_links":{"self":[{"href":"https:\/\/chuparty.vn\/index.php?rest_route=\/wp\/v2\/product\/10858","targetHints":{"allow":["GET"]}}],"collection":[{"href":"https:\/\/chuparty.vn\/index.php?rest_route=\/wp\/v2\/product"}],"about":[{"href":"https:\/\/chuparty.vn\/index.php?rest_route=\/wp\/v2\/types\/product"}],"replies":[{"embeddable":true,"href":"https:\/\/chuparty.vn\/index.php?rest_route=%2Fwp%2Fv2%2Fcomments&post=10858"}],"wp:featuredmedia":[{"embeddable":true,"href":"https:\/\/chuparty.vn\/index.php?rest_route=\/wp\/v2\/media\/10859"}],"wp:attachment":[{"href":"https:\/\/chuparty.vn\/index.php?rest_route=%2Fwp%2Fv2%2Fmedia&parent=10858"}],"wp:term":[{"taxonomy":"product_cat","embeddable":true,"href":"https:\/\/chuparty.vn\/index.php?rest_route=%2Fwp%2Fv2%2Fproduct_cat&post=10858"},{"taxonomy":"product_tag","embeddable":true,"href":"https:\/\/chuparty.vn\/index.php?rest_route=%2Fwp%2Fv2%2Fproduct_tag&post=10858"}],"curies":[{"name":"wp","href":"https:\/\/api.w.org\/{rel}","templated":true}]}}